{"id":9702,"date":"2024-05-22T07:26:31","date_gmt":"2024-05-22T05:26:31","guid":{"rendered":"https:\/\/moby-port.com\/?page_id=9702"},"modified":"2025-03-12T10:20:55","modified_gmt":"2025-03-12T09:20:55","slug":"charter-di-elicotteri","status":"publish","type":"page","link":"https:\/\/moby-port.com\/it\/charter-di-elicotteri\/","title":{"rendered":"Charter di elicotteri"},"content":{"rendered":"\n<style type=\"text\/css\" data-created_by=\"avia_inline_auto\" id=\"style-css-av-av_section-b35d4eeef4e4b0feef9e4caafe3b8d41\">\n.avia-section.av-av_section-b35d4eeef4e4b0feef9e4caafe3b8d41{\nbackground-color:#ffffff;\nbackground-image:url(https:\/\/moby-port.com\/wp-content\/uploads\/2024\/05\/Helicopter.jpg);\nbackground-repeat:no-repeat;\nbackground-position:0% 0%;\nbackground-attachment:scroll;\n}\n<\/style>\n<div id='av_section_1'  class='avia-section av-av_section-b35d4eeef4e4b0feef9e4caafe3b8d41 main_color avia-section-default avia-no-border-styling  avia-builder-el-0  avia-builder-el-no-sibling  avia-full-stretch avia-bg-style-scroll container_wrap sidebar_right'  data-section-bg-repeat='stretch'><div class='container av-section-cont-open' ><main  role=\"main\" itemprop=\"mainContentOfPage\"  class='template-page content  av-content-small alpha units'><div class='post-entry post-entry-type-page post-entry-9702'><div class='entry-content-wrapper clearfix'>\n\n<style type=\"text\/css\" data-created_by=\"avia_inline_auto\" id=\"style-css-av-m866ql93-15ae149e64cd9e897e2e3633091ecfea\">\n#top .av-special-heading.av-m866ql93-15ae149e64cd9e897e2e3633091ecfea{\npadding-bottom:10px;\ncolor:#ffffff;\n}\nbody .av-special-heading.av-m866ql93-15ae149e64cd9e897e2e3633091ecfea .av-special-heading-tag .heading-char{\nfont-size:25px;\n}\n.av-special-heading.av-m866ql93-15ae149e64cd9e897e2e3633091ecfea .special-heading-inner-border{\nborder-color:#ffffff;\n}\n.av-special-heading.av-m866ql93-15ae149e64cd9e897e2e3633091ecfea .av-subheading{\nfont-size:15px;\n}\n<\/style>\n<div  class='av-special-heading av-m866ql93-15ae149e64cd9e897e2e3633091ecfea av-special-heading-h1 custom-color-heading blockquote classic-quote  avia-builder-el-1  el_before_av_hr  avia-builder-el-first  av-linked-heading'><h1 class='av-special-heading-tag '  itemprop=\"headline\"  >Charter di elicotteri<\/h1><div class=\"special-heading-border\"><div class=\"special-heading-inner-border\"><\/div><\/div><\/div>\n<div  class='hr av-av_hr-bee3e0d805873ac154ce0cd1251acf1b hr-short  avia-builder-el-2  el_after_av_heading  el_before_av_one_fourth  hr-center'><span class='hr-inner '><span class=\"hr-inner-style\"><\/span><\/span><\/div>\n<div  class='flex_column av-av_one_fourth-a2cef933b0a555f25d1e39b22a8e9dae av_one_fourth  avia-builder-el-3  el_after_av_hr  el_before_av_one_half  first flex_column_div  '     ><\/div>\n<style type=\"text\/css\" data-created_by=\"avia_inline_auto\" id=\"style-css-av-av_one_half-c94cef227f8392b465345b114b0f8dd8\">\n.flex_column.av-av_one_half-c94cef227f8392b465345b114b0f8dd8{\nborder-radius:5px 5px 5px 5px;\npadding:30px 30px 30px 30px;\nbackground-color:rgba(0,0,0,0.45);\n}\n<\/style>\n<div  class='flex_column av-av_one_half-c94cef227f8392b465345b114b0f8dd8 av_one_half  avia-builder-el-4  el_after_av_one_fourth  el_before_av_one_fourth  flex_column_div  '     ><p>\n<style type=\"text\/css\" data-created_by=\"avia_inline_auto\" id=\"style-css-av-m866rdga-cab7356b747e4bdcc28c184e31e83d6b\">\n#top .av_textblock_section.av-m866rdga-cab7356b747e4bdcc28c184e31e83d6b .avia_textblock{\nfont-size:15px;\ncolor:#ffffff;\n}\n<\/style>\n<section  class='av_textblock_section av-m866rdga-cab7356b747e4bdcc28c184e31e83d6b '   itemscope=\"itemscope\" itemtype=\"https:\/\/schema.org\/CreativeWork\" ><div class='avia_textblock av_inherit_color'  itemprop=\"text\" ><p>Uniamo individualit\u00e0, velocit\u00e0 e flessibilit\u00e0 e vi portiamo direttamente a destinazione senza deviazioni!<\/p>\n<p>I vostri vantaggi quando viaggiate con noi<\/p>\n<ul>\n<li>Percorsi brevi dal vostro veicolo al jet o elicottero via General Aviation Terminal<\/li>\n<li>Nessuna coda prima dei controlli di sicurezza e del check-in<\/li>\n<li>Riduzione dei contatti rispetto alla normale permanenza in aeroporto<\/li>\n<li>Relax nella VIP Lounge<\/li>\n<li>Trasferimento diretto al vostro jet e\/o elicottero<\/li>\n<li>Risparmio di tempo prezioso durante l&#8217;intero viaggio<\/li>\n<\/ul>\n<p>Pianificate con la certezza che risponderemo sempre in modo flessibile alle vostre esigenze individuali.<\/p>\n<p>Gli standard elevati assicurano che non vi manchi nulla a bordo con noi. Su ogni volo offriamo il servizio, l&#8217;intrattenimento e il catering collaudati, anche con i nostri partner Jet in tutto il mondo, su misura per le vostre esigenze!<\/p>\n<\/div><\/section><br \/>\n<div  class='avia-button-wrap avia-button-center  avia-builder-el-6  el_after_av_textblock  avia-builder-el-last '>\n<style type=\"text\/css\" data-created_by=\"avia_inline_auto\" id=\"style-css-av-m866ry43-b967e6afe8216ee9986353c42a7a8256\">\n#top #wrap_all .avia-button.av-m866ry43-b967e6afe8216ee9986353c42a7a8256{\nfont-size:14px;\n}\n#top #wrap_all .avia-button.av-m866ry43-b967e6afe8216ee9986353c42a7a8256:hover{\nbackground-color:grey;\ncolor:white;\ntransition:all 0.4s ease-in-out;\n}\n#top #wrap_all .avia-button.av-m866ry43-b967e6afe8216ee9986353c42a7a8256:hover .avia-svg-icon svg:first-child{\nfill:white;\nstroke:white;\n}\n<\/style>\n<a href='https:\/\/moby-port.com\/it\/richiesta-di-charter\/' class='avia-color-light avia-font-color-theme-color avia-button avia-button-fullwidth av-m866ry43-b967e6afe8216ee9986353c42a7a8256 avia-icon_select-no avia-color-light'   aria-label=\"Richiesta charter\"><span class='avia_iconbox_title' >Richiesta charter<\/span><\/a><\/div><\/p><\/div><div  class='flex_column av-av_one_fourth-538dd737667e19053994a94b9156413b av_one_fourth  avia-builder-el-7  el_after_av_one_half  avia-builder-el-last  flex_column_div  '     ><\/div><\/div><\/div><\/main><!-- close content main element --><\/div><\/div><div id='after_section_1'  class='main_color av_default_container_wrap container_wrap sidebar_right'  ><div class='container av-section-cont-open' ><div class='template-page content  av-content-small alpha units'><div class='post-entry post-entry-type-page post-entry-9702'><div class='entry-content-wrapper clearfix'>\n","protected":false},"excerpt":{"rendered":"","protected":false},"author":1,"featured_media":0,"parent":0,"menu_order":0,"comment_status":"closed","ping_status":"closed","template":"","meta":{"footnotes":""},"class_list":["post-9702","page","type-page","status-publish","hentry"],"_links":{"self":[{"href":"https:\/\/moby-port.com\/it\/wp-json\/wp\/v2\/pages\/9702","targetHints":{"allow":["GET"]}}],"collection":[{"href":"https:\/\/moby-port.com\/it\/wp-json\/wp\/v2\/pages"}],"about":[{"href":"https:\/\/moby-port.com\/it\/wp-json\/wp\/v2\/types\/page"}],"author":[{"embeddable":true,"href":"https:\/\/moby-port.com\/it\/wp-json\/wp\/v2\/users\/1"}],"replies":[{"embeddable":true,"href":"https:\/\/moby-port.com\/it\/wp-json\/wp\/v2\/comments?post=9702"}],"version-history":[{"count":0,"href":"https:\/\/moby-port.com\/it\/wp-json\/wp\/v2\/pages\/9702\/revisions"}],"wp:attachment":[{"href":"https:\/\/moby-port.com\/it\/wp-json\/wp\/v2\/media?parent=9702"}],"curies":[{"name":"wp","href":"https:\/\/api.w.org\/{rel}","templated":true}]}}