{"id":9479,"date":"2026-03-20T20:19:22","date_gmt":"2026-03-20T19:19:22","guid":{"rendered":"https:\/\/moby-port.com\/?page_id=9479"},"modified":"2026-03-25T15:23:59","modified_gmt":"2026-03-25T14:23:59","slug":"hseq-it","status":"publish","type":"page","link":"https:\/\/moby-port.com\/it\/hseq-it\/","title":{"rendered":"HSEQ"},"content":{"rendered":"<div  class='hr av-av_hr-91d7ccd583a503147498e120fee2ff9b hr-default  avia-builder-el-0  el_before_av_heading  avia-builder-el-first '><span class='hr-inner '><span class=\"hr-inner-style\"><\/span><\/span><\/div>\n\n<style type=\"text\/css\" data-created_by=\"avia_inline_auto\" id=\"style-css-av-av_heading-1ab3b22414bbc44e60d2d7ef2c81c41d\">\n#top .av-special-heading.av-av_heading-1ab3b22414bbc44e60d2d7ef2c81c41d{\npadding-bottom:10px;\n}\nbody .av-special-heading.av-av_heading-1ab3b22414bbc44e60d2d7ef2c81c41d .av-special-heading-tag .heading-char{\nfont-size:25px;\n}\n.av-special-heading.av-av_heading-1ab3b22414bbc44e60d2d7ef2c81c41d .av-subheading{\nfont-size:15px;\n}\n<\/style>\n<div  class='av-special-heading av-av_heading-1ab3b22414bbc44e60d2d7ef2c81c41d av-special-heading-h3  avia-builder-el-1  el_after_av_hr  el_before_av_hr '><h3 class='av-special-heading-tag '  itemprop=\"headline\"  >HSEQ<\/h3><div class=\"special-heading-border\"><div class=\"special-heading-inner-border\"><\/div><\/div><\/div>\n<div  class='hr av-av_hr-91d7ccd583a503147498e120fee2ff9b hr-default  avia-builder-el-2  el_after_av_heading  el_before_av_textblock '><span class='hr-inner '><span class=\"hr-inner-style\"><\/span><\/span><\/div>\n<section  class='av_textblock_section av-lwcgcqf7-b7224988e6543e1c0db2b1ffabada84f '   itemscope=\"itemscope\" itemtype=\"https:\/\/schema.org\/CreativeWork\" ><div class='avia_textblock'  itemprop=\"text\" ><p>Garantire salute, sicurezza, protezione ambientale e qualit\u00e0 (HSEQ) \u00e8 una priorit\u00e0 per \u201c Moby Port Service Enterprise\u201d in tutte le aree delle sue operazioni. Per raggiungere questi obiettivi, &#8221; Moby Port Service Enterprise&#8221; lavora in stretta conformit\u00e0 con i requisiti della legislazione internazionale ed europea.<\/p>\n<p>In qualit\u00e0 di azienda e uno dei principali fornitori di servizi, &#8221; Moby Port Service Enterprise&#8221; \u00e8 consapevole della natura e della portata del proprio impatto commerciale. Consideriamo nostro dovere garantire condizioni di lavoro sicure per dipendenti e partner, nonch\u00e9 garantire il regolare funzionamento degli impianti e ridurre al minimo l\u2019impronta ecologica.<\/p>\n<p>La tutela dell\u2019ambiente \u00e8 parte essenziale della cultura aziendale e della responsabilit\u00e0 sociale di \u201c Moby Port Service Enterprise\u201d. Consideriamo il nostro obiettivo principale la gestione efficace e la minimizzazione dell&#8217;impatto delle nostre attivit\u00e0 produttive sull&#8217;ambiente, nonch\u00e9 la conservazione a beneficio delle generazioni attuali e future.<\/p>\n<\/div><\/section>\n","protected":false},"excerpt":{"rendered":"","protected":false},"author":1,"featured_media":0,"parent":0,"menu_order":0,"comment_status":"closed","ping_status":"closed","template":"","meta":{"footnotes":""},"class_list":["post-9479","page","type-page","status-publish","hentry"],"_links":{"self":[{"href":"https:\/\/moby-port.com\/it\/wp-json\/wp\/v2\/pages\/9479","targetHints":{"allow":["GET"]}}],"collection":[{"href":"https:\/\/moby-port.com\/it\/wp-json\/wp\/v2\/pages"}],"about":[{"href":"https:\/\/moby-port.com\/it\/wp-json\/wp\/v2\/types\/page"}],"author":[{"embeddable":true,"href":"https:\/\/moby-port.com\/it\/wp-json\/wp\/v2\/users\/1"}],"replies":[{"embeddable":true,"href":"https:\/\/moby-port.com\/it\/wp-json\/wp\/v2\/comments?post=9479"}],"version-history":[{"count":0,"href":"https:\/\/moby-port.com\/it\/wp-json\/wp\/v2\/pages\/9479\/revisions"}],"wp:attachment":[{"href":"https:\/\/moby-port.com\/it\/wp-json\/wp\/v2\/media?parent=9479"}],"curies":[{"name":"wp","href":"https:\/\/api.w.org\/{rel}","templated":true}]}}