{"id":191,"date":"2026-03-20T20:48:08","date_gmt":"2026-03-20T19:48:08","guid":{"rendered":"https:\/\/matti.compagnia-navigazione.com\/?page_id=191"},"modified":"2025-12-09T13:33:50","modified_gmt":"2025-12-09T12:33:50","slug":"missione-visione-valori","status":"publish","type":"page","link":"https:\/\/moby-port.com\/it\/missione-visione-valori\/","title":{"rendered":"Missione Visione Valori"},"content":{"rendered":"<div id='full_slider_1'  class='avia-fullwidth-slider main_color avia-shadow   avia-builder-el-0  el_before_av_icon_box  avia-builder-el-first   container_wrap sidebar_right'  ><div  class='avia-slideshow av-lcvw9hhr-f1b0481aa9ca2a5acdb1d6d0d1845f1b avia-slideshow-entry_without_sidebar av_slideshow_full avia-slide-slider av-slideshow-ui av-control-default av-slideshow-manual av-loop-once av-loop-manual-endless av-default-height-applied   avia-slideshow-1' data-slideshow-options=\"{&quot;animation&quot;:&quot;slide&quot;,&quot;autoplay&quot;:false,&quot;loop_autoplay&quot;:&quot;once&quot;,&quot;interval&quot;:5,&quot;loop_manual&quot;:&quot;manual-endless&quot;,&quot;autoplay_stopper&quot;:false,&quot;noNavigation&quot;:false,&quot;bg_slider&quot;:false,&quot;keep_padding&quot;:false,&quot;hoverpause&quot;:false,&quot;show_slide_delay&quot;:0}\"  itemprop=\"image\" itemscope=\"itemscope\" itemtype=\"https:\/\/schema.org\/ImageObject\" ><ul class='avia-slideshow-inner ' style='padding-bottom: 14.876033057851%;'><li  class='avia-slideshow-slide av-lcvw9hhr-f1b0481aa9ca2a5acdb1d6d0d1845f1b__0  av-single-slide slide-1 slide-odd'><div data-rel='slideshow-1' class='avia-slide-wrap '   ><div class='av-slideshow-caption av-lcvw9hhr-f1b0481aa9ca2a5acdb1d6d0d1845f1b__0 caption_fullwidth caption_bottom caption_bottom_framed caption_framed'><div class=\"container caption_container\"><div class=\"slideshow_caption\"><div class=\"slideshow_inner_caption\"><div class=\"slideshow_align_caption\"><h2 class='avia-caption-title '  itemprop=\"name\" >Missione Visione Valori<\/h2><div class='avia-caption-content '  itemprop=\"description\" ><p>Ci\u00f2 in cui crediamo<\/p>\n<\/div><\/div><\/div><\/div><\/div><\/div><img decoding=\"async\" fetchpriority=\"high\" class=\"wp-image-138154 avia-img-lazy-loading-not-138154\"  src=\"https:\/\/moby-port.com\/wp-content\/uploads\/2025\/12\/Mission-0002-1210x180.jpg\" width=\"1210\" height=\"180\" title='Mission 0002' alt=''  itemprop=\"thumbnailUrl\"   \/><\/div><\/li><\/ul><\/div><\/div><div id='after_full_slider_1'  class='main_color av_default_container_wrap container_wrap sidebar_right'  ><div class='container av-section-cont-open' ><div class='template-page content  av-content-small alpha units'><div class='post-entry post-entry-type-page post-entry-191'><div class='entry-content-wrapper clearfix'>\n\n<style type=\"text\/css\" data-created_by=\"avia_inline_auto\" id=\"style-css-av-lcvwatsj-051aeb9b23347d367e203c938d3d2462\">\n.iconbox.av-lcvwatsj-051aeb9b23347d367e203c938d3d2462 .iconbox_icon{\nbackground-color:#ffffff;\n}\n.iconbox.av-lcvwatsj-051aeb9b23347d367e203c938d3d2462 .iconbox_content_container{\nfont-size:14px;\n}\n<\/style>\n<article  class='iconbox iconbox_top av-lcvwatsj-051aeb9b23347d367e203c938d3d2462  avia-builder-el-1  el_after_av_slideshow_full  el_before_av_icon_box  avia-builder-el-first  main_color'  itemscope=\"itemscope\" itemtype=\"https:\/\/schema.org\/CreativeWork\" ><div class=\"iconbox_content\"><header class=\"entry-content-header\" aria-label=\"Icona: MISSIONE\"><div class='iconbox_icon heading-color avia-iconfont avia-font-entypo-fontello' data-av_icon='\ue845' data-av_iconfont='entypo-fontello'  ><\/div><h3 class='iconbox_content_title '  itemprop=\"headline\" >MISSIONE<\/h3><\/header><div class='iconbox_content_container '  itemprop=\"text\" ><p>La nostra missione \u00e8 quella di offrire ai nostri partner commerciali e clienti un servizio perfetto, implementando soluzioni di ogni tipo nei settori portuale e marittimo, rispettando rigorosamente e professionalmente tutte le normative internazionali e amministrative a bordo e a terra. Ci\u00f2 include il rigoroso rispetto delle direttive e dei regolamenti delle organizzazioni non governative e delle organizzazioni industriali come l&#8217;OCIMF. L&#8217;obiettivo principale della nostra missione \u00e8 garantire il massimo livello di sicurezza, politica ambientale e sicurezza in tutto ci\u00f2 che facciamo.<\/p>\n<\/div><\/div><footer class=\"entry-footer\"><\/footer><\/article>\n\n<style type=\"text\/css\" data-created_by=\"avia_inline_auto\" id=\"style-css-av-lcvwbqtt-263baacc9fee740fd132b1346cb2a2e6\">\n.iconbox.av-lcvwbqtt-263baacc9fee740fd132b1346cb2a2e6 .iconbox_icon{\nbackground-color:#ffffff;\n}\n.iconbox.av-lcvwbqtt-263baacc9fee740fd132b1346cb2a2e6 .iconbox_content_container{\nfont-size:14px;\n}\n<\/style>\n<article  class='iconbox iconbox_top av-lcvwbqtt-263baacc9fee740fd132b1346cb2a2e6  avia-builder-el-2  el_after_av_icon_box  el_before_av_icon_box  main_color'  itemscope=\"itemscope\" itemtype=\"https:\/\/schema.org\/CreativeWork\" ><div class=\"iconbox_content\"><header class=\"entry-content-header\" aria-label=\"Icona: VISIONE\"><div class='iconbox_icon heading-color avia-iconfont avia-font-entypo-fontello' data-av_icon='\ue845' data-av_iconfont='entypo-fontello'  ><\/div><h3 class='iconbox_content_title '  itemprop=\"headline\" >VISIONE<\/h3><\/header><div class='iconbox_content_container '  itemprop=\"text\" ><p>La nostra visione \u00e8 quella di essere un partner affidabile per i clienti e partner commerciali in tutti i settori, sia negli oceani che nei porti, e di poter garantire prodotti e servizi di qualit\u00e0 ottimale. Con l&#8217;esperienza maturata in questo settore, siamo in grado di rimanere sempre sul mercato internazionale e di affrontare la sfida.<\/p>\n<\/div><\/div><footer class=\"entry-footer\"><\/footer><\/article>\n\n<style type=\"text\/css\" data-created_by=\"avia_inline_auto\" id=\"style-css-av-lcvwcwen-f4d5ec3afc9503543168884d2b464706\">\n.iconbox.av-lcvwcwen-f4d5ec3afc9503543168884d2b464706 .iconbox_icon{\nbackground-color:#ffffff;\n}\n.iconbox.av-lcvwcwen-f4d5ec3afc9503543168884d2b464706 .iconbox_content_container{\nfont-size:14px;\n}\n<\/style>\n<article  class='iconbox iconbox_top av-lcvwcwen-f4d5ec3afc9503543168884d2b464706  avia-builder-el-3  el_after_av_icon_box  el_before_av_icon_box  main_color'  itemscope=\"itemscope\" itemtype=\"https:\/\/schema.org\/CreativeWork\" ><div class=\"iconbox_content\"><header class=\"entry-content-header\" aria-label=\"Icona: VALORI\"><div class='iconbox_icon heading-color avia-iconfont avia-font-entypo-fontello' data-av_icon='\ue845' data-av_iconfont='entypo-fontello'  ><\/div><h3 class='iconbox_content_title '  itemprop=\"headline\" >VALORI<\/h3><\/header><div class='iconbox_content_container '  itemprop=\"text\" ><p>Le principali risorse dell&#8217;azienda sono equamente suddivise tra il valore materiale e il capitale umano del nostro personale. Il nostro personale \u00e8 ben addestrato e competente. \u00c8 composto da un giovane team di ufficiali e ingegneri esperti e orientati alla pratica, nonch\u00e9 da personale specializzato che si concentra sulle sfide future della tecnologia, sia a bordo che nei nostri uffici. Ci\u00f2 si riflette nel nostro impressionante bilancio dei principali indicatori di prestazione in tutte le attivit\u00e0, che riflettono i pi\u00f9 elevati standard di qualit\u00e0 in termini di sicurezza, politica ambientale. Le qualit\u00e0 che apprezziamo in questo business sono l&#8217;impegno, l&#8217;onest\u00e0 e l&#8217;apertura.<\/p>\n<\/div><\/div><footer class=\"entry-footer\"><\/footer><\/article>\n\n<style type=\"text\/css\" data-created_by=\"avia_inline_auto\" id=\"style-css-av-lcvwemh0-d4098b715a0c696a5edbb95699c5eade\">\n.iconbox.av-lcvwemh0-d4098b715a0c696a5edbb95699c5eade .iconbox_icon{\nbackground-color:#ffffff;\n}\n.iconbox.av-lcvwemh0-d4098b715a0c696a5edbb95699c5eade .iconbox_content_container{\nfont-size:14px;\n}\n<\/style>\n<article  class='iconbox iconbox_top av-lcvwemh0-d4098b715a0c696a5edbb95699c5eade  avia-builder-el-4  el_after_av_icon_box  avia-builder-el-last  main_color'  itemscope=\"itemscope\" itemtype=\"https:\/\/schema.org\/CreativeWork\" ><div class=\"iconbox_content\"><header class=\"entry-content-header\" aria-label=\"Icona: Filosofia\"><div class='iconbox_icon heading-color avia-iconfont avia-font-entypo-fontello' data-av_icon='\ue845' data-av_iconfont='entypo-fontello'  ><\/div><h3 class='iconbox_content_title '  itemprop=\"headline\" >Filosofia<\/h3><\/header><div class='iconbox_content_container '  itemprop=\"text\" ><p>Se rimaniamo concentrati e sulla strada giusta, ci atteniamo alle linee guida aziendali e rimaniamo aperti a soluzioni alternative che possono portare allo stesso obiettivo. A vantaggio dei nostri clienti e partner, il nostro obiettivo principale \u00e8 quello di seguire rigorosamente il nostro Manuale del Sistema di Gestione in tutte le aree del nostro lavoro quotidiano. Questo manuale \u00e8 costantemente rivisto dai nostri professionisti altamente motivati, sia a terra che a bordo, che forniscono suggerimenti e correzioni per le loro rispettive mansioni all&#8217;interno dell&#8217;azienda.<\/p>\n<p>I Moby Port Service Enterprise praticano una \u201ccultura giusta\u201d a bordo delle navi e a terra nei nostri uffici. Ci\u00f2 significa che gli operatori frontali, i membri dell&#8217;equipaggio e gli altri non sono soggetti a disciplina per atti, omissioni o decisioni da essi compiuti in base alla loro esperienza e formazione. Ciononostante, la negligenza grave, le violazioni intenzionali e gli atti distruttivi non sono tollerati.<\/p>\n<\/div><\/div><footer class=\"entry-footer\"><\/footer><\/article>\n","protected":false},"excerpt":{"rendered":"","protected":false},"author":1,"featured_media":0,"parent":0,"menu_order":0,"comment_status":"closed","ping_status":"closed","template":"","meta":{"footnotes":""},"class_list":["post-191","page","type-page","status-publish","hentry"],"_links":{"self":[{"href":"https:\/\/moby-port.com\/it\/wp-json\/wp\/v2\/pages\/191","targetHints":{"allow":["GET"]}}],"collection":[{"href":"https:\/\/moby-port.com\/it\/wp-json\/wp\/v2\/pages"}],"about":[{"href":"https:\/\/moby-port.com\/it\/wp-json\/wp\/v2\/types\/page"}],"author":[{"embeddable":true,"href":"https:\/\/moby-port.com\/it\/wp-json\/wp\/v2\/users\/1"}],"replies":[{"embeddable":true,"href":"https:\/\/moby-port.com\/it\/wp-json\/wp\/v2\/comments?post=191"}],"version-history":[{"count":0,"href":"https:\/\/moby-port.com\/it\/wp-json\/wp\/v2\/pages\/191\/revisions"}],"wp:attachment":[{"href":"https:\/\/moby-port.com\/it\/wp-json\/wp\/v2\/media?parent=191"}],"curies":[{"name":"wp","href":"https:\/\/api.w.org\/{rel}","templated":true}]}}