{"id":172,"date":"2026-03-20T20:41:35","date_gmt":"2026-03-20T19:41:35","guid":{"rendered":"https:\/\/matti.compagnia-navigazione.com\/?page_id=172"},"modified":"2025-12-09T13:38:52","modified_gmt":"2025-12-09T12:38:52","slug":"politica","status":"publish","type":"page","link":"https:\/\/moby-port.com\/it\/politica\/","title":{"rendered":"Politica"},"content":{"rendered":"<div id='full_slider_1'  class='avia-fullwidth-slider main_color avia-shadow   avia-builder-el-0  el_before_av_heading  avia-builder-el-first   container_wrap sidebar_right'  ><div  class='avia-slideshow av-jvbeqwyf-e957a013c39287f02575ba07dbc436f5 avia-slideshow-entry_without_sidebar av_slideshow_full avia-slide-slider av-slideshow-ui av-control-hidden av-no-slider-navigation av-hide-nav-arrows av-slideshow-manual av-loop-once av-loop-manual-endless av-default-height-applied   avia-slideshow-1' data-slideshow-options=\"{&quot;animation&quot;:&quot;slide&quot;,&quot;autoplay&quot;:false,&quot;loop_autoplay&quot;:&quot;once&quot;,&quot;interval&quot;:5,&quot;loop_manual&quot;:&quot;manual-endless&quot;,&quot;autoplay_stopper&quot;:false,&quot;noNavigation&quot;:true,&quot;bg_slider&quot;:false,&quot;keep_padding&quot;:false,&quot;hoverpause&quot;:false,&quot;show_slide_delay&quot;:0}\"  itemprop=\"image\" itemscope=\"itemscope\" itemtype=\"https:\/\/schema.org\/ImageObject\" ><ul class='avia-slideshow-inner ' style='padding-bottom: 20.661157024793%;'><li  class='avia-slideshow-slide av-jvbeqwyf-e957a013c39287f02575ba07dbc436f5__0  av-single-slide slide-1 slide-odd'><div data-rel='slideshow-1' class='avia-slide-wrap '   ><div class='av-slideshow-caption av-jvbeqwyf-e957a013c39287f02575ba07dbc436f5__0 caption_fullwidth caption_bottom caption_bottom_framed caption_framed'><div class=\"container caption_container\"><div class=\"slideshow_caption\"><div class=\"slideshow_inner_caption\"><div class=\"slideshow_align_caption\"><h2 class='avia-caption-title '  itemprop=\"name\" >POLITICA<\/h2><div class='avia-caption-content '  itemprop=\"description\" ><p>Ci\u00f2 che rappresentiamo<\/p>\n<\/div><\/div><\/div><\/div><\/div><\/div><img decoding=\"async\" fetchpriority=\"high\" class=\"wp-image-138158 avia-img-lazy-loading-not-138158\"  src=\"https:\/\/moby-port.com\/wp-content\/uploads\/2025\/12\/Politik-0001-1210x250.jpg\" width=\"1210\" height=\"250\" title='Politik 0001' alt=''  itemprop=\"thumbnailUrl\"   \/><\/div><\/li><\/ul><\/div><\/div><div id='after_full_slider_1'  class='main_color av_default_container_wrap container_wrap sidebar_right'  ><div class='container av-section-cont-open' ><div class='template-page content  av-content-small alpha units'><div class='post-entry post-entry-type-page post-entry-172'><div class='entry-content-wrapper clearfix'>\n\n<style type=\"text\/css\" data-created_by=\"avia_inline_auto\" id=\"style-css-av-bu4es-01fa7ff12b0fd03e17ec6f1e8a771ae2\">\n#top .av-special-heading.av-bu4es-01fa7ff12b0fd03e17ec6f1e8a771ae2{\npadding-bottom:10px;\n}\nbody .av-special-heading.av-bu4es-01fa7ff12b0fd03e17ec6f1e8a771ae2 .av-special-heading-tag .heading-char{\nfont-size:25px;\n}\n.av-special-heading.av-bu4es-01fa7ff12b0fd03e17ec6f1e8a771ae2 .av-subheading{\nfont-size:15px;\n}\n<\/style>\n<div  class='av-special-heading av-bu4es-01fa7ff12b0fd03e17ec6f1e8a771ae2 av-special-heading-h3 blockquote elegant-quote elegant-centered  avia-builder-el-1  el_after_av_slideshow_full  el_before_av_textblock  avia-builder-el-first  av-linked-heading'><h3 class='av-special-heading-tag '  itemprop=\"headline\"  ><span class=\"heading-wrap\">POLITICA<\/span><\/h3><div class=\"special-heading-border\"><div class=\"special-heading-inner-border\"><\/div><\/div><\/div>\n<section  class='av_textblock_section av-jvbk7r4l-a2aced030b8abc4a5327c9e9173f7972 '   itemscope=\"itemscope\" itemtype=\"https:\/\/schema.org\/CreativeWork\" ><div class='avia_textblock'  itemprop=\"text\" ><p>\u00c8 politica di Moby Port Service Enterprise- in quanto societ\u00e0, armatore e gestore della nave &#8211; fornire un servizio sicuro e rispettoso dell&#8217;ambiente per la soddisfazione dei propri clienti e clienti in conformit\u00e0 con gli obblighi contrattuali, le normative nazionali e internazionali pertinenti e le raccomandazioni di ISO 9001: 2000 e ISO 14001 per ottenere un giusto profitto.<\/p>\n<p>Nello specifico gli obiettivi della nostra azienda sono:<\/p>\n<\/div><\/section>\n\n<style type=\"text\/css\" data-created_by=\"avia_inline_auto\" id=\"style-css-av-8gcx8-10fce741f44860c55c3136d12b8f3a55\">\n#top .hr.hr-invisible.av-8gcx8-10fce741f44860c55c3136d12b8f3a55{\nheight:50px;\n}\n<\/style>\n<div  class='hr av-8gcx8-10fce741f44860c55c3136d12b8f3a55 hr-invisible  avia-builder-el-3  el_after_av_textblock  el_before_av_icon_box '><span class='hr-inner '><span class=\"hr-inner-style\"><\/span><\/span><\/div>\n<article  class='iconbox iconbox_left av-jvdgavn1-9992f716969da39f65c0542c33b6febf  avia-builder-el-4  el_after_av_hr  el_before_av_icon_box '  itemscope=\"itemscope\" itemtype=\"https:\/\/schema.org\/CreativeWork\" ><div class=\"iconbox_content\"><header class=\"entry-content-header\" aria-label=\"Icona: \"><div class='iconbox_icon heading-color avia-iconfont avia-font-entypo-fontello' data-av_icon='\ue809' data-av_iconfont='entypo-fontello'  ><\/div><\/header><div class='iconbox_content_container '  itemprop=\"text\" ><p>Fornire un servizio di qualit\u00e0 costantemente eccellente ai propri clienti<\/p>\n<\/div><\/div><footer class=\"entry-footer\"><\/footer><\/article>\n<article  class='iconbox iconbox_left av-jvdggapu-daa7f85430b2e0a80fe82eb87300028e  avia-builder-el-5  el_after_av_icon_box  el_before_av_icon_box '  itemscope=\"itemscope\" itemtype=\"https:\/\/schema.org\/CreativeWork\" ><div class=\"iconbox_content\"><header class=\"entry-content-header\" aria-label=\"Icona: \"><div class='iconbox_icon heading-color avia-iconfont avia-font-entypo-fontello' data-av_icon='\ue809' data-av_iconfont='entypo-fontello'  ><\/div><\/header><div class='iconbox_content_container '  itemprop=\"text\" ><p>Assumere e mantenere personale altamente qualificato e motivato per lavori a terra e in mare<\/p>\n<\/div><\/div><footer class=\"entry-footer\"><\/footer><\/article>\n<article  class='iconbox iconbox_left av-jvdggapu-8-172bb3b614691e92a0532b77f1f61950  avia-builder-el-6  el_after_av_icon_box  el_before_av_icon_box '  itemscope=\"itemscope\" itemtype=\"https:\/\/schema.org\/CreativeWork\" ><div class=\"iconbox_content\"><header class=\"entry-content-header\" aria-label=\"Icona: \"><div class='iconbox_icon heading-color avia-iconfont avia-font-entypo-fontello' data-av_icon='\ue809' data-av_iconfont='entypo-fontello'  ><\/div><\/header><div class='iconbox_content_container '  itemprop=\"text\" ><p>Assicurare una comunicazione efficiente tra le organizzazioni navali e di terra, al fine di garantire le operazioni in un&#8217;unit\u00e0 integrata<\/p>\n<\/div><\/div><footer class=\"entry-footer\"><\/footer><\/article>\n<article  class='iconbox iconbox_left av-jvdggapu-7-a7fb6ed6df322c34a8ca8c59412f67c9  avia-builder-el-7  el_after_av_icon_box  el_before_av_icon_box '  itemscope=\"itemscope\" itemtype=\"https:\/\/schema.org\/CreativeWork\" ><div class=\"iconbox_content\"><header class=\"entry-content-header\" aria-label=\"Icona: \"><div class='iconbox_icon heading-color avia-iconfont avia-font-entypo-fontello' data-av_icon='\ue809' data-av_iconfont='entypo-fontello'  ><\/div><\/header><div class='iconbox_content_container '  itemprop=\"text\" ><p>Assicurare un processo permanente di miglioramento delle capacit\u00e0 del personale, gestione della sicurezza, risposta alle emergenze e protezione ambientale<\/p>\n<\/div><\/div><footer class=\"entry-footer\"><\/footer><\/article>\n<article  class='iconbox iconbox_left av-jvdggapu-6-9a677c1b2adc72bbd85482485bba6cd3  avia-builder-el-8  el_after_av_icon_box  el_before_av_icon_box '  itemscope=\"itemscope\" itemtype=\"https:\/\/schema.org\/CreativeWork\" ><div class=\"iconbox_content\"><header class=\"entry-content-header\" aria-label=\"Icona: \"><div class='iconbox_icon heading-color avia-iconfont avia-font-entypo-fontello' data-av_icon='\ue809' data-av_iconfont='entypo-fontello'  ><\/div><\/header><div class='iconbox_content_container '  itemprop=\"text\" ><p>Verificare la qualit\u00e0 delle operazioni nelle operazioni di nave e di terra in relazione alla sicurezza e alla protezione dell&#8217;ambiente. Identificare, controllare e valutare le attivit\u00e0 che hanno un impatto sull&#8217;ambiente<\/p>\n<\/div><\/div><footer class=\"entry-footer\"><\/footer><\/article>\n<article  class='iconbox iconbox_left av-jvdggapu-5-ecc19d90024103d3a1421d3fdcb56f6a  avia-builder-el-9  el_after_av_icon_box  el_before_av_icon_box '  itemscope=\"itemscope\" itemtype=\"https:\/\/schema.org\/CreativeWork\" ><div class=\"iconbox_content\"><header class=\"entry-content-header\" aria-label=\"Icona: \"><div class='iconbox_icon heading-color avia-iconfont avia-font-entypo-fontello' data-av_icon='\ue809' data-av_iconfont='entypo-fontello'  ><\/div><\/header><div class='iconbox_content_container '  itemprop=\"text\" ><p>Ridurre le emissioni e proteggere l&#8217;ambiente<\/p>\n<\/div><\/div><footer class=\"entry-footer\"><\/footer><\/article>\n<article  class='iconbox iconbox_left av-jvdggapu-4-2a61dd66f94c9500c72e3be2f870c99e  avia-builder-el-10  el_after_av_icon_box  el_before_av_icon_box '  itemscope=\"itemscope\" itemtype=\"https:\/\/schema.org\/CreativeWork\" ><div class=\"iconbox_content\"><header class=\"entry-content-header\" aria-label=\"Icona: \"><div class='iconbox_icon heading-color avia-iconfont avia-font-entypo-fontello' data-av_icon='\ue809' data-av_iconfont='entypo-fontello'  ><\/div><\/header><div class='iconbox_content_container '  itemprop=\"text\" ><p>Identificare i rischi operativi e &#8211; di conseguenza &#8211; eliminarli attraverso adeguate salvaguardie<\/p>\n<\/div><\/div><footer class=\"entry-footer\"><\/footer><\/article>\n<article  class='iconbox iconbox_left av-jvdggapu-3-51815b627ddae9de89aabeeed3a1b07d  avia-builder-el-11  el_after_av_icon_box  el_before_av_icon_box '  itemscope=\"itemscope\" itemtype=\"https:\/\/schema.org\/CreativeWork\" ><div class=\"iconbox_content\"><header class=\"entry-content-header\" aria-label=\"Icona: \"><div class='iconbox_icon heading-color avia-iconfont avia-font-entypo-fontello' data-av_icon='\ue809' data-av_iconfont='entypo-fontello'  ><\/div><\/header><div class='iconbox_content_container '  itemprop=\"text\" ><p>Garantire l&#8217;elusione dei danni alla propriet\u00e0<\/p>\n<\/div><\/div><footer class=\"entry-footer\"><\/footer><\/article>\n<article  class='iconbox iconbox_left av-jvdggapu-2-f3a6b8bb55c3acc58492752b3b8e53b9  avia-builder-el-12  el_after_av_icon_box  el_before_av_hr '  itemscope=\"itemscope\" itemtype=\"https:\/\/schema.org\/CreativeWork\" ><div class=\"iconbox_content\"><header class=\"entry-content-header\" aria-label=\"Icona: \"><div class='iconbox_icon heading-color avia-iconfont avia-font-entypo-fontello' data-av_icon='\ue809' data-av_iconfont='entypo-fontello'  ><\/div><\/header><div class='iconbox_content_container '  itemprop=\"text\" ><p>Garantire un&#8217;adeguata considerazione delle raccomandazioni dell&#8217;OMI, delle amministrazioni di bandiera e dello Stato di approdo, delle societ\u00e0 di classificazione e delle organizzazioni marittime<\/p>\n<\/div><\/div><footer class=\"entry-footer\"><\/footer><\/article>\n\n<style type=\"text\/css\" data-created_by=\"avia_inline_auto\" id=\"style-css-av-jvbkp5ki-7f91a4044293e049d79f5f71353224bb\">\n#top .hr.hr-invisible.av-jvbkp5ki-7f91a4044293e049d79f5f71353224bb{\nheight:50px;\n}\n<\/style>\n<div  class='hr av-jvbkp5ki-7f91a4044293e049d79f5f71353224bb hr-invisible  avia-builder-el-13  el_after_av_icon_box  el_before_av_textblock '><span class='hr-inner '><span class=\"hr-inner-style\"><\/span><\/span><\/div>\n<section  class='av_textblock_section av-jvbk7r4l-9-6f2dfc507bf0561cfb803c14ae0480bc '   itemscope=\"itemscope\" itemtype=\"https:\/\/schema.org\/CreativeWork\" ><div class='avia_textblock'  itemprop=\"text\" ><p>La salute, la sicurezza e l&#8217;ambiente hanno la precedenza sugli obiettivi fondamentali dell&#8217;impresa. Le azioni incerte e le pratiche dannose per l&#8217;ambiente non sono n\u00e9 efficienti n\u00e9 redditizie a lungo termine. In considerazione del fatto che l&#8217;industria marittima \u00e8 esposta ad un elevato rischio in relazione ai pericoli del mare, alla complessit\u00e0 dei macchinari a bordo e ai carichi potenzialmente pericolosi, l&#8217;attivit\u00e0 della societ\u00e0 si concentra sulla prevenzione dei rischi per la salute del personale e sulla prevenzione dei danni ambientali.<\/p>\n<p>Moby Port Service Enterprise \u00e8 consapevole dei limiti delle risorse naturali nel nostro ambiente e si impegna a gestire le proprie navi e uffici nel modo pi\u00f9 efficiente ed efficace possibile, al fine di preservare tali risorse e ridurre al minimo i rifiuti.<\/p>\n<\/div><\/section>\n","protected":false},"excerpt":{"rendered":"","protected":false},"author":1,"featured_media":0,"parent":0,"menu_order":0,"comment_status":"closed","ping_status":"closed","template":"","meta":{"footnotes":""},"class_list":["post-172","page","type-page","status-publish","hentry"],"_links":{"self":[{"href":"https:\/\/moby-port.com\/it\/wp-json\/wp\/v2\/pages\/172","targetHints":{"allow":["GET"]}}],"collection":[{"href":"https:\/\/moby-port.com\/it\/wp-json\/wp\/v2\/pages"}],"about":[{"href":"https:\/\/moby-port.com\/it\/wp-json\/wp\/v2\/types\/page"}],"author":[{"embeddable":true,"href":"https:\/\/moby-port.com\/it\/wp-json\/wp\/v2\/users\/1"}],"replies":[{"embeddable":true,"href":"https:\/\/moby-port.com\/it\/wp-json\/wp\/v2\/comments?post=172"}],"version-history":[{"count":0,"href":"https:\/\/moby-port.com\/it\/wp-json\/wp\/v2\/pages\/172\/revisions"}],"wp:attachment":[{"href":"https:\/\/moby-port.com\/it\/wp-json\/wp\/v2\/media?parent=172"}],"curies":[{"name":"wp","href":"https:\/\/api.w.org\/{rel}","templated":true}]}}