{"id":1448,"date":"2026-03-20T07:33:17","date_gmt":"2026-03-20T06:33:17","guid":{"rendered":"https:\/\/astor-shipping-company.com\/?page_id=1448"},"modified":"2025-12-09T13:43:18","modified_gmt":"2025-12-09T12:43:18","slug":"strategia","status":"publish","type":"page","link":"https:\/\/moby-port.com\/it\/strategia\/","title":{"rendered":"Strategia"},"content":{"rendered":"<div id='full_slider_1'  class='avia-fullwidth-slider main_color avia-shadow   avia-builder-el-0  el_before_av_heading  avia-builder-el-first   container_wrap sidebar_right'  ><div  class='avia-slideshow av-lwczeuju-5845e7027b511e88a7eb31aa08b5df41 avia-slideshow-featured av_slideshow_full avia-slide-slider av-slideshow-ui av-control-default av-slideshow-manual av-loop-once av-loop-manual-endless av-default-height-applied   avia-slideshow-1' data-slideshow-options=\"{&quot;animation&quot;:&quot;slide&quot;,&quot;autoplay&quot;:false,&quot;loop_autoplay&quot;:&quot;once&quot;,&quot;interval&quot;:5,&quot;loop_manual&quot;:&quot;manual-endless&quot;,&quot;autoplay_stopper&quot;:false,&quot;noNavigation&quot;:false,&quot;bg_slider&quot;:false,&quot;keep_padding&quot;:false,&quot;hoverpause&quot;:false,&quot;show_slide_delay&quot;:0}\"  itemprop=\"image\" itemscope=\"itemscope\" itemtype=\"https:\/\/schema.org\/ImageObject\" ><ul class='avia-slideshow-inner ' style='padding-bottom: 14.285714285714%;'><li  class='avia-slideshow-slide av-lwczeuju-5845e7027b511e88a7eb31aa08b5df41__0  av-single-slide slide-1 slide-odd'><div data-rel='slideshow-1' class='avia-slide-wrap '   ><img decoding=\"async\" fetchpriority=\"high\" class=\"wp-image-138162 avia-img-lazy-loading-not-138162\"  src=\"https:\/\/moby-port.com\/wp-content\/uploads\/2025\/12\/Strategie-0003.jpg\" width=\"1260\" height=\"180\" title='Strategie 0003' alt=''  itemprop=\"thumbnailUrl\" srcset=\"https:\/\/moby-port.com\/wp-content\/uploads\/2025\/12\/Strategie-0003.jpg 1260w, https:\/\/moby-port.com\/wp-content\/uploads\/2025\/12\/Strategie-0003-300x43.jpg 300w, https:\/\/moby-port.com\/wp-content\/uploads\/2025\/12\/Strategie-0003-1030x147.jpg 1030w, https:\/\/moby-port.com\/wp-content\/uploads\/2025\/12\/Strategie-0003-768x110.jpg 768w, https:\/\/moby-port.com\/wp-content\/uploads\/2025\/12\/Strategie-0003-705x101.jpg 705w\" sizes=\"(max-width: 1260px) 100vw, 1260px\" \/><\/div><\/li><\/ul><\/div><\/div><div id='after_full_slider_1'  class='main_color av_default_container_wrap container_wrap sidebar_right'  ><div class='container av-section-cont-open' ><div class='template-page content  av-content-small alpha units'><div class='post-entry post-entry-type-page post-entry-1448'><div class='entry-content-wrapper clearfix'>\n\n<style type=\"text\/css\" data-created_by=\"avia_inline_auto\" id=\"style-css-av-lcwhofb9-497e2d36fa61d0a98b633bb7ecd450a1\">\n#top .av-special-heading.av-lcwhofb9-497e2d36fa61d0a98b633bb7ecd450a1{\npadding-bottom:10px;\n}\nbody .av-special-heading.av-lcwhofb9-497e2d36fa61d0a98b633bb7ecd450a1 .av-special-heading-tag .heading-char{\nfont-size:25px;\n}\n.av-special-heading.av-lcwhofb9-497e2d36fa61d0a98b633bb7ecd450a1 .av-subheading{\nfont-size:15px;\n}\n<\/style>\n<div  class='av-special-heading av-lcwhofb9-497e2d36fa61d0a98b633bb7ecd450a1 av-special-heading-h3 blockquote elegant-quote elegant-centered  avia-builder-el-1  el_after_av_slideshow_full  el_before_av_hr  avia-builder-el-first '><h3 class='av-special-heading-tag '  itemprop=\"headline\"  ><span class=\"heading-wrap\">Strategia<\/span><\/h3><div class=\"special-heading-border\"><div class=\"special-heading-inner-border\"><\/div><\/div><\/div>\n<div  class='hr av-32vstk-dca2ba59215c2bee859aef41a57f6326 hr-short  avia-builder-el-2  el_after_av_heading  el_before_av_promobox  hr-center'><span class='hr-inner '><span class=\"hr-inner-style\"><\/span><\/span><\/div>\n<div  class='av_promobox av-lcwhnq7r-43600165103a7bfa7c179242b9d66d07 avia-button-no  avia-builder-el-3  el_after_av_hr  avia-builder-el-last '><div class='avia-promocontent'><p>\nMoby Port Service Enterprise \u00e8 un fornitore di servizi che possiede, gestisce e gestisce proprie navi da lavoro, navi mercantili, imbarcazioni e yacht, ecc.che sono utilizzati in modo sicuro e affidabile in tutto il mondo. La flotta di Moby Port Service Enterprise \u00e8 una delle pi\u00f9 recenti del settore ed \u00e8 gestita autonomamente.<\/p>\n<p>I dirigenti a bordo delle proprie navi e delle navi clienti sono assunti direttamente dall&#8217;impresa. Ci\u00f2 garantisce la continua performance qualitativa dei suoi standard, cos\u00ec come il miglioramento e il mantenimento della flotta.<\/p>\n<p>La Moby Port Service Enterprise pu\u00f2 anche fornire e gestire lavori di ristrutturazione e di nuova costruzione. Moby Port Service Enterprise \u00e8 inoltre in grado di eseguire qualsiasi tipo di riparazione e\/o riparazione di navi e yacht o imbarcazioni.<\/p>\n<p>Moby Port Service Enterprise \u00e8 un&#8217;azienda internazionale che fornisce servizi dinamici, lungimiranti e all&#8217;avanguardia.<\/p>\n<p>Moby Port Service Enterprise e i suoi partner, cos\u00ec come i nostri dipendenti e dirigenti hanno una ricchezza di anni di servizi ed esperienza in questo settore.<\/p>\n<p>Questa combinazione di tecnologia all&#8217;avanguardia e personale esperto ha permesso all&#8217;azienda di raggiungere una crescita eccezionale e una redditivit\u00e0 eccezionale in un settore altamente competitivo, mantenendo e migliorando al contempo le buone relazioni con i clienti.<\/p>\n<p>Moby Port Service Enterprise sostiene la responsabilit\u00e0 sociale e ha incorporato valori come l&#8217;equit\u00e0 e la responsabilit\u00e0 nella sua etica aziendale. La sicurezza, l&#8217;affidabilit\u00e0 e l&#8217;ambiente sono temi importanti per Moby Port Service Enterprise, i suoi dipendenti e i suoi clienti.<\/p>\n<p>Moby Port Service Enterprise si impegna a migliorare continuamente, rivedendo i propri asset, dirigenti, dipendenti e metodi di lavoro per raggiungere standard sempre pi\u00f9 elevati. L&#8217;azienda \u00e8 aperta e trasparente. Il XXI secolo ha posto all&#8217;industria marittima la sfida di adattarsi e di assumere il proprio posto nell&#8217;economia moderna globalizzata.<\/p>\n<p>Moby Port Service Enterprise accetta volentieri la sfida.<\/p>\n<\/div><\/div>\n","protected":false},"excerpt":{"rendered":"","protected":false},"author":1,"featured_media":0,"parent":0,"menu_order":0,"comment_status":"closed","ping_status":"closed","template":"","meta":{"footnotes":""},"class_list":["post-1448","page","type-page","status-publish","hentry"],"_links":{"self":[{"href":"https:\/\/moby-port.com\/it\/wp-json\/wp\/v2\/pages\/1448","targetHints":{"allow":["GET"]}}],"collection":[{"href":"https:\/\/moby-port.com\/it\/wp-json\/wp\/v2\/pages"}],"about":[{"href":"https:\/\/moby-port.com\/it\/wp-json\/wp\/v2\/types\/page"}],"author":[{"embeddable":true,"href":"https:\/\/moby-port.com\/it\/wp-json\/wp\/v2\/users\/1"}],"replies":[{"embeddable":true,"href":"https:\/\/moby-port.com\/it\/wp-json\/wp\/v2\/comments?post=1448"}],"version-history":[{"count":0,"href":"https:\/\/moby-port.com\/it\/wp-json\/wp\/v2\/pages\/1448\/revisions"}],"wp:attachment":[{"href":"https:\/\/moby-port.com\/it\/wp-json\/wp\/v2\/media?parent=1448"}],"curies":[{"name":"wp","href":"https:\/\/api.w.org\/{rel}","templated":true}]}}