{"id":11313,"date":"2025-11-02T08:56:12","date_gmt":"2025-11-02T07:56:12","guid":{"rendered":"https:\/\/matti.compagnia-navigazione.com\/?page_id=383"},"modified":"2025-12-11T08:50:16","modified_gmt":"2025-12-11T07:50:16","slug":"manutenzione-riparazione","status":"publish","type":"page","link":"https:\/\/moby-port.com\/it\/manutenzione-riparazione\/","title":{"rendered":"Manutenzione &#038; Riparazione"},"content":{"rendered":"\n<style type=\"text\/css\" data-created_by=\"avia_inline_auto\" id=\"style-css-av-ld2qpbnr-7ae6dc64aec35d14921154c57dae636d\">\n#top .av-special-heading.av-ld2qpbnr-7ae6dc64aec35d14921154c57dae636d{\npadding-bottom:10px;\n}\nbody .av-special-heading.av-ld2qpbnr-7ae6dc64aec35d14921154c57dae636d .av-special-heading-tag .heading-char{\nfont-size:25px;\n}\n.av-special-heading.av-ld2qpbnr-7ae6dc64aec35d14921154c57dae636d .av-subheading{\nfont-size:15px;\n}\n<\/style>\n<div  class='av-special-heading av-ld2qpbnr-7ae6dc64aec35d14921154c57dae636d av-special-heading-h3 blockquote elegant-quote elegant-centered  avia-builder-el-0  el_before_av_hr  avia-builder-el-first '><h3 class='av-special-heading-tag '  itemprop=\"headline\"  ><span class=\"heading-wrap\">Questa pagina \u00e8 attualmente in fase di revisione e apparir\u00e0 a breve in una nuova luce.<\/span><\/h3><div class=\"special-heading-border\"><div class=\"special-heading-inner-border\"><\/div><\/div><\/div>\n\n<style type=\"text\/css\" data-created_by=\"avia_inline_auto\" id=\"style-css-av-1dv1r-abe78f9c25cb5a0eea0587805feef60b\">\n#top .hr.hr-invisible.av-1dv1r-abe78f9c25cb5a0eea0587805feef60b{\nheight:50px;\n}\n<\/style>\n<div  class='hr av-1dv1r-abe78f9c25cb5a0eea0587805feef60b hr-invisible  avia-builder-el-1  el_after_av_heading  el_before_av_video '><span class='hr-inner '><span class=\"hr-inner-style\"><\/span><\/span><\/div>\n<div  class='avia-video av-mhgrfgzn-f8eda71d844732ccfe8a6bcc297a4ca2 avia-video-16-9 av-no-preview-image avia-video-load-always avia-video-html5'  itemprop=\"video\" itemtype=\"https:\/\/schema.org\/VideoObject\"  data-original_url='https:\/\/moby-port.com\/wp-content\/uploads\/2025\/06\/Anoug-2020.mp4'><video class='avia_video'  autoplay playsinline loop preload=\"metadata\" muted  id='player_11313_1451791307_409258585'><source src='https:\/\/moby-port.com\/wp-content\/uploads\/2025\/06\/Anoug-2020.mp4' type='video\/mp4' \/><\/video><\/div>\n\n<style type=\"text\/css\" data-created_by=\"avia_inline_auto\" id=\"style-css-av-1kbjt3-f6b5750b31fe52882a9ef7cf39e00700\">\n#top .hr.hr-invisible.av-1kbjt3-f6b5750b31fe52882a9ef7cf39e00700{\nheight:50px;\n}\n<\/style>\n<div  class='hr av-1kbjt3-f6b5750b31fe52882a9ef7cf39e00700 hr-invisible  avia-builder-el-3  el_after_av_video  el_before_av_one_full '><span class='hr-inner '><span class=\"hr-inner-style\"><\/span><\/span><\/div>\n<div  class='flex_column av-8is9z-d8fc0e2c94b5839f59998fad139268e8 av_one_full  avia-builder-el-4  el_after_av_hr  el_before_av_hr  first flex_column_div  '     ><style type=\"text\/css\" data-created_by=\"avia_inline_auto\" id=\"style-css-av-mhgrf33e-2748efe191ff77b030aa4c16e251baf6\">\n#top .av_textblock_section.av-mhgrf33e-2748efe191ff77b030aa4c16e251baf6 .avia_textblock{\nfont-size:15px;\ncolumn-count:3;\n}\n<\/style>\n<section  class='av_textblock_section av-mhgrf33e-2748efe191ff77b030aa4c16e251baf6 '   itemscope=\"itemscope\" itemtype=\"https:\/\/schema.org\/CreativeWork\" ><div class='avia_textblock av_multi_colums'  itemprop=\"text\" ><p><strong>Rifacimenti e ristrutturazioni<\/strong><br \/>\nBarche, yacht, mega yacht e giga yacht, cos\u00ec come navi commerciali, petroliere ecc.<\/p>\n<p><strong>Servizio di ricambi<\/strong><br \/>\nIl nostro servizio di ricambi a livello mondiale per proprietari di navi, compagnie di navigazione e manager tecnici delle navi. Garantiamo inoltre una consegna affidabile di ricambi all&#8217;ultimo minuto in tutto il mondo&#8230;<\/p>\n<p><strong>Prestazioni in officina<\/strong><br \/>\nIl nostro servizio di assistenza in officina offre ai clienti e al project management la riparazione a bordo e in loco, nonch\u00e9 presso il cantiere navale, in tutto il mondo. Ci\u00f2 include anche la riparazione di acciaio, navi e sovrastrutture e danni da stivaggio, nonch\u00e9 la riparazione di tubazioni e serbatoi&#8230;<\/p>\n<\/div><\/section><\/div>\n\n<style type=\"text\/css\" data-created_by=\"avia_inline_auto\" id=\"style-css-av-whb7b-baf8499497364ec116945702c92f179e\">\n#top .hr.hr-invisible.av-whb7b-baf8499497364ec116945702c92f179e{\nheight:25px;\n}\n<\/style>\n<div  class='hr av-whb7b-baf8499497364ec116945702c92f179e hr-invisible  avia-builder-el-6  el_after_av_one_full  el_before_av_heading '><span class='hr-inner '><span class=\"hr-inner-style\"><\/span><\/span><\/div>\n\n<style type=\"text\/css\" data-created_by=\"avia_inline_auto\" id=\"style-css-av-ld2qz7ic-dbee89fa4b19f9a2370cbfacdc7955de\">\n#top .av-special-heading.av-ld2qz7ic-dbee89fa4b19f9a2370cbfacdc7955de{\npadding-bottom:10px;\n}\nbody .av-special-heading.av-ld2qz7ic-dbee89fa4b19f9a2370cbfacdc7955de .av-special-heading-tag .heading-char{\nfont-size:25px;\n}\n.av-special-heading.av-ld2qz7ic-dbee89fa4b19f9a2370cbfacdc7955de .av-subheading{\nfont-size:15px;\n}\n<\/style>\n<div  class='av-special-heading av-ld2qz7ic-dbee89fa4b19f9a2370cbfacdc7955de av-special-heading-h3 blockquote elegant-quote elegant-centered  avia-builder-el-7  el_after_av_hr  el_before_av_hr '><h3 class='av-special-heading-tag '  itemprop=\"headline\"  ><span class=\"heading-wrap\">Un piccolo estratto dei nostri servizi<\/span><\/h3><div class=\"special-heading-border\"><div class=\"special-heading-inner-border\"><\/div><\/div><\/div>\n\n<style type=\"text\/css\" data-created_by=\"avia_inline_auto\" id=\"style-css-av-tev4f-2ee2fe1de8758d662b94a1a8318d9d4a\">\n#top .hr.hr-invisible.av-tev4f-2ee2fe1de8758d662b94a1a8318d9d4a{\nheight:25px;\n}\n<\/style>\n<div  class='hr av-tev4f-2ee2fe1de8758d662b94a1a8318d9d4a hr-invisible  avia-builder-el-8  el_after_av_heading  el_before_av_two_fifth '><span class='hr-inner '><span class=\"hr-inner-style\"><\/span><\/span><\/div>\n<div  class='flex_column av-n1wu7-da40256962aa53583af48889ad3da6e2 av_two_fifth  avia-builder-el-9  el_after_av_hr  el_before_av_one_fifth  first flex_column_div  '     ><section  class='av_textblock_section av-ld2r0265-5c8b27594d53d08611bff7373d74d7cc '   itemscope=\"itemscope\" itemtype=\"https:\/\/schema.org\/CreativeWork\" ><div class='avia_textblock'  itemprop=\"text\" ><ul>\n<li>Attracco generale<\/li>\n<li>Riparazioni standard\/danneggiate e ammodernamentoRivestimenti\/rivestimenti<\/li>\n<li>Servizi di installazione di sistemi di trattamento delle acque di zavorra<\/li>\n<li>Installazione Scrubber<\/li>\n<li>Aggiornamenti tecnici, ad esempio per gli aggregati ausiliari<\/li>\n<li>Aggiornamenti Green Shipping<\/li>\n<\/ul>\n<\/div><\/section><\/div>\n<div  class='flex_column av-edciv-db5187ee99deb65be3cc466f99e46e9a av_one_fifth  avia-builder-el-11  el_after_av_two_fifth  el_before_av_two_fifth  flex_column_div  '     ><\/div>\n<div  class='flex_column av-q093-f33f43af93ca390e193fd4842a7db751 av_two_fifth  avia-builder-el-12  el_after_av_one_fifth  el_before_av_promobox  flex_column_div  '     ><section  class='av_textblock_section av-ld2r125s-f6a10238545d103ba96d78be4b72a513 '   itemscope=\"itemscope\" itemtype=\"https:\/\/schema.org\/CreativeWork\" ><div class='avia_textblock'  itemprop=\"text\" ><ul>\n<li>Modifiche e modifiche<\/li>\n<li>Prolungamento della durata di vita<\/li>\n<li>Gestione dei progetti e della logistica<\/li>\n<li>Integrazione dei sistemi<\/li>\n<li>Ingegneria interna<\/li>\n<li>Truppe volanti<\/li>\n<\/ul>\n<\/div><\/section><\/div>\n<div  class='av_promobox av-ld2r1lv7-c59025f09fc9a8f4ddd52a047b91f6a7 avia-button-no  avia-builder-el-14  el_after_av_two_fifth  avia-builder-el-last '><div class='avia-promocontent'><p>\nAnche se non abbiamo elencato tutti i servizi di cui sopra, potete essere certi che siamo in grado di eseguire qualsiasi nave, cos\u00ec come qualsiasi tipo di riparazione.<\/p>\n<p>Avete domande dettagliate e requisiti specifici quindi non esitate a contattarci. Pianifichiamo una ristrutturazione individuale in base alla vostra idea e alle vostre esigenze per la vostra nave.<\/p>\n<\/div><\/div>\n","protected":false},"excerpt":{"rendered":"","protected":false},"author":1,"featured_media":0,"parent":0,"menu_order":0,"comment_status":"closed","ping_status":"closed","template":"","meta":{"footnotes":""},"class_list":["post-11313","page","type-page","status-publish","hentry"],"_links":{"self":[{"href":"https:\/\/moby-port.com\/it\/wp-json\/wp\/v2\/pages\/11313","targetHints":{"allow":["GET"]}}],"collection":[{"href":"https:\/\/moby-port.com\/it\/wp-json\/wp\/v2\/pages"}],"about":[{"href":"https:\/\/moby-port.com\/it\/wp-json\/wp\/v2\/types\/page"}],"author":[{"embeddable":true,"href":"https:\/\/moby-port.com\/it\/wp-json\/wp\/v2\/users\/1"}],"replies":[{"embeddable":true,"href":"https:\/\/moby-port.com\/it\/wp-json\/wp\/v2\/comments?post=11313"}],"version-history":[{"count":0,"href":"https:\/\/moby-port.com\/it\/wp-json\/wp\/v2\/pages\/11313\/revisions"}],"wp:attachment":[{"href":"https:\/\/moby-port.com\/it\/wp-json\/wp\/v2\/media?parent=11313"}],"curies":[{"name":"wp","href":"https:\/\/api.w.org\/{rel}","templated":true}]}}