{"id":10136,"date":"2025-03-13T06:21:54","date_gmt":"2025-03-13T05:21:54","guid":{"rendered":"https:\/\/moby-port.com\/?page_id=10136"},"modified":"2025-11-02T09:46:24","modified_gmt":"2025-11-02T08:46:24","slug":"vtc-e-servizi-di-autista","status":"publish","type":"page","link":"https:\/\/moby-port.com\/it\/vtc-e-servizi-di-autista\/","title":{"rendered":"VTC e servizi di autista"},"content":{"rendered":"\n<style type=\"text\/css\" data-created_by=\"avia_inline_auto\" id=\"style-css-av-av_section-12db6aa0fc49678271339556a774da59\">\n.avia-section.av-av_section-12db6aa0fc49678271339556a774da59{\nbackground-color:#ffffff;\nbackground-image:unset;\n}\n<\/style>\n<div id='av_section_1'  class='avia-section av-av_section-12db6aa0fc49678271339556a774da59 main_color avia-section-default avia-no-border-styling  avia-builder-el-0  avia-builder-el-no-sibling  avia-bg-style-scroll av-minimum-height av-minimum-height-70 av-height-percent  av-section-with-video-bg container_wrap sidebar_right'   data-av_minimum_height_pc='70' data-av_min_height_opt='percent' data-section-video-ratio='16:9'><div  class='avia-slideshow av_slideshow_obj-1-69e3c650582fa avia-slideshow-featured av_slideshow avia-slide-slider av-slideshow-ui av-control-default av-slideshow-manual av-loop-once av-loop-manual-endless av-default-height-applied  av-section-video-bg avia-slideshow-1' data-slideshow-options=\"{&quot;animation&quot;:&quot;slide&quot;,&quot;autoplay&quot;:false,&quot;loop_autoplay&quot;:&quot;once&quot;,&quot;interval&quot;:5,&quot;loop_manual&quot;:&quot;manual-endless&quot;,&quot;autoplay_stopper&quot;:false,&quot;noNavigation&quot;:false,&quot;bg_slider&quot;:false,&quot;keep_padding&quot;:false,&quot;hoverpause&quot;:false,&quot;show_slide_delay&quot;:0}\"  itemprop=\"image\" itemscope=\"itemscope\" itemtype=\"https:\/\/schema.org\/ImageObject\" ><ul class='avia-slideshow-inner ' style='padding-bottom: 28.666666666667%;'><li  data-controls='disabled' data-mute='aviaTBaviaTBvideo_mute' data-loop='1' data-disable-autoplay=''  data-video-ratio='1.7777777777778' class='avia-slideshow-slide av_slideshow_obj-1-69e3c650582fa__0  av-video-slide  av-video-service-html5  av-hide-video-controls av-mute-video av-loop-video  av-single-slide slide-1 slide-odd'><div data-rel='slideshow-1' class='avia-slide-wrap '    itemprop=\"video\" itemtype=\"https:\/\/schema.org\/VideoObject\" ><div class='av-click-overlay'><\/div><video class='avia_video'  autoplay playsinline loop preload=\"metadata\" muted  id='player_10136_1961353881_1608091561'><source src=\"https:\/\/moby-port.com\/wp-content\/uploads\/2025\/03\/VTC-.mp4\" type=\"video\/mp4\" \/><\/video><div class=\"av-click-to-play-overlay\"><div class=\"avia_playpause_icon\"><\/div><\/div><\/div><\/li><\/ul><\/div><div class='container av-section-cont-open' ><main  role=\"main\" itemprop=\"mainContentOfPage\"  class='template-page content  av-content-small alpha units'><div class='post-entry post-entry-type-page post-entry-10136'><div class='entry-content-wrapper clearfix'>\n\n<style type=\"text\/css\" data-created_by=\"avia_inline_auto\" id=\"style-css-av-m891n37j-fe0dedfd8695295bc4172e5bd77e3728\">\n#top .av-special-heading.av-m891n37j-fe0dedfd8695295bc4172e5bd77e3728{\npadding-bottom:10px;\ncolor:#ffffff;\n}\nbody .av-special-heading.av-m891n37j-fe0dedfd8695295bc4172e5bd77e3728 .av-special-heading-tag .heading-char{\nfont-size:25px;\n}\n.av-special-heading.av-m891n37j-fe0dedfd8695295bc4172e5bd77e3728 .special-heading-inner-border{\nborder-color:#ffffff;\n}\n.av-special-heading.av-m891n37j-fe0dedfd8695295bc4172e5bd77e3728 .av-subheading{\nfont-size:15px;\n}\n<\/style>\n<div  class='av-special-heading av-m891n37j-fe0dedfd8695295bc4172e5bd77e3728 av-special-heading-h1 custom-color-heading blockquote classic-quote  avia-builder-el-1  el_before_av_hr  avia-builder-el-first  av-linked-heading'><h1 class='av-special-heading-tag '  itemprop=\"headline\"  >VTC e servizi di autista<\/h1><div class=\"special-heading-border\"><div class=\"special-heading-inner-border\"><\/div><\/div><\/div>\n<div  class='hr av-av_hr-bee3e0d805873ac154ce0cd1251acf1b hr-short  avia-builder-el-2  el_after_av_heading  el_before_av_one_fourth  hr-center'><span class='hr-inner '><span class=\"hr-inner-style\"><\/span><\/span><\/div>\n<div  class='flex_column av-av_one_fourth-a2cef933b0a555f25d1e39b22a8e9dae av_one_fourth  avia-builder-el-3  el_after_av_hr  el_before_av_one_half  first flex_column_div  '     ><\/div>\n<style type=\"text\/css\" data-created_by=\"avia_inline_auto\" id=\"style-css-av-av_one_half-c94cef227f8392b465345b114b0f8dd8\">\n.flex_column.av-av_one_half-c94cef227f8392b465345b114b0f8dd8{\nborder-radius:5px 5px 5px 5px;\npadding:30px 30px 30px 30px;\nbackground-color:rgba(0,0,0,0.45);\n}\n<\/style>\n<div  class='flex_column av-av_one_half-c94cef227f8392b465345b114b0f8dd8 av_one_half  avia-builder-el-4  el_after_av_one_fourth  el_before_av_one_fourth  flex_column_div  '     ><p>\n<style type=\"text\/css\" data-created_by=\"avia_inline_auto\" id=\"style-css-av-m891pbxp-ed551b5105d33ac4612b7d891df6138d\">\n#top .av_textblock_section.av-m891pbxp-ed551b5105d33ac4612b7d891df6138d .avia_textblock{\nfont-size:15px;\ncolor:#ffffff;\n}\n<\/style>\n<section  class='av_textblock_section av-m891pbxp-ed551b5105d33ac4612b7d891df6138d '   itemscope=\"itemscope\" itemtype=\"https:\/\/schema.org\/CreativeWork\" ><div class='avia_textblock av_inherit_color'  itemprop=\"text\" ><p>Il nostro portfolio comprende il VTC Shuttle, con autista e\/o autista privato, e uno yacht esclusivo.- e trasferimenti aeroportuali, cos\u00ec come i servizi di accessibilit\u00e0. A ci\u00f2 si aggiungono i servizi di trasporto e di coordinamento per eventi, matrimoni e servizi di accoglienza nelle stazioni ferroviarie e negli aeroporti. Tali servizi sono disponibili in Italia, Sardegna, Corsica, Monaco, Francia, Svizzera, Spagna, Ibiza, Portogallo e Belgio.<\/p>\n<p>Se desiderate questi servizi in un altro paese di vostra scelta, naturalmente contatteremo uno dei nostri rinomati collaboratori e organizzeremo tutto il necessario.<\/p>\n<p>Esplicitamente e con l&#8217;esercizio della necessaria sovranit\u00e0 professionale, tutti i servizi sono svolti con la massima discrezione. In modo da soddisfare i pi\u00f9 alti standard delle vostre aspettative.<\/p>\n<\/div><\/section><br \/>\n<div  class='avia-button-wrap avia-button-center  avia-builder-el-6  el_after_av_textblock  avia-builder-el-last '>\n<style type=\"text\/css\" data-created_by=\"avia_inline_auto\" id=\"style-css-av-m892f7e3-c2074c93ab2ac91df36949358d20489a\">\n#top #wrap_all .avia-button.av-m892f7e3-c2074c93ab2ac91df36949358d20489a{\nfont-size:14px;\n}\n#top #wrap_all .avia-button.av-m892f7e3-c2074c93ab2ac91df36949358d20489a:hover{\nbackground-color:grey;\ncolor:white;\ntransition:all 0.4s ease-in-out;\n}\n#top #wrap_all .avia-button.av-m892f7e3-c2074c93ab2ac91df36949358d20489a:hover .avia-svg-icon svg:first-child{\nfill:white;\nstroke:white;\n}\n<\/style>\n<a href='https:\/\/moby-port.com\/it\/vtc-chauffeur-richiesta\/' class='avia-color-light avia-font-color-theme-color avia-button avia-button-fullwidth av-m892f7e3-c2074c93ab2ac91df36949358d20489a avia-icon_select-no avia-color-light'   aria-label=\"VTC \u2022 Autista \u2022 Richiesta\"><span class='avia_iconbox_title' >VTC \u2022 Autista \u2022 Richiesta<\/span><\/a><\/div><\/p><\/div><div  class='flex_column av-av_one_fourth-538dd737667e19053994a94b9156413b av_one_fourth  avia-builder-el-7  el_after_av_one_half  avia-builder-el-last  flex_column_div  '     ><\/div><\/div><\/div><\/main><!-- close content main element --><\/div><\/div><div id='after_section_1'  class='main_color av_default_container_wrap container_wrap sidebar_right'  ><div class='container av-section-cont-open' ><div class='template-page content  av-content-small alpha units'><div class='post-entry post-entry-type-page post-entry-10136'><div class='entry-content-wrapper clearfix'>\n","protected":false},"excerpt":{"rendered":"","protected":false},"author":1,"featured_media":0,"parent":0,"menu_order":0,"comment_status":"closed","ping_status":"closed","template":"","meta":{"footnotes":""},"class_list":["post-10136","page","type-page","status-publish","hentry"],"_links":{"self":[{"href":"https:\/\/moby-port.com\/it\/wp-json\/wp\/v2\/pages\/10136","targetHints":{"allow":["GET"]}}],"collection":[{"href":"https:\/\/moby-port.com\/it\/wp-json\/wp\/v2\/pages"}],"about":[{"href":"https:\/\/moby-port.com\/it\/wp-json\/wp\/v2\/types\/page"}],"author":[{"embeddable":true,"href":"https:\/\/moby-port.com\/it\/wp-json\/wp\/v2\/users\/1"}],"replies":[{"embeddable":true,"href":"https:\/\/moby-port.com\/it\/wp-json\/wp\/v2\/comments?post=10136"}],"version-history":[{"count":0,"href":"https:\/\/moby-port.com\/it\/wp-json\/wp\/v2\/pages\/10136\/revisions"}],"wp:attachment":[{"href":"https:\/\/moby-port.com\/it\/wp-json\/wp\/v2\/media?parent=10136"}],"curies":[{"name":"wp","href":"https:\/\/api.w.org\/{rel}","templated":true}]}}