{"id":9701,"date":"2024-05-22T07:26:31","date_gmt":"2024-05-22T05:26:31","guid":{"rendered":"https:\/\/moby-port.com\/?page_id=9701"},"modified":"2025-03-12T10:16:38","modified_gmt":"2025-03-12T09:16:38","slug":"charte-dhelicoptere","status":"publish","type":"page","link":"https:\/\/moby-port.com\/fr\/charte-dhelicoptere\/","title":{"rendered":"Charte d&#8217;h\u00e9licopt\u00e8re"},"content":{"rendered":"\n<style type=\"text\/css\" data-created_by=\"avia_inline_auto\" id=\"style-css-av-av_section-b35d4eeef4e4b0feef9e4caafe3b8d41\">\n.avia-section.av-av_section-b35d4eeef4e4b0feef9e4caafe3b8d41{\nbackground-color:#ffffff;\nbackground-image:url(https:\/\/moby-port.com\/wp-content\/uploads\/2024\/05\/Helicopter.jpg);\nbackground-repeat:no-repeat;\nbackground-position:0% 0%;\nbackground-attachment:scroll;\n}\n<\/style>\n<div id='av_section_1'  class='avia-section av-av_section-b35d4eeef4e4b0feef9e4caafe3b8d41 main_color avia-section-default avia-no-border-styling  avia-builder-el-0  avia-builder-el-no-sibling  avia-full-stretch avia-bg-style-scroll container_wrap sidebar_right'  data-section-bg-repeat='stretch'><div class='container av-section-cont-open' ><main  role=\"main\" itemprop=\"mainContentOfPage\"  class='template-page content  av-content-small alpha units'><div class='post-entry post-entry-type-page post-entry-9701'><div class='entry-content-wrapper clearfix'>\n\n<style type=\"text\/css\" data-created_by=\"avia_inline_auto\" id=\"style-css-av-m866ke47-f5a3fd23c2ab210c26b80a1bf93e2fb9\">\n#top .av-special-heading.av-m866ke47-f5a3fd23c2ab210c26b80a1bf93e2fb9{\npadding-bottom:10px;\ncolor:#ffffff;\n}\nbody .av-special-heading.av-m866ke47-f5a3fd23c2ab210c26b80a1bf93e2fb9 .av-special-heading-tag .heading-char{\nfont-size:25px;\n}\n.av-special-heading.av-m866ke47-f5a3fd23c2ab210c26b80a1bf93e2fb9 .special-heading-inner-border{\nborder-color:#ffffff;\n}\n.av-special-heading.av-m866ke47-f5a3fd23c2ab210c26b80a1bf93e2fb9 .av-subheading{\nfont-size:15px;\n}\n<\/style>\n<div  class='av-special-heading av-m866ke47-f5a3fd23c2ab210c26b80a1bf93e2fb9 av-special-heading-h1 custom-color-heading blockquote classic-quote  avia-builder-el-1  el_before_av_hr  avia-builder-el-first  av-linked-heading'><h1 class='av-special-heading-tag '  itemprop=\"headline\"  >Charte d\u2019h\u00e9licopt\u00e8re<\/h1><div class=\"special-heading-border\"><div class=\"special-heading-inner-border\"><\/div><\/div><\/div>\n<div  class='hr av-av_hr-bee3e0d805873ac154ce0cd1251acf1b hr-short  avia-builder-el-2  el_after_av_heading  el_before_av_one_fourth  hr-center'><span class='hr-inner '><span class=\"hr-inner-style\"><\/span><\/span><\/div>\n<div  class='flex_column av-av_one_fourth-a2cef933b0a555f25d1e39b22a8e9dae av_one_fourth  avia-builder-el-3  el_after_av_hr  el_before_av_one_half  first flex_column_div  '     ><\/div>\n<style type=\"text\/css\" data-created_by=\"avia_inline_auto\" id=\"style-css-av-av_one_half-c94cef227f8392b465345b114b0f8dd8\">\n.flex_column.av-av_one_half-c94cef227f8392b465345b114b0f8dd8{\nborder-radius:5px 5px 5px 5px;\npadding:30px 30px 30px 30px;\nbackground-color:rgba(0,0,0,0.45);\n}\n<\/style>\n<div  class='flex_column av-av_one_half-c94cef227f8392b465345b114b0f8dd8 av_one_half  avia-builder-el-4  el_after_av_one_fourth  el_before_av_one_fourth  flex_column_div  '     ><p>\n<style type=\"text\/css\" data-created_by=\"avia_inline_auto\" id=\"style-css-av-m866mokx-f0c60e15b1f8c144e2c5bb4abf15682f\">\n#top .av_textblock_section.av-m866mokx-f0c60e15b1f8c144e2c5bb4abf15682f .avia_textblock{\nfont-size:15px;\ncolor:#ffffff;\n}\n<\/style>\n<section  class='av_textblock_section av-m866mokx-f0c60e15b1f8c144e2c5bb4abf15682f '   itemscope=\"itemscope\" itemtype=\"https:\/\/schema.org\/CreativeWork\" ><div class='avia_textblock av_inherit_color'  itemprop=\"text\" ><p>Nous combinons individualit\u00e9, rapidit\u00e9 et flexibilit\u00e9 et vous amenons directement \u00e0 destination sans d\u00e9tours !<\/p>\n<p>Vos avantages lorsque vous voyagez avec nous<\/p>\n<ul>\n<li>Courtes distances entre votre v\u00e9hicule et le jet ou l&#8217;h\u00e9licopt\u00e8re via le terminal de l&#8217;aviation g\u00e9n\u00e9rale<\/li>\n<li>Pas de files d&#8217;attente aux contr\u00f4les de s\u00e9curit\u00e9 et \u00e0 l&#8217;enregistrement<\/li>\n<li>R\u00e9duction des contacts par rapport au s\u00e9jour habituel \u00e0 l&#8217;a\u00e9roport<\/li>\n<li>D\u00e9tente au salon VIP<\/li>\n<li>Transfert direct vers votre jet et\/ou h\u00e9licopt\u00e8re<\/li>\n<li>Gagnez un temps pr\u00e9cieux tout au long du voyage<\/li>\n<\/ul>\n<p>Planifiez avec la certitude que nous r\u00e9pondrons toujours avec flexibilit\u00e9 \u00e0 vos besoins individuels.<\/p>\n<p>Le haut niveau de qualit\u00e9 garantit que vous ne manquerez de rien \u00e0 bord. \u00c0 chaque vol, nous vous proposons notre service \u00e9prouv\u00e9, nos divertissements et notre restauration \u2013 \u00e9galement avec nos partenaires de jets dans le monde entier, adapt\u00e9s \u00e0 vos besoins\u00a0!<\/p>\n<\/div><\/section><br \/>\n<div  class='avia-button-wrap avia-button-center  avia-builder-el-6  el_after_av_textblock  avia-builder-el-last '>\n<style type=\"text\/css\" data-created_by=\"avia_inline_auto\" id=\"style-css-av-m866nuob-f0c1ad92aab099af5e47e94d5da11388\">\n#top #wrap_all .avia-button.av-m866nuob-f0c1ad92aab099af5e47e94d5da11388{\nfont-size:14px;\n}\n#top #wrap_all .avia-button.av-m866nuob-f0c1ad92aab099af5e47e94d5da11388:hover{\nbackground-color:grey;\ncolor:white;\ntransition:all 0.4s ease-in-out;\n}\n#top #wrap_all .avia-button.av-m866nuob-f0c1ad92aab099af5e47e94d5da11388:hover .avia-svg-icon svg:first-child{\nfill:white;\nstroke:white;\n}\n<\/style>\n<a href='https:\/\/moby-port.com\/fr\/demande-de-charte\/' class='avia-color-light avia-font-color-theme-color avia-button avia-button-fullwidth av-m866nuob-f0c1ad92aab099af5e47e94d5da11388 avia-icon_select-no avia-color-light'   aria-label=\"Demande de Charte\"><span class='avia_iconbox_title' >Demande de Charte<\/span><\/a><\/div><\/p><\/div><div  class='flex_column av-av_one_fourth-538dd737667e19053994a94b9156413b av_one_fourth  avia-builder-el-7  el_after_av_one_half  avia-builder-el-last  flex_column_div  '     ><\/div><\/div><\/div><\/main><!-- close content main element --><\/div><\/div><div id='after_section_1'  class='main_color av_default_container_wrap container_wrap sidebar_right'  ><div class='container av-section-cont-open' ><div class='template-page content  av-content-small alpha units'><div class='post-entry post-entry-type-page post-entry-9701'><div class='entry-content-wrapper clearfix'>\n","protected":false},"excerpt":{"rendered":"","protected":false},"author":1,"featured_media":0,"parent":0,"menu_order":0,"comment_status":"closed","ping_status":"closed","template":"","meta":{"footnotes":""},"class_list":["post-9701","page","type-page","status-publish","hentry"],"_links":{"self":[{"href":"https:\/\/moby-port.com\/fr\/wp-json\/wp\/v2\/pages\/9701","targetHints":{"allow":["GET"]}}],"collection":[{"href":"https:\/\/moby-port.com\/fr\/wp-json\/wp\/v2\/pages"}],"about":[{"href":"https:\/\/moby-port.com\/fr\/wp-json\/wp\/v2\/types\/page"}],"author":[{"embeddable":true,"href":"https:\/\/moby-port.com\/fr\/wp-json\/wp\/v2\/users\/1"}],"replies":[{"embeddable":true,"href":"https:\/\/moby-port.com\/fr\/wp-json\/wp\/v2\/comments?post=9701"}],"version-history":[{"count":0,"href":"https:\/\/moby-port.com\/fr\/wp-json\/wp\/v2\/pages\/9701\/revisions"}],"wp:attachment":[{"href":"https:\/\/moby-port.com\/fr\/wp-json\/wp\/v2\/media?parent=9701"}],"curies":[{"name":"wp","href":"https:\/\/api.w.org\/{rel}","templated":true}]}}