{"id":9616,"date":"2024-05-21T15:14:01","date_gmt":"2024-05-21T13:14:01","guid":{"rendered":"https:\/\/moby-port.com\/?page_id=9616"},"modified":"2025-06-29T09:41:59","modified_gmt":"2025-06-29T07:41:59","slug":"livraison-de-petit-dejeuner-au-lever-du-soleil","status":"publish","type":"page","link":"https:\/\/moby-port.com\/fr\/livraison-de-petit-dejeuner-au-lever-du-soleil\/","title":{"rendered":"Livraison de petit-d\u00e9jeuner au lever du soleil"},"content":{"rendered":"<div id='full_slider_1'  class='avia-fullwidth-slider main_color avia-shadow   avia-builder-el-0  el_before_av_one_half  avia-builder-el-first   container_wrap sidebar_right'  >\n<style type=\"text\/css\" data-created_by=\"avia_inline_auto\" id=\"style-css-av-m7wc8p4q-9a79cf7a70ec5aeb2e625b49b6edb81b\">\n#top #wrap_all .avia-slideshow .av-slideshow-caption.av-m7wc8p4q-9a79cf7a70ec5aeb2e625b49b6edb81b__0 .avia-caption-title{\ncolor:#ffffff;\n}\n<\/style>\n<div  class='avia-slideshow av-m7wc8p4q-9a79cf7a70ec5aeb2e625b49b6edb81b avia-slideshow-featured av_slideshow_full avia-slide-slider av-slideshow-ui av-control-default av-slideshow-manual av-loop-once av-loop-manual-endless av-default-height-applied   avia-slideshow-1' data-slideshow-options=\"{&quot;animation&quot;:&quot;slide&quot;,&quot;autoplay&quot;:false,&quot;loop_autoplay&quot;:&quot;once&quot;,&quot;interval&quot;:5,&quot;loop_manual&quot;:&quot;manual-endless&quot;,&quot;autoplay_stopper&quot;:false,&quot;noNavigation&quot;:false,&quot;bg_slider&quot;:false,&quot;keep_padding&quot;:false,&quot;hoverpause&quot;:false,&quot;show_slide_delay&quot;:0}\"  itemprop=\"image\" itemscope=\"itemscope\" itemtype=\"https:\/\/schema.org\/ImageObject\" ><ul class='avia-slideshow-inner ' style='padding-bottom: 23.809523809524%;'><li  class='avia-slideshow-slide av-m7wc8p4q-9a79cf7a70ec5aeb2e625b49b6edb81b__0  av-single-slide slide-1 slide-odd'><div data-rel='slideshow-1' class='avia-slide-wrap '   ><div class='av-slideshow-caption av-m7wc8p4q-9a79cf7a70ec5aeb2e625b49b6edb81b__0 caption_fullwidth caption_bottom caption_bottom_framed caption_framed'><div class=\"container caption_container\"><div class=\"slideshow_caption\"><div class=\"slideshow_inner_caption\"><div class=\"slideshow_align_caption\"><h2 class='avia-caption-title '  itemprop=\"name\" >Nous livrons le petit d\u00e9jeuner avant le lever du soleil<\/h2><\/div><\/div><\/div><\/div><\/div><img decoding=\"async\" fetchpriority=\"high\" class=\"wp-image-10035 avia-img-lazy-loading-not-10035\"  src=\"https:\/\/moby-port.com\/wp-content\/uploads\/2025\/03\/Fruehstueck-Slider.jpg\" width=\"1260\" height=\"300\" title='Fru\u0308hstu\u0308ck Slider' alt=''  itemprop=\"thumbnailUrl\" srcset=\"https:\/\/moby-port.com\/wp-content\/uploads\/2025\/03\/Fruehstueck-Slider.jpg 1260w, https:\/\/moby-port.com\/wp-content\/uploads\/2025\/03\/Fruehstueck-Slider-300x71.jpg 300w, https:\/\/moby-port.com\/wp-content\/uploads\/2025\/03\/Fruehstueck-Slider-1030x245.jpg 1030w, https:\/\/moby-port.com\/wp-content\/uploads\/2025\/03\/Fruehstueck-Slider-768x183.jpg 768w, https:\/\/moby-port.com\/wp-content\/uploads\/2025\/03\/Fruehstueck-Slider-705x168.jpg 705w\" sizes=\"(max-width: 1260px) 100vw, 1260px\" \/><\/div><\/li><\/ul><\/div><\/div><div id='after_full_slider_1'  class='main_color av_default_container_wrap container_wrap sidebar_right'  ><div class='container av-section-cont-open' ><div class='template-page content  av-content-small alpha units'><div class='post-entry post-entry-type-page post-entry-9616'><div class='entry-content-wrapper clearfix'>\n<div  class='flex_column av-1dzbxs-6b0fbf924004f74090ab41ce3b4c818d av_one_half  avia-builder-el-1  el_after_av_slideshow_full  el_before_av_one_half  avia-builder-el-first  first flex_column_div  '     ><style type=\"text\/css\" data-created_by=\"avia_inline_auto\" id=\"style-css-av-cvk3b4-b90a3e5b0dcc6e58f8c9b976e1b87810\">\n.avia-image-container.av-cvk3b4-b90a3e5b0dcc6e58f8c9b976e1b87810 img.avia_image{\nbox-shadow:none;\n}\n.avia-image-container.av-cvk3b4-b90a3e5b0dcc6e58f8c9b976e1b87810 .av-image-caption-overlay-center{\ncolor:#ffffff;\n}\n<\/style>\n<div  class='avia-image-container av-cvk3b4-b90a3e5b0dcc6e58f8c9b976e1b87810 av-styling- avia-align-center  avia-builder-el-2  avia-builder-el-no-sibling '   itemprop=\"image\" itemscope=\"itemscope\" itemtype=\"https:\/\/schema.org\/ImageObject\" ><div class=\"avia-image-container-inner\"><div class=\"avia-image-overlay-wrap\"><img decoding=\"async\" fetchpriority=\"high\" class='wp-image-10044 avia-img-lazy-loading-not-10044 avia_image ' src=\"https:\/\/moby-port.com\/wp-content\/uploads\/2025\/03\/Fruehstueck-2.jpeg\" alt='' title='Fru\u0308hstu\u0308ck 2'  height=\"1875\" width=\"1250\"  itemprop=\"thumbnailUrl\" srcset=\"https:\/\/moby-port.com\/wp-content\/uploads\/2025\/03\/Fruehstueck-2.jpeg 1250w, https:\/\/moby-port.com\/wp-content\/uploads\/2025\/03\/Fruehstueck-2-200x300.jpeg 200w, https:\/\/moby-port.com\/wp-content\/uploads\/2025\/03\/Fruehstueck-2-687x1030.jpeg 687w, https:\/\/moby-port.com\/wp-content\/uploads\/2025\/03\/Fruehstueck-2-768x1152.jpeg 768w, https:\/\/moby-port.com\/wp-content\/uploads\/2025\/03\/Fruehstueck-2-1024x1536.jpeg 1024w, https:\/\/moby-port.com\/wp-content\/uploads\/2025\/03\/Fruehstueck-2-1000x1500.jpeg 1000w, https:\/\/moby-port.com\/wp-content\/uploads\/2025\/03\/Fruehstueck-2-470x705.jpeg 470w\" sizes=\"(max-width: 1250px) 100vw, 1250px\" \/><\/div><\/div><\/div><\/div>\n<div  class='flex_column av-axl8ao-24f4d6b0ec1fe63bad73e53001db1f37 av_one_half  avia-builder-el-3  el_after_av_one_half  el_before_av_hr  flex_column_div  '     ><p>\n<style type=\"text\/css\" data-created_by=\"avia_inline_auto\" id=\"style-css-av-m7wc91d0-e08b452f39eef5bae5b5053449043a40\">\n#top .av-special-heading.av-m7wc91d0-e08b452f39eef5bae5b5053449043a40{\npadding-bottom:10px;\n}\nbody .av-special-heading.av-m7wc91d0-e08b452f39eef5bae5b5053449043a40 .av-special-heading-tag .heading-char{\nfont-size:25px;\n}\n.av-special-heading.av-m7wc91d0-e08b452f39eef5bae5b5053449043a40 .av-subheading{\nfont-size:15px;\n}\n<\/style>\n<div  class='av-special-heading av-m7wc91d0-e08b452f39eef5bae5b5053449043a40 av-special-heading-h3 blockquote elegant-quote elegant-centered  avia-builder-el-4  el_before_av_hr  avia-builder-el-first '><h3 class='av-special-heading-tag '  itemprop=\"headline\"  ><span class=\"heading-wrap\">livraison du petit d\u00e9jeuner avant le lever du soleil<\/span><\/h3><div class=\"special-heading-border\"><div class=\"special-heading-inner-border\"><\/div><\/div><\/div><br \/>\n\n<style type=\"text\/css\" data-created_by=\"avia_inline_auto\" id=\"style-css-av-9sj6f4-5c44b36fc198414c34999c747b1f7010\">\n#top .hr.hr-invisible.av-9sj6f4-5c44b36fc198414c34999c747b1f7010{\nheight:10px;\n}\n<\/style>\n<div  class='hr av-9sj6f4-5c44b36fc198414c34999c747b1f7010 hr-invisible  avia-builder-el-5  el_after_av_heading  el_before_av_textblock '><span class='hr-inner '><span class=\"hr-inner-style\"><\/span><\/span><\/div><br \/>\n<section  class='av_textblock_section av-m7wccdnu-697cd2997eb29182f883c1707b9a4b22 '   itemscope=\"itemscope\" itemtype=\"https:\/\/schema.org\/CreativeWork\" ><div class='avia_textblock'  itemprop=\"text\" ><p>Un service pour tous ceux qui ne veulent pas aller \u00e0 la boulangerie et\/ou \u00e0 l&#8217;\u00e9picerie le matin, mais ne veulent pas non plus manquer leur petit-d\u00e9jeuner.<\/p>\n<p>Vous d\u00e9cidez quels produits vous souhaitez pour un petit-d\u00e9jeuner fantastique. Nous nous chargeons de l&#8217;approvisionnement en produits, nourriture, boissons et spiritueux en fonction de vos sp\u00e9cifications (short list) puis les livrons directement sur votre bateau.<\/p>\n<p><strong>Avantages :<\/strong><br \/>\n\u2022 Vous n\u2019avez pas besoin d\u2019aller en ville<br \/>\n\u2022 Pas de visite personnelle \u00e0 la boulangerie\/boucherie\/supermarch\u00e9<br \/>\n\u2022 Aucune visite personnelle dans les magasins de votre choix<br \/>\n\u2022 Pas de bousculade dans les magasins<br \/>\n\u2022 Pas de temps d&#8217;attente, pas de discussions \u00e0 la caisse<br \/>\n\u2022 Ne pas porter de sacs lourds, de boissons, etc.<br \/>\n\u2022 Vous pouvez vous d\u00e9tendre et utiliser votre temps pour d\u2019autres choses<\/p>\n<p><strong>En plus :<\/strong><br \/>\n\u2022 D\u00e9lais de livraison flexibles<br \/>\n\u2022 Nous livrons de 05h30 du matin jusqu&#8217;\u00e0 01h00 du soir<br \/>\n\u2022 Votre bateau est ancr\u00e9 \u00e0 l&#8217;ext\u00e9rieur du port &#8211; nous livrons !<br \/>\n\u2022 Frais de livraison mod\u00e9r\u00e9s<br \/>\n\u2022 Pas de valeur minimum de commande<\/p>\n<p><strong>Exemple de commande de petit-d\u00e9jeuner :<\/strong><br \/>\n4 croissants, 1 baguette, confiture, 6 oeufs, 2 lait, 6 bouteilles d&#8217;eau, fruits, caf\u00e9, sucre.<\/p>\n<p>Nous calculons les prix des produits sur la base du re\u00e7u plus 2,00 \u20ac de frais de livraison \u2013 rien de mieux !<\/p>\n<p>M\u00eame si vous ne souhaitez qu&#8217;un croissant et \u00e9ventuellement une baguette, nous livrons ! Ici aussi, nous calculons les prix des produits sur la base du re\u00e7u, plus 2,00 \u20ac pour la livraison.<\/p>\n<\/div><\/section><\/p><\/div>\n\n<style type=\"text\/css\" data-created_by=\"avia_inline_auto\" id=\"style-css-av-74a8rk-4df218a331c0c53c0491b7e32fe4df43\">\n#top .hr.hr-invisible.av-74a8rk-4df218a331c0c53c0491b7e32fe4df43{\nheight:15px;\n}\n<\/style>\n<div  class='hr av-74a8rk-4df218a331c0c53c0491b7e32fe4df43 hr-invisible  avia-builder-el-7  el_after_av_one_half  el_before_av_textblock '><span class='hr-inner '><span class=\"hr-inner-style\"><\/span><\/span><\/div>\n<section  class='av_textblock_section av-m7wcd780-a1731534681ca38e39f333e4d21b3df2 '   itemscope=\"itemscope\" itemtype=\"https:\/\/schema.org\/CreativeWork\" ><div class='avia_textblock'  itemprop=\"text\" ><p style=\"text-align: center;\">Sur notre site Web, sous Activit\u00e9s \/ Service de livraison dans le monde entier, vous trouverez d&#8217;autres solutions pour les commandes de tout type et de toute taille.<\/p>\n<\/div><\/section>\n\n<style type=\"text\/css\" data-created_by=\"avia_inline_auto\" id=\"style-css-av-61ds3k-f15fc92e3bb4c4e99700cc1fff796da9\">\n#top .hr.hr-invisible.av-61ds3k-f15fc92e3bb4c4e99700cc1fff796da9{\nheight:15px;\n}\n<\/style>\n<div  class='hr av-61ds3k-f15fc92e3bb4c4e99700cc1fff796da9 hr-invisible  avia-builder-el-9  el_after_av_textblock  el_before_av_one_full '><span class='hr-inner '><span class=\"hr-inner-style\"><\/span><\/span><\/div>\n<div  class='flex_column av-3j1w74-a0569657f4f2c53d4c633490438fcb7d av_one_full  avia-builder-el-10  el_after_av_hr  avia-builder-el-last  first flex_column_div  '     ><p><section  class='av_textblock_section av-m7wcdm49-a09d7d612cf5687fc3fa31e956f72d9b '   itemscope=\"itemscope\" itemtype=\"https:\/\/schema.org\/CreativeWork\" ><div class='avia_textblock'  itemprop=\"text\" ><p>Les champs marqu\u00e9s d&#8217;un * doivent \u00eatre remplis.<\/p>\n<\/div><\/section><br \/>\n<form action=\"https:\/\/moby-port.com\/fr\/livraison-de-petit-dejeuner-au-lever-du-soleil\/\" method=\"post\" data-fields-with-error=\"Erreurs trouv\u00e9es dans les champs suivants :\" class=\"avia_ajax_form av-form-labels-visible   avia-builder-el-12  el_after_av_textblock  el_before_av_textblock   \" data-avia-form-id=\"1\" data-avia-redirect=''  aria-label='Kontaktformular' ><h3 class=''>Et bien, que pouvons-nous vous offrir...<\/h3><fieldset><p class='  first_form  form_element form_element_fourth' id='element_avia_1_1'><label for=\"avia_1_1\">Langue de correspondance<\/label><select  name=\"avia_1_1\" class=\"select \" id=\"avia_1_1\"><option   value='Veuillez s\u00e9lectionner'>Veuillez s\u00e9lectionner<\/option><option   value='Allemand'>Allemand<\/option><option   value='Anglais'>Anglais<\/option><option   value='Fran\u00e7ais'>Fran\u00e7ais<\/option><option   value='Italien'>Italien<\/option><\/select><\/p><p class='  form_element form_element_fourth' id='element_avia_2_1'><label for=\"avia_2_1\">Titre <abbr class=\"required\" title=\"requis(e)\">*<\/abbr><\/label><select  name=\"avia_2_1\" class=\"select is_empty\" id=\"avia_2_1\"><option   value='Veuillez s\u00e9lectionner'>Veuillez s\u00e9lectionner<\/option><option   value='Madame'>Madame<\/option><option   value='Monsieur'>Monsieur<\/option><\/select><\/p><p class='  form_element form_element_fourth' id='element_avia_3_1'><label for=\"avia_3_1\">Nom de famille <abbr class=\"required\" title=\"requis(e)\">*<\/abbr><\/label> <input name=\"avia_3_1\" class=\"text_input is_empty\" type=\"text\" id=\"avia_3_1\" value=\"\" \/><\/p><p class='  form_element form_element_fourth' id='element_avia_4_1'><label for=\"avia_4_1\">Pr\u00e9nom <abbr class=\"required\" title=\"requis(e)\">*<\/abbr><\/label> <input name=\"avia_4_1\" class=\"text_input is_empty\" type=\"text\" id=\"avia_4_1\" value=\"\" \/><\/p><p class='  first_form  form_element form_element_third' id='element_avia_5_1'><label for=\"avia_5_1\">Rue \/ n\u00b0 <abbr class=\"required\" title=\"requis(e)\">*<\/abbr><\/label> <input name=\"avia_5_1\" class=\"text_input is_empty\" type=\"text\" id=\"avia_5_1\" value=\"\" \/><\/p><p class='  form_element form_element_third' id='element_avia_6_1'><label for=\"avia_6_1\">Code postal <abbr class=\"required\" title=\"requis(e)\">*<\/abbr><\/label> <input name=\"avia_6_1\" class=\"text_input is_empty\" type=\"text\" id=\"avia_6_1\" value=\"\" \/><\/p><p class='  form_element form_element_third' id='element_avia_7_1'><label for=\"avia_7_1\">Lieu <abbr class=\"required\" title=\"requis(e)\">*<\/abbr><\/label> <input name=\"avia_7_1\" class=\"text_input is_empty\" type=\"text\" id=\"avia_7_1\" value=\"\" \/><\/p><p class='  first_form  form_element form_element_fourth' id='element_avia_8_1'><label for=\"avia_8_1\">Pays <abbr class=\"required\" title=\"requis(e)\">*<\/abbr><\/label> <input name=\"avia_8_1\" class=\"text_input is_empty\" type=\"text\" id=\"avia_8_1\" value=\"\" \/><\/p><p class='  form_element form_element_fourth' id='element_avia_9_1'><label for=\"avia_9_1\">Num\u00e9ro de portable <abbr class=\"required\" title=\"requis(e)\">*<\/abbr><\/label> <input name=\"avia_9_1\" class=\"text_input is_empty\" type=\"text\" id=\"avia_9_1\" value=\"\" \/><\/p><p class='  form_element form_element_half' id='element_avia_10_1'><label for=\"avia_10_1\">E-Mail <abbr class=\"required\" title=\"requis(e)\">*<\/abbr><\/label> <input name=\"avia_10_1\" class=\"text_input is_email\" type=\"text\" id=\"avia_10_1\" value=\"\" \/><\/p><p class='  first_form  form_element form_element_fourth' id='element_avia_11_1'><label for=\"avia_11_1\">Type de navire <abbr class=\"required\" title=\"requis(e)\">*<\/abbr><\/label><select  name=\"avia_11_1\" class=\"select is_empty\" id=\"avia_11_1\"><option   value='Veuillez s\u00e9lectionner'>Veuillez s\u00e9lectionner<\/option><option   value='Bateau'>Bateau<\/option><option   value='Bateau \u00e0 moteur'>Bateau \u00e0 moteur<\/option><option   value='Navire'>Navire<\/option><option   value='Voilier'>Voilier<\/option><option   value='Catamaran'>Catamaran<\/option><option   value='Yacht'>Yacht<\/option><\/select><\/p><p class='  form_element form_element_fourth' id='element_avia_12_1'><label for=\"avia_12_1\">Place d\u2019amarrage ( nom \/ num\u00e9ro ) <abbr class=\"required\" title=\"requis(e)\">*<\/abbr><\/label> <input name=\"avia_12_1\" class=\"text_input is_empty\" type=\"text\" id=\"avia_12_1\" value=\"\" \/><\/p><p class='  form_element form_element_fourth' id='element_avia_13_1'><label for=\"avia_13_1\">Nom du port <abbr class=\"required\" title=\"requis(e)\">*<\/abbr><\/label> <input name=\"avia_13_1\" class=\"text_input is_empty\" type=\"text\" id=\"avia_13_1\" value=\"\" \/><\/p><p class='  form_element form_element_fourth' id='element_avia_14_1'><label for=\"avia_14_1\">Pays <abbr class=\"required\" title=\"requis(e)\">*<\/abbr><\/label><select  name=\"avia_14_1\" class=\"select is_empty\" id=\"avia_14_1\"><option   value='Veuillez s\u00e9lectionner'>Veuillez s\u00e9lectionner<\/option><option   value='Belgique'>Belgique<\/option><option   value='Danemark'>Danemark<\/option><option   value='Allemagne'>Allemagne<\/option><option   value='Angleterre'>Angleterre<\/option><option   value='France'>France<\/option><option   value='Italie'>Italie<\/option><option   value='Sardaigne'>Sardaigne<\/option><option   value='Pays-Bas'>Pays-Bas<\/option><option   value='Norv\u00e8ge'>Norv\u00e8ge<\/option><option   value='Su\u00e8de'>Su\u00e8de<\/option><\/select><\/p><p class='  first_form  form_element form_element_fourth' id='element_avia_15_1'><label for=\"avia_15_1\">De quoi avez-vous besoin? <abbr class=\"required\" title=\"requis(e)\">*<\/abbr><\/label><select  name=\"avia_15_1\" class=\"select is_empty\" id=\"avia_15_1\"><option   value='Veuillez s\u00e9lectionner'>Veuillez s\u00e9lectionner<\/option><option   value='Information'>Information<\/option><option   value='Offre'>Offre<\/option><option   value='Commande'>Commande<\/option><\/select><\/p><p class='  form_element form_element_fourth' id='element_avia_16_1'><label for=\"avia_16_1\">Mode de livraison <abbr class=\"required\" title=\"requis(e)\">*<\/abbr><\/label><select  name=\"avia_16_1\" class=\"select is_empty\" id=\"avia_16_1\"><option   value='Veuillez choisir'>Veuillez choisir<\/option><option   value='Petit-d\u00e9jeuner - Livraison (FSL) 2.00 \u20ac au poste d\u2018amarrage\/appartement'>Petit-d\u00e9jeuner - Livraison (FSL) 2.00 \u20ac au poste d\u2018amarrage\/appartement<\/option><option   value='Petit-d\u00e9jeuner - Livraison (FSL) 3.00 \u20ac mouillage devant le port'>Petit-d\u00e9jeuner - Livraison (FSL) 3.00 \u20ac mouillage devant le port<\/option><option   value='Standard - Livraison (SL) 3.00 \u20ac au poste d\u2019amarrage\/appartement'>Standard - Livraison (SL) 3.00 \u20ac au poste d\u2019amarrage\/appartement<\/option><option   value='Standard - Livraison (SL) 5.00 \u20ac mouillage devant le port'>Standard - Livraison (SL) 5.00 \u20ac mouillage devant le port<\/option><option   value='Deluxe - Livraison (DL) 4.00 \u20ac au poste d\u2018amarrage\/appartement'>Deluxe - Livraison (DL) 4.00 \u20ac au poste d\u2018amarrage\/appartement<\/option><option   value='Deluxe - Livraison (DL) 7.00 \u20ac mouillage devant le port'>Deluxe - Livraison (DL) 7.00 \u20ac mouillage devant le port<\/option><option   value='Premium - Livraison (PL) 7.00 \u20ac au poste d\u2019amarrage\/appartement'>Premium - Livraison (PL) 7.00 \u20ac au poste d\u2019amarrage\/appartement<\/option><option   value='Premium - Livraison (PL) 13.00 \u20ac mouillage devant le port'>Premium - Livraison (PL) 13.00 \u20ac mouillage devant le port<\/option><option   value='Ultimate - Livraison (UL) 16.00 \u20ac au poste d\u2019amarrage\/appartement'>Ultimate - Livraison (UL) 16.00 \u20ac au poste d\u2019amarrage\/appartement<\/option><option   value='Ultimate - Livraison (UL) 24.00 \u20ac mouillage devant le port'>Ultimate - Livraison (UL) 24.00 \u20ac mouillage devant le port<\/option><\/select><\/p><p class='  form_element form_element_fourth' id='element_avia_17_1'><label for=\"avia_17_1\">Livraison <abbr class=\"required\" title=\"requis(e)\">*<\/abbr><\/label><select  name=\"avia_17_1\" class=\"select is_empty\" id=\"avia_17_1\"><option   value='Veuillez choisir'>Veuillez choisir<\/option><option   value='Petit d\u00e9jeuner \u00e0 partir de 05h30'>Petit d\u00e9jeuner \u00e0 partir de 05h30<\/option><option   value='Sur rendez-vous'>Sur rendez-vous<\/option><\/select><\/p><p class='  form_element form_element_fourth' id='element_avia_18_1'><label for=\"avia_18_1\">Devrait commencer le : <abbr class=\"required\" title=\"requis(e)\">*<\/abbr><\/label> <input name=\"avia_18_1\" class=\"avia_datepicker text_input is_empty\" type=\"text\" id=\"avia_18_1\" value=\"\" placeholder=\"DD \/ MM \/ YY\" inputmode=\"none\" \/><\/p><p class='  first_form  form_element form_element_fourth' id='element_avia_19_1'><label for=\"avia_19_1\">Se termine le : <abbr class=\"required\" title=\"requis(e)\">*<\/abbr><\/label> <input name=\"avia_19_1\" class=\"avia_datepicker text_input is_empty\" type=\"text\" id=\"avia_19_1\" value=\"\" placeholder=\"DD \/ MM \/ YY\" inputmode=\"none\" \/><\/p><p class='  first_form  form_element form_fullwidth' id='element_avia_20_1'><label for=\"avia_20_1\" class=\"textare_label hidden textare_label_avia_20_1\">Votre message pour nous <abbr class=\"required\" title=\"requis(e)\">*<\/abbr><\/label><textarea  name=\"avia_20_1\" class=\"text_area is_empty\" cols=\"40\" rows=\"7\" id=\"avia_20_1\" ><\/textarea><\/p><p class=\"hidden\"><input type=\"text\" name=\"avia_21_1\" class=\"hidden \" id=\"avia_21_1\" value=\"\" \/><\/p><p class='   form_element form_fullwidth' id='element_avia_22_1'><span class='value_verifier_label'>4 + 4 = ?<\/span><input name=\"avia_22_1_verifier\" type=\"hidden\" id=\"avia_22_1_verifier\" value=\"224776878\"\/><label for=\"avia_22_1\">Merci de prouver que vous \u00eates un humain en donnant le r\u00e9sultat de cette op\u00e9ration <abbr class=\"required\" title=\"requis(e)\">*<\/abbr><\/label><input name=\"avia_22_1\" class=\"text_input captcha\" type=\"text\" id=\"avia_22_1\" value=\"\"\/><\/p><p class=\"form_element \"><input type=\"hidden\" value=\"1\" name=\"avia_generated_form1\" \/><input type=\"submit\" value=\"Senden\" class=\"button\"  data-sending-label=\"Envoi\"\/><\/p><\/fieldset><\/form><div id=\"ajaxresponse_1\" class=\"ajaxresponse ajaxresponse_1 hidden\"><\/div><br \/>\n<section  class='av_textblock_section av-m7wcdz9t-a74123f7cce164d0d4462d267705488f '   itemscope=\"itemscope\" itemtype=\"https:\/\/schema.org\/CreativeWork\" ><div class='avia_textblock'  itemprop=\"text\" ><p style=\"text-align: center;\">Vos donn\u00e9es personnelles sont transmises via une connexion s\u00e9curis\u00e9e. Les dispositions l\u00e9gales en mati\u00e8re de protection des donn\u00e9es sont bien entendu respect\u00e9es. Pour en savoir plus \u00e0 ce sujet, consultez notre politique de confidentialit\u00e9.<\/p>\n<\/div><\/section><\/p><\/div>\n","protected":false},"excerpt":{"rendered":"","protected":false},"author":1,"featured_media":0,"parent":0,"menu_order":0,"comment_status":"closed","ping_status":"closed","template":"","meta":{"footnotes":""},"class_list":["post-9616","page","type-page","status-publish","hentry"],"_links":{"self":[{"href":"https:\/\/moby-port.com\/fr\/wp-json\/wp\/v2\/pages\/9616","targetHints":{"allow":["GET"]}}],"collection":[{"href":"https:\/\/moby-port.com\/fr\/wp-json\/wp\/v2\/pages"}],"about":[{"href":"https:\/\/moby-port.com\/fr\/wp-json\/wp\/v2\/types\/page"}],"author":[{"embeddable":true,"href":"https:\/\/moby-port.com\/fr\/wp-json\/wp\/v2\/users\/1"}],"replies":[{"embeddable":true,"href":"https:\/\/moby-port.com\/fr\/wp-json\/wp\/v2\/comments?post=9616"}],"version-history":[{"count":0,"href":"https:\/\/moby-port.com\/fr\/wp-json\/wp\/v2\/pages\/9616\/revisions"}],"wp:attachment":[{"href":"https:\/\/moby-port.com\/fr\/wp-json\/wp\/v2\/media?parent=9616"}],"curies":[{"name":"wp","href":"https:\/\/api.w.org\/{rel}","templated":true}]}}