{"id":9490,"date":"2026-03-20T20:01:48","date_gmt":"2026-03-20T19:01:48","guid":{"rendered":"https:\/\/moby-port.com\/?page_id=9490"},"modified":"2025-12-09T09:42:57","modified_gmt":"2025-12-09T08:42:57","slug":"imprimer","status":"publish","type":"page","link":"https:\/\/moby-port.com\/fr\/imprimer\/","title":{"rendered":"Imprimer"},"content":{"rendered":"\n<style type=\"text\/css\" data-created_by=\"avia_inline_auto\" id=\"style-css-av-lwcj5tky-395b82bcb2185c5c28dc7070692a2acf\">\n#top .av-special-heading.av-lwcj5tky-395b82bcb2185c5c28dc7070692a2acf{\npadding-bottom:10px;\n}\nbody .av-special-heading.av-lwcj5tky-395b82bcb2185c5c28dc7070692a2acf .av-special-heading-tag .heading-char{\nfont-size:25px;\n}\n.av-special-heading.av-lwcj5tky-395b82bcb2185c5c28dc7070692a2acf .av-subheading{\nfont-size:15px;\n}\n<\/style>\n<div  class='av-special-heading av-lwcj5tky-395b82bcb2185c5c28dc7070692a2acf av-special-heading-h3  avia-builder-el-0  el_before_av_one_fourth  avia-builder-el-first '><h3 class='av-special-heading-tag '  itemprop=\"headline\"  >Imprimer<\/h3><div class=\"special-heading-border\"><div class=\"special-heading-inner-border\"><\/div><\/div><\/div>\n<div  class='flex_column av-ly0yq-7d364c992431df131a4c3a5088c21c6e av_one_fourth  avia-builder-el-1  el_after_av_heading  el_before_av_one_half  first flex_column_div  '     ><\/div>\n<div  class='flex_column av-4ew5j6-2d6927560184622029604b1a9fe0354a av_one_half  avia-builder-el-2  el_after_av_one_fourth  el_before_av_one_fourth  flex_column_div  '     ><section  class='av_textblock_section av-lwcj5h2w-11ab75dbc09ed4b4d303f76e00310d1c '   itemscope=\"itemscope\" itemtype=\"https:\/\/schema.org\/CreativeWork\" ><div class='avia_textblock'  itemprop=\"text\" ><p>Information l\u00e9gale<\/p>\n<p>Gestionnaire des fournisseurs<\/p>\n<p>moby-port.com<\/p>\n<p>Si\u00e8ge juridique et op\u00e9rationnel de la soci\u00e9t\u00e9 :<\/p>\n<p><strong>Moby Port Service Enterprise <\/strong><\/p>\n<p><strong>Si\u00e8ge social<\/strong><\/p>\n<p>29 Rue Terrazzani<br \/>\n98000 Monaco<\/p>\n<p><strong>Standard t\u00e9l\u00e9phonique<\/strong><br \/>\n+33 (0) 6 01 22 25 87<\/p>\n<p><strong>E-mail :<\/strong><br \/>\ninfo@moby-port.com<\/p>\n<\/div><\/section><\/div><div  class='flex_column av-2mhwqq-a2ee4a56f61a9b3570a5e8085e21412f av_one_fourth  avia-builder-el-4  el_after_av_one_half  avia-builder-el-last  flex_column_div  '     ><\/div><\/p>\n","protected":false},"excerpt":{"rendered":"","protected":false},"author":1,"featured_media":0,"parent":0,"menu_order":0,"comment_status":"closed","ping_status":"closed","template":"","meta":{"footnotes":""},"class_list":["post-9490","page","type-page","status-publish","hentry"],"_links":{"self":[{"href":"https:\/\/moby-port.com\/fr\/wp-json\/wp\/v2\/pages\/9490","targetHints":{"allow":["GET"]}}],"collection":[{"href":"https:\/\/moby-port.com\/fr\/wp-json\/wp\/v2\/pages"}],"about":[{"href":"https:\/\/moby-port.com\/fr\/wp-json\/wp\/v2\/types\/page"}],"author":[{"embeddable":true,"href":"https:\/\/moby-port.com\/fr\/wp-json\/wp\/v2\/users\/1"}],"replies":[{"embeddable":true,"href":"https:\/\/moby-port.com\/fr\/wp-json\/wp\/v2\/comments?post=9490"}],"version-history":[{"count":0,"href":"https:\/\/moby-port.com\/fr\/wp-json\/wp\/v2\/pages\/9490\/revisions"}],"wp:attachment":[{"href":"https:\/\/moby-port.com\/fr\/wp-json\/wp\/v2\/media?parent=9490"}],"curies":[{"name":"wp","href":"https:\/\/api.w.org\/{rel}","templated":true}]}}