{"id":9478,"date":"2026-03-20T20:19:22","date_gmt":"2026-03-20T19:19:22","guid":{"rendered":"https:\/\/moby-port.com\/?page_id=9478"},"modified":"2026-03-25T15:23:19","modified_gmt":"2026-03-25T14:23:19","slug":"hseq-fr","status":"publish","type":"page","link":"https:\/\/moby-port.com\/fr\/hseq-fr\/","title":{"rendered":"HSEQ"},"content":{"rendered":"<div  class='hr av-av_hr-91d7ccd583a503147498e120fee2ff9b hr-default  avia-builder-el-0  el_before_av_heading  avia-builder-el-first '><span class='hr-inner '><span class=\"hr-inner-style\"><\/span><\/span><\/div>\n\n<style type=\"text\/css\" data-created_by=\"avia_inline_auto\" id=\"style-css-av-av_heading-1ab3b22414bbc44e60d2d7ef2c81c41d\">\n#top .av-special-heading.av-av_heading-1ab3b22414bbc44e60d2d7ef2c81c41d{\npadding-bottom:10px;\n}\nbody .av-special-heading.av-av_heading-1ab3b22414bbc44e60d2d7ef2c81c41d .av-special-heading-tag .heading-char{\nfont-size:25px;\n}\n.av-special-heading.av-av_heading-1ab3b22414bbc44e60d2d7ef2c81c41d .av-subheading{\nfont-size:15px;\n}\n<\/style>\n<div  class='av-special-heading av-av_heading-1ab3b22414bbc44e60d2d7ef2c81c41d av-special-heading-h3  avia-builder-el-1  el_after_av_hr  el_before_av_hr '><h3 class='av-special-heading-tag '  itemprop=\"headline\"  >HSEQ<\/h3><div class=\"special-heading-border\"><div class=\"special-heading-inner-border\"><\/div><\/div><\/div>\n<div  class='hr av-av_hr-91d7ccd583a503147498e120fee2ff9b hr-default  avia-builder-el-2  el_after_av_heading  el_before_av_textblock '><span class='hr-inner '><span class=\"hr-inner-style\"><\/span><\/span><\/div>\n<section  class='av_textblock_section av-lwcg8le9-8aa3dc1cdef9e469a800b12846f7fef7 '   itemscope=\"itemscope\" itemtype=\"https:\/\/schema.org\/CreativeWork\" ><div class='avia_textblock'  itemprop=\"text\" ><p>Assurer la sant\u00e9, la s\u00e9curit\u00e9, la protection de l\u2019environnement et la qualit\u00e9 (HSEQ) est une priorit\u00e9 pour &#8221; Moby Port Service Enterprise&#8221; dans tous les domaines de ses op\u00e9rations. Pour atteindre ces objectifs, &#8221; Moby Port Service Enterprise&#8221; travaille dans le strict respect des exigences de la l\u00e9gislation internationale et europ\u00e9enne.<\/p>\n<p>En tant qu&#8217;entreprise et l&#8217;un des principaux prestataires de services, &#8221; Moby Port Service Enterprise&#8221; est conscient de la nature et de l&#8217;\u00e9tendue de son impact commercial. Nous consid\u00e9rons qu&#8217;il est de notre devoir d&#8217;assurer des conditions de travail s\u00fbres pour les employ\u00e9s et les partenaires ainsi que de garantir le bon fonctionnement de l&#8217;usine et la minimisation de l&#8217;empreinte \u00e9cologique.<\/p>\n<p>La protection de l\u2019environnement est un \u00e9l\u00e9ment essentiel de la culture d\u2019entreprise et de la responsabilit\u00e9 sociale de &#8221; Moby Port Service Enterprise&#8221;. Nous consid\u00e9rons que notre objectif principal est la gestion efficace et la minimisation de l&#8217;impact de ses activit\u00e9s de production sur l&#8217;environnement, ainsi que la conservation au profit des g\u00e9n\u00e9rations actuelles et futures.<\/p>\n<\/div><\/section>\n","protected":false},"excerpt":{"rendered":"","protected":false},"author":1,"featured_media":0,"parent":0,"menu_order":0,"comment_status":"closed","ping_status":"closed","template":"","meta":{"footnotes":""},"class_list":["post-9478","page","type-page","status-publish","hentry"],"_links":{"self":[{"href":"https:\/\/moby-port.com\/fr\/wp-json\/wp\/v2\/pages\/9478","targetHints":{"allow":["GET"]}}],"collection":[{"href":"https:\/\/moby-port.com\/fr\/wp-json\/wp\/v2\/pages"}],"about":[{"href":"https:\/\/moby-port.com\/fr\/wp-json\/wp\/v2\/types\/page"}],"author":[{"embeddable":true,"href":"https:\/\/moby-port.com\/fr\/wp-json\/wp\/v2\/users\/1"}],"replies":[{"embeddable":true,"href":"https:\/\/moby-port.com\/fr\/wp-json\/wp\/v2\/comments?post=9478"}],"version-history":[{"count":0,"href":"https:\/\/moby-port.com\/fr\/wp-json\/wp\/v2\/pages\/9478\/revisions"}],"wp:attachment":[{"href":"https:\/\/moby-port.com\/fr\/wp-json\/wp\/v2\/media?parent=9478"}],"curies":[{"name":"wp","href":"https:\/\/api.w.org\/{rel}","templated":true}]}}