{"id":9405,"date":"2026-03-20T07:33:17","date_gmt":"2026-03-20T06:33:17","guid":{"rendered":"https:\/\/moby-port.com\/?page_id=9405"},"modified":"2025-12-09T13:42:13","modified_gmt":"2025-12-09T12:42:13","slug":"strategie","status":"publish","type":"page","link":"https:\/\/moby-port.com\/fr\/strategie\/","title":{"rendered":"Strat\u00e9gie"},"content":{"rendered":"<div id='full_slider_1'  class='avia-fullwidth-slider main_color avia-shadow   avia-builder-el-0  el_before_av_heading  avia-builder-el-first   container_wrap sidebar_right'  ><div  class='avia-slideshow av-lwczcr89-925d3d65ff832247aad58d8977a0cb0b avia-slideshow-featured av_slideshow_full avia-slide-slider av-slideshow-ui av-control-default av-slideshow-manual av-loop-once av-loop-manual-endless av-default-height-applied   avia-slideshow-1' data-slideshow-options=\"{&quot;animation&quot;:&quot;slide&quot;,&quot;autoplay&quot;:false,&quot;loop_autoplay&quot;:&quot;once&quot;,&quot;interval&quot;:5,&quot;loop_manual&quot;:&quot;manual-endless&quot;,&quot;autoplay_stopper&quot;:false,&quot;noNavigation&quot;:false,&quot;bg_slider&quot;:false,&quot;keep_padding&quot;:false,&quot;hoverpause&quot;:false,&quot;show_slide_delay&quot;:0}\"  itemprop=\"image\" itemscope=\"itemscope\" itemtype=\"https:\/\/schema.org\/ImageObject\" ><ul class='avia-slideshow-inner ' style='padding-bottom: 14.285714285714%;'><li  class='avia-slideshow-slide av-lwczcr89-925d3d65ff832247aad58d8977a0cb0b__0  av-single-slide slide-1 slide-odd'><div data-rel='slideshow-1' class='avia-slide-wrap '   ><img decoding=\"async\" fetchpriority=\"high\" class=\"wp-image-138161 avia-img-lazy-loading-not-138161\"  src=\"https:\/\/moby-port.com\/wp-content\/uploads\/2025\/12\/Strategie-0003.jpg\" width=\"1260\" height=\"180\" title='Strategie 0003' alt=''  itemprop=\"thumbnailUrl\" srcset=\"https:\/\/moby-port.com\/wp-content\/uploads\/2025\/12\/Strategie-0003.jpg 1260w, https:\/\/moby-port.com\/wp-content\/uploads\/2025\/12\/Strategie-0003-300x43.jpg 300w, https:\/\/moby-port.com\/wp-content\/uploads\/2025\/12\/Strategie-0003-1030x147.jpg 1030w, https:\/\/moby-port.com\/wp-content\/uploads\/2025\/12\/Strategie-0003-768x110.jpg 768w, https:\/\/moby-port.com\/wp-content\/uploads\/2025\/12\/Strategie-0003-705x101.jpg 705w\" sizes=\"(max-width: 1260px) 100vw, 1260px\" \/><\/div><\/li><\/ul><\/div><\/div><div id='after_full_slider_1'  class='main_color av_default_container_wrap container_wrap sidebar_right'  ><div class='container av-section-cont-open' ><div class='template-page content  av-content-small alpha units'><div class='post-entry post-entry-type-page post-entry-9405'><div class='entry-content-wrapper clearfix'>\n\n<style type=\"text\/css\" data-created_by=\"avia_inline_auto\" id=\"style-css-av-lvqb28ru-75d3cba390bce9f2dbb505b391da7f20\">\n#top .av-special-heading.av-lvqb28ru-75d3cba390bce9f2dbb505b391da7f20{\npadding-bottom:10px;\n}\nbody .av-special-heading.av-lvqb28ru-75d3cba390bce9f2dbb505b391da7f20 .av-special-heading-tag .heading-char{\nfont-size:25px;\n}\n.av-special-heading.av-lvqb28ru-75d3cba390bce9f2dbb505b391da7f20 .av-subheading{\nfont-size:15px;\n}\n<\/style>\n<div  class='av-special-heading av-lvqb28ru-75d3cba390bce9f2dbb505b391da7f20 av-special-heading-h3 blockquote elegant-quote elegant-centered  avia-builder-el-1  el_after_av_slideshow_full  el_before_av_hr  avia-builder-el-first '><h3 class='av-special-heading-tag '  itemprop=\"headline\"  ><span class=\"heading-wrap\">Strat\u00e9gie<\/span><\/h3><div class=\"special-heading-border\"><div class=\"special-heading-inner-border\"><\/div><\/div><\/div>\n<div  class='hr av-2e3hbx-f62e57130777f2b2e5dc75cb2601aecc hr-default  avia-builder-el-2  el_after_av_heading  el_before_av_textblock '><span class='hr-inner '><span class=\"hr-inner-style\"><\/span><\/span><\/div>\n<section  class='av_textblock_section av-lvqb32pm-f4e68a8ea5ab6b5d0ed453e0290f020b '   itemscope=\"itemscope\" itemtype=\"https:\/\/schema.org\/CreativeWork\" ><div class='avia_textblock'  itemprop=\"text\" ><p>Moby Port Service Enterprise est un prestataire de services et en m\u00eame temps propri\u00e9taire, exploitant et gestionnaire de ses propres navires de travail, navires marchands ainsi que bateaux et yachts, etc., qui sont utilis\u00e9s de mani\u00e8re s\u00fbre et fiable dans le monde entier. La flotte de Moby Port Service Enterprise est l&#8217;une des plus jeunes du secteur et est g\u00e9r\u00e9e de mani\u00e8re ind\u00e9pendante.<\/p>\n<p>Les managers \u00e0 bord de nos propres navires et sur les navires de nos clients sont employ\u00e9s directement par l&#8217;entreprise. Cela garantit la performance continue de la qualit\u00e9 de ses normes, ainsi que l\u2019am\u00e9lioration et l\u2019entretien de la flotte.<\/p>\n<p>Moby Port Service Enterprise peut \u00e9galement fournir et exploiter des conversions et de nouvelles constructions. Moby Port Service Enterprise est \u00e9galement en mesure de r\u00e9aliser tous travaux de r\u00e9paration et\/ou de maintenance sur les navires et yachts ou bateaux.<\/p>\n<p>Moby Port Service Enterprise est une entreprise internationale qui propose des services dynamiques, tourn\u00e9s vers l\u2019avenir et \u00e9volutifs.<\/p>\n<p>Moby Port Service Enterprise et ses partenaires, ainsi que nos employ\u00e9s et dirigeants, poss\u00e8dent une richesse d\u2019ann\u00e9es de service et d\u2019exp\u00e9rience dans ce secteur.<\/p>\n<p>Cette combinaison de technologie de pointe et d&#8217;employ\u00e9s exp\u00e9riment\u00e9s a permis \u00e0 l&#8217;entreprise d&#8217;atteindre une croissance et une rentabilit\u00e9 exceptionnelles dans un secteur hautement comp\u00e9titif, tout en continuant \u00e0 maintenir et \u00e0 am\u00e9liorer de bonnes relations avec la client\u00e8le.<\/p>\n<p>Moby Port Service Enterprise soutient la responsabilit\u00e9 sociale et int\u00e8gre des valeurs telles que l\u2019\u00e9quit\u00e9 et la responsabilit\u00e9 dans sa philosophie op\u00e9rationnelle. La s\u00e9curit\u00e9, la fiabilit\u00e9 et l&#8217;environnement sont des enjeux importants pour Moby Port Service Enterprise, ses collaborateurs et ses clients.<\/p>\n<p>Moby Port Service Enterprise s&#8217;efforce d&#8217;am\u00e9liorer continuellement et de revoir ses actifs, ses dirigeants, ses employ\u00e9s et ses pratiques de travail pour atteindre des normes toujours plus \u00e9lev\u00e9es. L&#8217;entreprise est ouverte et transparente dans ses relations. Le 21e si\u00e8cle a pos\u00e9 \u00e0 l\u2019industrie maritime le d\u00e9fi de s\u2019adapter et de prendre sa place dans l\u2019\u00e9conomie mondialis\u00e9e moderne.<\/p>\n<p>Moby Port Service Enterprise est heureux de relever le d\u00e9fi.<\/p>\n<\/div><\/section>\n","protected":false},"excerpt":{"rendered":"","protected":false},"author":1,"featured_media":0,"parent":0,"menu_order":0,"comment_status":"closed","ping_status":"closed","template":"","meta":{"footnotes":""},"class_list":["post-9405","page","type-page","status-publish","hentry"],"_links":{"self":[{"href":"https:\/\/moby-port.com\/fr\/wp-json\/wp\/v2\/pages\/9405","targetHints":{"allow":["GET"]}}],"collection":[{"href":"https:\/\/moby-port.com\/fr\/wp-json\/wp\/v2\/pages"}],"about":[{"href":"https:\/\/moby-port.com\/fr\/wp-json\/wp\/v2\/types\/page"}],"author":[{"embeddable":true,"href":"https:\/\/moby-port.com\/fr\/wp-json\/wp\/v2\/users\/1"}],"replies":[{"embeddable":true,"href":"https:\/\/moby-port.com\/fr\/wp-json\/wp\/v2\/comments?post=9405"}],"version-history":[{"count":0,"href":"https:\/\/moby-port.com\/fr\/wp-json\/wp\/v2\/pages\/9405\/revisions"}],"wp:attachment":[{"href":"https:\/\/moby-port.com\/fr\/wp-json\/wp\/v2\/media?parent=9405"}],"curies":[{"name":"wp","href":"https:\/\/api.w.org\/{rel}","templated":true}]}}