{"id":8858,"date":"2024-04-17T03:46:52","date_gmt":"2024-04-17T01:46:52","guid":{"rendered":"https:\/\/la-foundation-nanoug.ch\/?page_id=8858"},"modified":"2026-03-18T10:34:34","modified_gmt":"2026-03-18T09:34:34","slug":"contacter","status":"publish","type":"page","link":"https:\/\/moby-port.com\/fr\/contacter\/","title":{"rendered":"Contacter"},"content":{"rendered":"<div id='full_slider_1'  class='avia-fullwidth-slider main_color avia-shadow   avia-builder-el-0  el_before_av_two_third  avia-builder-el-first   container_wrap sidebar_right'  ><div  class='avia-slideshow av-lazs399n-13b5d7a1c585d0972fcacdc215b993dc avia-slideshow-no scaling av_slideshow_full avia-slide-slider av-slideshow-ui av-control-default av-slideshow-manual av-loop-once av-loop-manual-endless av-default-height-applied   avia-slideshow-1' data-slideshow-options=\"{&quot;animation&quot;:&quot;slide&quot;,&quot;autoplay&quot;:false,&quot;loop_autoplay&quot;:&quot;once&quot;,&quot;interval&quot;:5,&quot;loop_manual&quot;:&quot;manual-endless&quot;,&quot;autoplay_stopper&quot;:false,&quot;noNavigation&quot;:false,&quot;bg_slider&quot;:false,&quot;keep_padding&quot;:false,&quot;hoverpause&quot;:false,&quot;show_slide_delay&quot;:0}\"  itemprop=\"image\" itemscope=\"itemscope\" itemtype=\"https:\/\/schema.org\/ImageObject\" ><ul class='avia-slideshow-inner ' style='padding-bottom: 14.609375%;'><li  class='avia-slideshow-slide av-lazs399n-13b5d7a1c585d0972fcacdc215b993dc__0  av-single-slide slide-1 slide-odd'><div data-rel='slideshow-1' class='avia-slide-wrap '   ><div class='av-slideshow-caption av-lazs399n-13b5d7a1c585d0972fcacdc215b993dc__0 caption_fullwidth caption_bottom caption_bottom_framed caption_framed'><div class=\"container caption_container\"><div class=\"slideshow_caption\"><div class=\"slideshow_inner_caption\"><div class=\"slideshow_align_caption\"><h2 class='avia-caption-title '  itemprop=\"name\" >Services d\u2019approvisionnement portuaire<\/h2><\/div><\/div><\/div><\/div><\/div><img decoding=\"async\" fetchpriority=\"high\" class=\"wp-image-138252 avia-img-lazy-loading-not-138252\"  src=\"https:\/\/moby-port.com\/wp-content\/uploads\/2026\/03\/Porto-Santa-Margherita-Ligure.jpeg\" width=\"2560\" height=\"374\" title='Porto Santa Margherita Ligure' alt=''  itemprop=\"thumbnailUrl\" srcset=\"https:\/\/moby-port.com\/wp-content\/uploads\/2026\/03\/Porto-Santa-Margherita-Ligure.jpeg 2560w, https:\/\/moby-port.com\/wp-content\/uploads\/2026\/03\/Porto-Santa-Margherita-Ligure-300x44.jpeg 300w, https:\/\/moby-port.com\/wp-content\/uploads\/2026\/03\/Porto-Santa-Margherita-Ligure-1030x150.jpeg 1030w, https:\/\/moby-port.com\/wp-content\/uploads\/2026\/03\/Porto-Santa-Margherita-Ligure-768x112.jpeg 768w, https:\/\/moby-port.com\/wp-content\/uploads\/2026\/03\/Porto-Santa-Margherita-Ligure-1536x224.jpeg 1536w, https:\/\/moby-port.com\/wp-content\/uploads\/2026\/03\/Porto-Santa-Margherita-Ligure-2048x299.jpeg 2048w, https:\/\/moby-port.com\/wp-content\/uploads\/2026\/03\/Porto-Santa-Margherita-Ligure-1500x219.jpeg 1500w, https:\/\/moby-port.com\/wp-content\/uploads\/2026\/03\/Porto-Santa-Margherita-Ligure-705x103.jpeg 705w\" sizes=\"(max-width: 2560px) 100vw, 2560px\" \/><\/div><\/li><\/ul><\/div><\/div><div id='after_full_slider_1'  class='main_color av_default_container_wrap container_wrap sidebar_right'  ><div class='container av-section-cont-open' ><div class='template-page content  av-content-small alpha units'><div class='post-entry post-entry-type-page post-entry-8858'><div class='entry-content-wrapper clearfix'>\n<div  class='flex_column av-4m3p6i-42748e36da13e0c8eba0246f8ced21fc av_two_third  avia-builder-el-1  el_after_av_slideshow_full  el_before_av_one_third  avia-builder-el-first  first flex_column_div  '     ><p>\n<style type=\"text\/css\" data-created_by=\"avia_inline_auto\" id=\"style-css-av-lo8qy026-a83527d13731db8e53bb6e814c9877f7\">\n#top .av-special-heading.av-lo8qy026-a83527d13731db8e53bb6e814c9877f7{\npadding-bottom:20px;\nfont-size:18px;\n}\nbody .av-special-heading.av-lo8qy026-a83527d13731db8e53bb6e814c9877f7 .av-special-heading-tag .heading-char{\nfont-size:25px;\n}\n#top #wrap_all .av-special-heading.av-lo8qy026-a83527d13731db8e53bb6e814c9877f7 .av-special-heading-tag{\nfont-size:18px;\n}\n.av-special-heading.av-lo8qy026-a83527d13731db8e53bb6e814c9877f7 .av-subheading{\nfont-size:15px;\n}\n\n@media only screen and (min-width: 480px) and (max-width: 767px){ \n#top #wrap_all .av-special-heading.av-lo8qy026-a83527d13731db8e53bb6e814c9877f7 .av-special-heading-tag{\nfont-size:0.8em;\n}\n}\n\n@media only screen and (max-width: 479px){ \n#top #wrap_all .av-special-heading.av-lo8qy026-a83527d13731db8e53bb6e814c9877f7 .av-special-heading-tag{\nfont-size:0.8em;\n}\n}\n<\/style>\n<div  class='av-special-heading av-lo8qy026-a83527d13731db8e53bb6e814c9877f7 av-special-heading-h6 blockquote modern-quote  avia-builder-el-2  el_before_av_textblock  avia-builder-el-first  av-inherit-size'><h6 class='av-special-heading-tag '  itemprop=\"headline\"  >Entrez en contact avec nous<\/h6><div class=\"special-heading-border\"><div class=\"special-heading-inner-border\"><\/div><\/div><\/div><br \/>\n<section  class='av_textblock_section av-lazs40uh-ae0332a292b1759b58d4d84a920b0dab '   itemscope=\"itemscope\" itemtype=\"https:\/\/schema.org\/CreativeWork\" ><div class='avia_textblock'  itemprop=\"text\" ><p>Tous les champs marqu\u00e9s d&#8217;un * doivent \u00eatre remplis.<\/p>\n<\/div><\/section><br \/>\n<form action=\"https:\/\/moby-port.com\/fr\/contacter\/\" method=\"post\" data-fields-with-error=\"Erreurs trouv\u00e9es dans les champs suivants :\" class=\"avia_ajax_form av-form-labels-visible   avia-builder-el-4  el_after_av_textblock  el_before_av_textblock  av-centered-form   \" data-avia-form-id=\"1\" data-avia-redirect='' ><fieldset><p class='  first_form  form_element form_element_half' id='element_avia_1_1'><label for=\"avia_1_1\">Pr\u00e9nom  <abbr class=\"required\" title=\"requis(e)\">*<\/abbr><\/label> <input name=\"avia_1_1\" class=\"text_input is_empty\" type=\"text\" id=\"avia_1_1\" value=\"\" \/><\/p><p class='  form_element form_element_half' id='element_avia_2_1'><label for=\"avia_2_1\">Nom de famille <abbr class=\"required\" title=\"requis(e)\">*<\/abbr><\/label> <input name=\"avia_2_1\" class=\"text_input is_empty\" type=\"text\" id=\"avia_2_1\" value=\"\" \/><\/p><p class='  first_form  form_element form_element_half' id='element_avia_3_1'><label for=\"avia_3_1\">T\u00e9l\u00e9phoner <abbr class=\"required\" title=\"requis(e)\">*<\/abbr><\/label> <input name=\"avia_3_1\" class=\"text_input is_phone\" type=\"text\" id=\"avia_3_1\" value=\"\" \/><\/p><p class='  form_element form_element_half' id='element_avia_4_1'><label for=\"avia_4_1\">E-mail <abbr class=\"required\" title=\"requis(e)\">*<\/abbr><\/label> <input name=\"avia_4_1\" class=\"text_input is_special_email\" type=\"text\" id=\"avia_4_1\" value=\"\" \/><\/p><p class='  first_form  form_element form_fullwidth' id='element_avia_5_1'><label for=\"avia_5_1\">Concernant <abbr class=\"required\" title=\"requis(e)\">*<\/abbr><\/label> <input name=\"avia_5_1\" class=\"text_input is_empty\" type=\"text\" id=\"avia_5_1\" value=\"\" \/><\/p><p class='  first_form  form_element form_fullwidth' id='element_avia_6_1'><label for=\"avia_6_1\" class=\"textare_label hidden textare_label_avia_6_1\">Votre message pour nous <abbr class=\"required\" title=\"requis(e)\">*<\/abbr><\/label><textarea  name=\"avia_6_1\" class=\"text_area is_empty\" cols=\"40\" rows=\"7\" id=\"avia_6_1\" ><\/textarea><\/p><p class=\"hidden\"><input type=\"text\" name=\"avia_7_1\" class=\"hidden \" id=\"avia_7_1\" value=\"\" \/><\/p><p class='   form_element form_fullwidth' id='element_avia_8_1'><span class='value_verifier_label'>3 + 1 = ?<\/span><input name=\"avia_8_1_verifier\" type=\"hidden\" id=\"avia_8_1_verifier\" value=\"727764275\"\/><label for=\"avia_8_1\">Merci de prouver que vous \u00eates un humain en donnant le r\u00e9sultat de cette op\u00e9ration <abbr class=\"required\" title=\"requis(e)\">*<\/abbr><\/label><input name=\"avia_8_1\" class=\"text_input captcha\" type=\"text\" id=\"avia_8_1\" value=\"\"\/><\/p><p class=\"form_element \"><input type=\"hidden\" value=\"1\" name=\"avia_generated_form1\" \/><input type=\"submit\" value=\"Envoyer\" class=\"button\"  data-sending-label=\"Envoi\"\/><\/p><\/fieldset><\/form><div id=\"ajaxresponse_1\" class=\"ajaxresponse ajaxresponse_1 hidden\"><\/div><br \/>\n<section  class='av_textblock_section av-lo8qxmy1-8e5aafcb4156d636f1463cea33c943af '   itemscope=\"itemscope\" itemtype=\"https:\/\/schema.org\/CreativeWork\" ><div class='avia_textblock'  itemprop=\"text\" ><p>Vos donn\u00e9es personnelles sont transmises via une connexion s\u00e9curis\u00e9e. Les dispositions l\u00e9gales en mati\u00e8re de protection des donn\u00e9es sont bien entendu respect\u00e9es. Plus d\u2019informations \u00e0 ce sujet dans notre d\u00e9claration de protection des donn\u00e9es.<\/p>\n<\/div><\/section><\/p><\/div>\n<div  class='flex_column av-24hymy-653806ce3db0d8931224040b05f5dcdd av_one_third  avia-builder-el-6  el_after_av_two_third  avia-builder-el-last  flex_column_div  '     ><p>\n<style type=\"text\/css\" data-created_by=\"avia_inline_auto\" id=\"style-css-av-lazs507q-1f5715dd0708a5877a662ae67668567c\">\n#top .av-special-heading.av-lazs507q-1f5715dd0708a5877a662ae67668567c{\npadding-bottom:20px;\nfont-size:18px;\n}\nbody .av-special-heading.av-lazs507q-1f5715dd0708a5877a662ae67668567c .av-special-heading-tag .heading-char{\nfont-size:25px;\n}\n#top #wrap_all .av-special-heading.av-lazs507q-1f5715dd0708a5877a662ae67668567c .av-special-heading-tag{\nfont-size:18px;\n}\n.av-special-heading.av-lazs507q-1f5715dd0708a5877a662ae67668567c .av-subheading{\nfont-size:15px;\n}\n\n@media only screen and (min-width: 480px) and (max-width: 767px){ \n#top #wrap_all .av-special-heading.av-lazs507q-1f5715dd0708a5877a662ae67668567c .av-special-heading-tag{\nfont-size:0.8em;\n}\n}\n\n@media only screen and (max-width: 479px){ \n#top #wrap_all .av-special-heading.av-lazs507q-1f5715dd0708a5877a662ae67668567c .av-special-heading-tag{\nfont-size:0.8em;\n}\n}\n<\/style>\n<div  class='av-special-heading av-lazs507q-1f5715dd0708a5877a662ae67668567c av-special-heading-h6 blockquote modern-quote  avia-builder-el-7  el_before_av_textblock  avia-builder-el-first  av-inherit-size'><h6 class='av-special-heading-tag '  itemprop=\"headline\"  >D\u00e9tails du contact<\/h6><div class=\"special-heading-border\"><div class=\"special-heading-inner-border\"><\/div><\/div><\/div><br \/>\n<section  class='av_textblock_section av-lo8qwphy-b1c0aa912208d36cddc95b7f3aab960c '   itemscope=\"itemscope\" itemtype=\"https:\/\/schema.org\/CreativeWork\" ><div class='avia_textblock av_inherit_color'  itemprop=\"text\" ><p><strong>Moby Port Service Enterprise <\/strong><\/p>\n<p><strong>Si\u00e8ge social<\/strong><\/p>\n<p>Rue Terrazzani<br \/>\n98000 Monaco<\/p>\n<p><strong>Standard t\u00e9l\u00e9phonique<\/strong><br \/>\n\u202d\u202d+33 (0) 6 01 22 25 87\u202c<\/p>\n<p><strong>Pour les questions d&#8217;ordre g\u00e9n\u00e9ral<\/strong><br \/>\ninfo@moby-port.com<\/p>\n<p><strong>Demande \u00e0 l&#8217;unit\u00e9 de presse<\/strong><br \/>\nmarketing@moby-port.com<\/p>\n<p><strong>Demande au service de recrutement<\/strong><br \/>\nhr@charite-maritime.com<\/p>\n<p><strong>Demande aupr\u00e8s des services de conciergerie<\/strong><br \/>\nconcierge@moby-port.com<\/p>\n<\/div><\/section><\/p><\/div>\n","protected":false},"excerpt":{"rendered":"","protected":false},"author":1,"featured_media":0,"parent":0,"menu_order":0,"comment_status":"closed","ping_status":"closed","template":"","meta":{"footnotes":""},"class_list":["post-8858","page","type-page","status-publish","hentry"],"_links":{"self":[{"href":"https:\/\/moby-port.com\/fr\/wp-json\/wp\/v2\/pages\/8858","targetHints":{"allow":["GET"]}}],"collection":[{"href":"https:\/\/moby-port.com\/fr\/wp-json\/wp\/v2\/pages"}],"about":[{"href":"https:\/\/moby-port.com\/fr\/wp-json\/wp\/v2\/types\/page"}],"author":[{"embeddable":true,"href":"https:\/\/moby-port.com\/fr\/wp-json\/wp\/v2\/users\/1"}],"replies":[{"embeddable":true,"href":"https:\/\/moby-port.com\/fr\/wp-json\/wp\/v2\/comments?post=8858"}],"version-history":[{"count":0,"href":"https:\/\/moby-port.com\/fr\/wp-json\/wp\/v2\/pages\/8858\/revisions"}],"wp:attachment":[{"href":"https:\/\/moby-port.com\/fr\/wp-json\/wp\/v2\/media?parent=8858"}],"curies":[{"name":"wp","href":"https:\/\/api.w.org\/{rel}","templated":true}]}}