{"id":4627,"date":"2026-03-20T20:41:35","date_gmt":"2026-03-20T19:41:35","guid":{"rendered":"https:\/\/headquarter.nanoug.fr\/?page_id=4627"},"modified":"2025-12-09T13:37:35","modified_gmt":"2025-12-09T12:37:35","slug":"politique","status":"publish","type":"page","link":"https:\/\/moby-port.com\/fr\/politique\/","title":{"rendered":"Politique"},"content":{"rendered":"<div id='full_slider_1'  class='avia-fullwidth-slider main_color avia-shadow   avia-builder-el-0  el_before_av_heading  avia-builder-el-first   container_wrap sidebar_right'  ><div  class='avia-slideshow av-lcwc289z-5000d4607b64bf561e0b649b2de728ad avia-slideshow-entry_without_sidebar av_slideshow_full avia-fade-slider av-slideshow-ui av-control-hidden av-no-slider-navigation av-hide-nav-arrows av-slideshow-autoplay av-loop-endless av-loop-manual-endless av-default-height-applied   avia-slideshow-1' data-slideshow-options=\"{&quot;animation&quot;:&quot;fade&quot;,&quot;autoplay&quot;:true,&quot;loop_autoplay&quot;:&quot;endless&quot;,&quot;interval&quot;:4,&quot;loop_manual&quot;:&quot;manual-endless&quot;,&quot;autoplay_stopper&quot;:false,&quot;noNavigation&quot;:true,&quot;bg_slider&quot;:false,&quot;keep_padding&quot;:false,&quot;hoverpause&quot;:false,&quot;show_slide_delay&quot;:0}\"  itemprop=\"image\" itemscope=\"itemscope\" itemtype=\"https:\/\/schema.org\/ImageObject\" ><ul class='avia-slideshow-inner ' style='padding-bottom: 20.661157024793%;'><li  class='avia-slideshow-slide av-lcwc289z-5000d4607b64bf561e0b649b2de728ad__0  av-single-slide slide-1 slide-odd'><div data-rel='slideshow-1' class='avia-slide-wrap '   ><div class='av-slideshow-caption av-lcwc289z-5000d4607b64bf561e0b649b2de728ad__0 caption_fullwidth caption_bottom caption_bottom_framed caption_framed'><div class=\"container caption_container\"><div class=\"slideshow_caption\"><div class=\"slideshow_inner_caption\"><div class=\"slideshow_align_caption\"><h2 class='avia-caption-title '  itemprop=\"name\" >Politique<\/h2><div class='avia-caption-content '  itemprop=\"description\" ><p>ce que nous d\u00e9fendons<\/p>\n<\/div><\/div><\/div><\/div><\/div><\/div><img decoding=\"async\" fetchpriority=\"high\" class=\"wp-image-138157 avia-img-lazy-loading-not-138157\"  src=\"https:\/\/moby-port.com\/wp-content\/uploads\/2025\/12\/Politik-0001-1210x250.jpg\" width=\"1210\" height=\"250\" title='Politik 0001' alt=''  itemprop=\"thumbnailUrl\"   \/><\/div><\/li><\/ul><\/div><\/div><div id='after_full_slider_1'  class='main_color av_default_container_wrap container_wrap sidebar_right'  ><div class='container av-section-cont-open' ><div class='template-page content  av-content-small alpha units'><div class='post-entry post-entry-type-page post-entry-4627'><div class='entry-content-wrapper clearfix'>\n\n<style type=\"text\/css\" data-created_by=\"avia_inline_auto\" id=\"style-css-av-lwcmz4pf-6cc0ab811ee4426e338566cafa907f9a\">\n#top .av-special-heading.av-lwcmz4pf-6cc0ab811ee4426e338566cafa907f9a{\npadding-bottom:10px;\n}\nbody .av-special-heading.av-lwcmz4pf-6cc0ab811ee4426e338566cafa907f9a .av-special-heading-tag .heading-char{\nfont-size:25px;\n}\n.av-special-heading.av-lwcmz4pf-6cc0ab811ee4426e338566cafa907f9a .av-subheading{\nfont-size:15px;\n}\n<\/style>\n<div  class='av-special-heading av-lwcmz4pf-6cc0ab811ee4426e338566cafa907f9a av-special-heading-h3 blockquote elegant-quote elegant-centered  avia-builder-el-1  el_after_av_slideshow_full  el_before_av_textblock  avia-builder-el-first  av-linked-heading'><h3 class='av-special-heading-tag '  itemprop=\"headline\"  ><span class=\"heading-wrap\">Politique<\/span><\/h3><div class=\"special-heading-border\"><div class=\"special-heading-inner-border\"><\/div><\/div><\/div>\n<section  class='av_textblock_section av-lcwc2qn9-d44d7236022f505841a99aab1c0f62c0 '   itemscope=\"itemscope\" itemtype=\"https:\/\/schema.org\/CreativeWork\" ><div class='avia_textblock'  itemprop=\"text\" ><p>La politique de Moby Port Service Enterprise- en tant qu&#8217;entreprise et armateur et gestionnaire de navires &#8211; est de fournir un service s\u00fbr et respectueux de l&#8217;environnement \u00e0 la satisfaction de ses clients et clients conform\u00e9ment aux obligations contractuelles, aux r\u00e9glementations nationales et internationales en vigueur et aux recommandations de ISO 9001\u00a0:\u00a02000 et ISO 14001 pour r\u00e9aliser un b\u00e9n\u00e9fice \u00e9quitable.<\/p>\n<p>Concr\u00e8tement, les objectifs de notre entreprise sont :<\/p>\n<\/div><\/section>\n\n<style type=\"text\/css\" data-created_by=\"avia_inline_auto\" id=\"style-css-av-4ttlmr-a96aedf90608aab5f0e958546e4b60c7\">\n#top .hr.hr-invisible.av-4ttlmr-a96aedf90608aab5f0e958546e4b60c7{\nheight:50px;\n}\n<\/style>\n<div  class='hr av-4ttlmr-a96aedf90608aab5f0e958546e4b60c7 hr-invisible  avia-builder-el-3  el_after_av_textblock  el_before_av_icon_box '><span class='hr-inner '><span class=\"hr-inner-style\"><\/span><\/span><\/div>\n<article  class='iconbox iconbox_left av-lcwc4790-32894e395f20fefb3a1dd8a9f9dc95d6  avia-builder-el-4  el_after_av_hr  el_before_av_icon_box '  itemscope=\"itemscope\" itemtype=\"https:\/\/schema.org\/CreativeWork\" ><div class=\"iconbox_content\"><header class=\"entry-content-header\" aria-label=\"Ic\u00f4ne : \"><div class='iconbox_icon heading-color avia-iconfont avia-font-entypo-fontello' data-av_icon='\ue808' data-av_iconfont='entypo-fontello'  ><\/div><\/header><div class='iconbox_content_container '  itemprop=\"text\" ><p>Offrir \u00e0 ses clients un service d&#8217;excellente qualit\u00e9 constante<\/p>\n<\/div><\/div><footer class=\"entry-footer\"><\/footer><\/article>\n<article  class='iconbox iconbox_left av-lcwc4mt2-300f2697192127251dac2b6befaa878e  avia-builder-el-5  el_after_av_icon_box  el_before_av_icon_box '  itemscope=\"itemscope\" itemtype=\"https:\/\/schema.org\/CreativeWork\" ><div class=\"iconbox_content\"><header class=\"entry-content-header\" aria-label=\"Ic\u00f4ne : \"><div class='iconbox_icon heading-color avia-iconfont avia-font-entypo-fontello' data-av_icon='\ue808' data-av_iconfont='entypo-fontello'  ><\/div><\/header><div class='iconbox_content_container '  itemprop=\"text\" ><p>Identifier les risques op\u00e9rationnels et par cons\u00e9quent les \u00e9liminer par des mesures de s\u00e9curit\u00e9 appropri\u00e9es<\/p>\n<\/div><\/div><footer class=\"entry-footer\"><\/footer><\/article>\n<article  class='iconbox iconbox_left av-lcwc58rn-dff6437f278a7e6859bf442d242879e4  avia-builder-el-6  el_after_av_icon_box  el_before_av_icon_box '  itemscope=\"itemscope\" itemtype=\"https:\/\/schema.org\/CreativeWork\" ><div class=\"iconbox_content\"><header class=\"entry-content-header\" aria-label=\"Ic\u00f4ne : \"><div class='iconbox_icon heading-color avia-iconfont avia-font-entypo-fontello' data-av_icon='\ue808' data-av_iconfont='entypo-fontello'  ><\/div><\/header><div class='iconbox_content_container '  itemprop=\"text\" ><p>Assurer un processus d&#8217;am\u00e9lioration permanente des connaissances du personnel, de la gestion de la s\u00e9curit\u00e9, des mesures d&#8217;urgence et de la protection de l&#8217;environnement<\/p>\n<\/div><\/div><footer class=\"entry-footer\"><\/footer><\/article>\n<article  class='iconbox iconbox_left av-lcwc5pb9-b1959b4c00c371d765fccf76368c7657  avia-builder-el-7  el_after_av_icon_box  el_before_av_icon_box '  itemscope=\"itemscope\" itemtype=\"https:\/\/schema.org\/CreativeWork\" ><div class=\"iconbox_content\"><header class=\"entry-content-header\" aria-label=\"Ic\u00f4ne : \"><div class='iconbox_icon heading-color avia-iconfont avia-font-entypo-fontello' data-av_icon='\ue808' data-av_iconfont='entypo-fontello'  ><\/div><\/header><div class='iconbox_content_container '  itemprop=\"text\" ><p>Assurer une communication efficace entre le navire et les organisations \u00e0 terre pour assurer les op\u00e9rations dans une entit\u00e9 int\u00e9gr\u00e9e<\/p>\n<\/div><\/div><footer class=\"entry-footer\"><\/footer><\/article>\n<article  class='iconbox iconbox_left av-lcwc66z7-67f1357eaa222d12fe2e0ca0954195fe  avia-builder-el-8  el_after_av_icon_box  el_before_av_icon_box '  itemscope=\"itemscope\" itemtype=\"https:\/\/schema.org\/CreativeWork\" ><div class=\"iconbox_content\"><header class=\"entry-content-header\" aria-label=\"Ic\u00f4ne : \"><div class='iconbox_icon heading-color avia-iconfont avia-font-entypo-fontello' data-av_icon='\ue808' data-av_iconfont='entypo-fontello'  ><\/div><\/header><div class='iconbox_content_container '  itemprop=\"text\" ><p>Veiller \u00e0 ce que les recommandations de l&#8217;OMI, des administrations des \u00c9tats du pavillon et des \u00c9tats du port, des soci\u00e9t\u00e9s de classification et des organisations maritimes soient d\u00fbment prises en compte<\/p>\n<\/div><\/div><footer class=\"entry-footer\"><\/footer><\/article>\n<article  class='iconbox iconbox_left av-lcwc6nw0-59d26ca93b514298dbe8cc85b765e874  avia-builder-el-9  el_after_av_icon_box  el_before_av_icon_box '  itemscope=\"itemscope\" itemtype=\"https:\/\/schema.org\/CreativeWork\" ><div class=\"iconbox_content\"><header class=\"entry-content-header\" aria-label=\"Ic\u00f4ne : \"><div class='iconbox_icon heading-color avia-iconfont avia-font-entypo-fontello' data-av_icon='\ue808' data-av_iconfont='entypo-fontello'  ><\/div><\/header><div class='iconbox_content_container '  itemprop=\"text\" ><p>R\u00e9duire les \u00e9missions et prot\u00e9ger l&#8217;environnement<\/p>\n<\/div><\/div><footer class=\"entry-footer\"><\/footer><\/article>\n<article  class='iconbox iconbox_left av-lcwc75r1-1bca892277b804aaa027b2294febaa0e  avia-builder-el-10  el_after_av_icon_box  el_before_av_icon_box '  itemscope=\"itemscope\" itemtype=\"https:\/\/schema.org\/CreativeWork\" ><div class=\"iconbox_content\"><header class=\"entry-content-header\" aria-label=\"Ic\u00f4ne : \"><div class='iconbox_icon heading-color avia-iconfont avia-font-entypo-fontello' data-av_icon='\ue808' data-av_iconfont='entypo-fontello'  ><\/div><\/header><div class='iconbox_content_container '  itemprop=\"text\" ><p>Examiner la qualit\u00e9 des op\u00e9rations maritimes et terrestres en mati\u00e8re de s\u00e9curit\u00e9 et de protection de l&#8217;environnement. identifier, contr\u00f4ler et \u00e9valuer les activit\u00e9s qui affectent l&#8217;environnement<\/p>\n<\/div><\/div><footer class=\"entry-footer\"><\/footer><\/article>\n<article  class='iconbox iconbox_left av-lcwc7lov-4a4635fd2bee9046f771c3f32ca80dbf  avia-builder-el-11  el_after_av_icon_box  el_before_av_icon_box '  itemscope=\"itemscope\" itemtype=\"https:\/\/schema.org\/CreativeWork\" ><div class=\"iconbox_content\"><header class=\"entry-content-header\" aria-label=\"Ic\u00f4ne : \"><div class='iconbox_icon heading-color avia-iconfont avia-font-entypo-fontello' data-av_icon='\ue808' data-av_iconfont='entypo-fontello'  ><\/div><\/header><div class='iconbox_content_container '  itemprop=\"text\" ><p>Employer et entretenir un personnel hautement qualifi\u00e9 et motiv\u00e9 pour le travail sur terre et en mer<\/p>\n<\/div><\/div><footer class=\"entry-footer\"><\/footer><\/article>\n<article  class='iconbox iconbox_left av-lcwc81il-a251c2f0ad5d311afb7b3596da81b9fa  avia-builder-el-12  el_after_av_icon_box  el_before_av_hr '  itemscope=\"itemscope\" itemtype=\"https:\/\/schema.org\/CreativeWork\" ><div class=\"iconbox_content\"><header class=\"entry-content-header\" aria-label=\"Ic\u00f4ne : \"><div class='iconbox_icon heading-color avia-iconfont avia-font-entypo-fontello' data-av_icon='\ue808' data-av_iconfont='entypo-fontello'  ><\/div><\/header><div class='iconbox_content_container '  itemprop=\"text\" ><p>\u00c9vitement des dommages mat\u00e9riels<\/p>\n<\/div><\/div><footer class=\"entry-footer\"><\/footer><\/article>\n\n<style type=\"text\/css\" data-created_by=\"avia_inline_auto\" id=\"style-css-av-35zyrn-b0909c4ef0e6914f7970b0e16ed02bae\">\n#top .hr.hr-invisible.av-35zyrn-b0909c4ef0e6914f7970b0e16ed02bae{\nheight:50px;\n}\n<\/style>\n<div  class='hr av-35zyrn-b0909c4ef0e6914f7970b0e16ed02bae hr-invisible  avia-builder-el-13  el_after_av_icon_box  el_before_av_textblock '><span class='hr-inner '><span class=\"hr-inner-style\"><\/span><\/span><\/div>\n<section  class='av_textblock_section av-lcwc392t-33cc56ba183cf438fa63347dfc867ac3 '   itemscope=\"itemscope\" itemtype=\"https:\/\/schema.org\/CreativeWork\" ><div class='avia_textblock'  itemprop=\"text\" ><p>Les questions de sant\u00e9, de s\u00e9curit\u00e9 et d\u2019environnement priment sur les objectifs fondamentaux de l\u2019entreprise. Les actions dangereuses et les processus nocifs pour l\u2019environnement ne sont ni efficaces ni \u00e9conomiques \u00e0 long terme. Consid\u00e9rant que l&#8217;industrie maritime est expos\u00e9e \u00e0 des risques \u00e9lev\u00e9s li\u00e9s aux dangers de la mer, \u00e0 la complexit\u00e9 des machines \u00e0 bord et aux cargaisons potentiellement dangereuses, les op\u00e9rations de l&#8217;entreprise sont r\u00e9alis\u00e9es en mettant l&#8217;accent sur l&#8217;\u00e9vitement des risques pour la sant\u00e9 du personnel exploit\u00e9 et \u00e9viter les dommages environnementaux.<\/p>\n<p>Moby Port Service Enterprise reconna\u00eet les limites des ressources naturelles de notre environnement et s&#8217;efforce de g\u00e9rer ses navires et ses bureaux aussi efficacement que possible afin de conserver ces ressources et de minimiser les d\u00e9chets.<\/p>\n<\/div><\/section>\n","protected":false},"excerpt":{"rendered":"","protected":false},"author":1,"featured_media":0,"parent":0,"menu_order":0,"comment_status":"closed","ping_status":"closed","template":"","meta":{"footnotes":""},"class_list":["post-4627","page","type-page","status-publish","hentry"],"_links":{"self":[{"href":"https:\/\/moby-port.com\/fr\/wp-json\/wp\/v2\/pages\/4627","targetHints":{"allow":["GET"]}}],"collection":[{"href":"https:\/\/moby-port.com\/fr\/wp-json\/wp\/v2\/pages"}],"about":[{"href":"https:\/\/moby-port.com\/fr\/wp-json\/wp\/v2\/types\/page"}],"author":[{"embeddable":true,"href":"https:\/\/moby-port.com\/fr\/wp-json\/wp\/v2\/users\/1"}],"replies":[{"embeddable":true,"href":"https:\/\/moby-port.com\/fr\/wp-json\/wp\/v2\/comments?post=4627"}],"version-history":[{"count":0,"href":"https:\/\/moby-port.com\/fr\/wp-json\/wp\/v2\/pages\/4627\/revisions"}],"wp:attachment":[{"href":"https:\/\/moby-port.com\/fr\/wp-json\/wp\/v2\/media?parent=4627"}],"curies":[{"name":"wp","href":"https:\/\/api.w.org\/{rel}","templated":true}]}}