{"id":4605,"date":"2026-03-20T20:48:08","date_gmt":"2026-03-20T19:48:08","guid":{"rendered":"https:\/\/headquarter.nanoug.fr\/?page_id=4605"},"modified":"2025-12-09T13:32:56","modified_gmt":"2025-12-09T12:32:56","slug":"mission-vision-valeurs","status":"publish","type":"page","link":"https:\/\/moby-port.com\/fr\/mission-vision-valeurs\/","title":{"rendered":"Mission Vision Valeurs"},"content":{"rendered":"<div id='full_slider_1'  class='avia-fullwidth-slider main_color avia-shadow   avia-builder-el-0  el_before_av_icon_box  avia-builder-el-first   container_wrap sidebar_right'  ><div  class='avia-slideshow av-lcvwiz1k-eb40a8cf7bf277a7ce9b8abf5d7e7180 avia-slideshow-entry_without_sidebar av_slideshow_full avia-slide-slider av-slideshow-ui av-control-default av-slideshow-manual av-loop-once av-loop-manual-endless av-default-height-applied   avia-slideshow-1' data-slideshow-options=\"{&quot;animation&quot;:&quot;slide&quot;,&quot;autoplay&quot;:false,&quot;loop_autoplay&quot;:&quot;once&quot;,&quot;interval&quot;:5,&quot;loop_manual&quot;:&quot;manual-endless&quot;,&quot;autoplay_stopper&quot;:false,&quot;noNavigation&quot;:false,&quot;bg_slider&quot;:false,&quot;keep_padding&quot;:false,&quot;hoverpause&quot;:false,&quot;show_slide_delay&quot;:0}\"  itemprop=\"image\" itemscope=\"itemscope\" itemtype=\"https:\/\/schema.org\/ImageObject\" ><ul class='avia-slideshow-inner ' style='padding-bottom: 14.876033057851%;'><li  class='avia-slideshow-slide av-lcvwiz1k-eb40a8cf7bf277a7ce9b8abf5d7e7180__0  av-single-slide slide-1 slide-odd'><div data-rel='slideshow-1' class='avia-slide-wrap '   ><div class='av-slideshow-caption av-lcvwiz1k-eb40a8cf7bf277a7ce9b8abf5d7e7180__0 caption_fullwidth caption_bottom caption_bottom_framed caption_framed'><div class=\"container caption_container\"><div class=\"slideshow_caption\"><div class=\"slideshow_inner_caption\"><div class=\"slideshow_align_caption\"><h2 class='avia-caption-title '  itemprop=\"name\" >MISSION VISION VALEURS<\/h2><div class='avia-caption-content '  itemprop=\"description\" ><p>Ce en quoi nous croyons<\/p>\n<\/div><\/div><\/div><\/div><\/div><\/div><img decoding=\"async\" fetchpriority=\"high\" class=\"wp-image-138153 avia-img-lazy-loading-not-138153\"  src=\"https:\/\/moby-port.com\/wp-content\/uploads\/2025\/12\/Mission-0002-1210x180.jpg\" width=\"1210\" height=\"180\" title='Mission 0002' alt=''  itemprop=\"thumbnailUrl\"   \/><\/div><\/li><\/ul><\/div><\/div><div id='after_full_slider_1'  class='main_color av_default_container_wrap container_wrap sidebar_right'  ><div class='container av-section-cont-open' ><div class='template-page content  av-content-small alpha units'><div class='post-entry post-entry-type-page post-entry-4605'><div class='entry-content-wrapper clearfix'>\n\n<style type=\"text\/css\" data-created_by=\"avia_inline_auto\" id=\"style-css-av-lcvvmj1n-d81d3a61582d27fda401bf10d82bdb5c\">\n.iconbox.av-lcvvmj1n-d81d3a61582d27fda401bf10d82bdb5c .iconbox_icon{\nbackground-color:#ffffff;\n}\n.iconbox.av-lcvvmj1n-d81d3a61582d27fda401bf10d82bdb5c .iconbox_content_container{\nfont-size:14px;\n}\n<\/style>\n<article  class='iconbox iconbox_top av-lcvvmj1n-d81d3a61582d27fda401bf10d82bdb5c  avia-builder-el-1  el_after_av_slideshow_full  el_before_av_icon_box  avia-builder-el-first  main_color'  itemscope=\"itemscope\" itemtype=\"https:\/\/schema.org\/CreativeWork\" ><div class=\"iconbox_content\"><header class=\"entry-content-header\" aria-label=\"Ic\u00f4ne : MISSION\"><div class='iconbox_icon heading-color avia-iconfont avia-font-entypo-fontello' data-av_icon='\ue845' data-av_iconfont='entypo-fontello'  ><\/div><h3 class='iconbox_content_title '  itemprop=\"headline\" >MISSION<\/h3><\/header><div class='iconbox_content_container '  itemprop=\"text\" ><p>Notre mission est d&#8217;offrir \u00e0 nos partenaires commerciaux et \u00e0 nos clients un service parfait, en mettant en \u0153uvre des solutions de toute nature dans les secteurs portuaires et maritimes, tout en respectant strictement et de mani\u00e8re hautement professionnelle toutes les r\u00e9glementations internationales et administratives \u00e0 bord et \u00e0 terre. Cela inclut \u00e9galement le strict respect des directives et r\u00e9glementations des organisations non gouvernementales et des organisations industrielles telles que l\u2019OCIMF. L\u2019objectif principal de notre mission est de fournir la plus haute s\u00e9curit\u00e9, politique environnementale et s\u00e9curit\u00e9 dans tout ce que nous faisons.<\/p>\n<\/div><\/div><footer class=\"entry-footer\"><\/footer><\/article>\n\n<style type=\"text\/css\" data-created_by=\"avia_inline_auto\" id=\"style-css-av-lcvvoqsx-3f0753300c7e433c9faa8482ea8f5375\">\n.iconbox.av-lcvvoqsx-3f0753300c7e433c9faa8482ea8f5375 .iconbox_icon{\nbackground-color:#ffffff;\n}\n.iconbox.av-lcvvoqsx-3f0753300c7e433c9faa8482ea8f5375 .iconbox_content_container{\nfont-size:14px;\n}\n<\/style>\n<article  class='iconbox iconbox_top av-lcvvoqsx-3f0753300c7e433c9faa8482ea8f5375  avia-builder-el-2  el_after_av_icon_box  el_before_av_icon_box  main_color'  itemscope=\"itemscope\" itemtype=\"https:\/\/schema.org\/CreativeWork\" ><div class=\"iconbox_content\"><header class=\"entry-content-header\" aria-label=\"Ic\u00f4ne : Vision\"><div class='iconbox_icon heading-color avia-iconfont avia-font-entypo-fontello' data-av_icon='\ue845' data-av_iconfont='entypo-fontello'  ><\/div><h3 class='iconbox_content_title '  itemprop=\"headline\" >Vision<\/h3><\/header><div class='iconbox_content_container '  itemprop=\"text\" ><p>Notre vision est d&#8217;\u00eatre connu dans le monde entier comme un partenaire fiable pour les clients et les partenaires commerciaux dans tous les domaines, que ce soit sur les oc\u00e9ans du monde ou dans les ports, et de pouvoir garantir des produits et services de haute qualit\u00e9 optimale. Gr\u00e2ce \u00e0 l&#8217;exp\u00e9rience que nous avons acquise dans ce secteur d&#8217;activit\u00e9, nous sommes en mesure de toujours rester sur le march\u00e9 international et de relever les d\u00e9fis.<\/p>\n<\/div><\/div><footer class=\"entry-footer\"><\/footer><\/article>\n\n<style type=\"text\/css\" data-created_by=\"avia_inline_auto\" id=\"style-css-av-lcvvpz6a-1bc71611631a047bde2f6d9311447c42\">\n.iconbox.av-lcvvpz6a-1bc71611631a047bde2f6d9311447c42 .iconbox_icon{\nbackground-color:#ffffff;\n}\n.iconbox.av-lcvvpz6a-1bc71611631a047bde2f6d9311447c42 .iconbox_content_container{\nfont-size:14px;\n}\n<\/style>\n<article  class='iconbox iconbox_top av-lcvvpz6a-1bc71611631a047bde2f6d9311447c42  avia-builder-el-3  el_after_av_icon_box  el_before_av_icon_box  main_color'  itemscope=\"itemscope\" itemtype=\"https:\/\/schema.org\/CreativeWork\" ><div class=\"iconbox_content\"><header class=\"entry-content-header\" aria-label=\"Ic\u00f4ne : Valeurs\"><div class='iconbox_icon heading-color avia-iconfont avia-font-entypo-fontello' data-av_icon='\ue845' data-av_iconfont='entypo-fontello'  ><\/div><h3 class='iconbox_content_title '  itemprop=\"headline\" >Valeurs<\/h3><\/header><div class='iconbox_content_container '  itemprop=\"text\" ><p>Les principales ressources de l&#8217;entreprise sont r\u00e9parties \u00e0 parts \u00e9gales entre la valeur mat\u00e9rielle et le capital humain de notre personnel. Nos employ\u00e9s sont bien form\u00e9s et comp\u00e9tents. Il se compose d&#8217;une jeune \u00e9quipe d&#8217;officiers et d&#8217;ing\u00e9nieurs exp\u00e9riment\u00e9s et orient\u00e9s vers la pratique ainsi que de sp\u00e9cialistes qui se concentrent sur les futurs d\u00e9fis technologiques, tant \u00e0 bord que dans nos bureaux. Cela se refl\u00e8te dans notre historique impressionnant d&#8217;indicateurs de performance cl\u00e9s dans toutes les activit\u00e9s, refl\u00e9tant les normes de qualit\u00e9 les plus \u00e9lev\u00e9es en termes de s\u00e9curit\u00e9 et de politique environnementale. Les qualit\u00e9s que nous valorisons dans ce m\u00e9tier sont l\u2019engagement, l\u2019honn\u00eatet\u00e9 et l\u2019ouverture.<\/p>\n<\/div><\/div><footer class=\"entry-footer\"><\/footer><\/article>\n\n<style type=\"text\/css\" data-created_by=\"avia_inline_auto\" id=\"style-css-av-lcvvslsd-0ba344bd44238e8015c71abcc3d50bc1\">\n.iconbox.av-lcvvslsd-0ba344bd44238e8015c71abcc3d50bc1 .iconbox_icon{\nbackground-color:#ffffff;\n}\n.iconbox.av-lcvvslsd-0ba344bd44238e8015c71abcc3d50bc1 .iconbox_content_container{\nfont-size:14px;\n}\n<\/style>\n<article  class='iconbox iconbox_top av-lcvvslsd-0ba344bd44238e8015c71abcc3d50bc1  avia-builder-el-4  el_after_av_icon_box  avia-builder-el-last  main_color'  itemscope=\"itemscope\" itemtype=\"https:\/\/schema.org\/CreativeWork\" ><div class=\"iconbox_content\"><header class=\"entry-content-header\" aria-label=\"Ic\u00f4ne : PHILOSOPHIE\"><div class='iconbox_icon heading-color avia-iconfont avia-font-entypo-fontello' data-av_icon='\ue845' data-av_iconfont='entypo-fontello'  ><\/div><h3 class='iconbox_content_title '  itemprop=\"headline\" >PHILOSOPHIE<\/h3><\/header><div class='iconbox_content_container '  itemprop=\"text\" ><p>Lorsque nous restons concentr\u00e9s et sur la bonne voie, nous adh\u00e9rons aux politiques de l\u2019entreprise et restons ouverts aux solutions alternatives pouvant atteindre le m\u00eame objectif. Pour le b\u00e9n\u00e9fice de nos clients et partenaires, notre objectif principal est de suivre strictement ou de \u00ab vivre \u00bb notre manuel du syst\u00e8me de gestion dans tous les domaines de notre travail quotidien. Ce manuel est constamment r\u00e9vis\u00e9 par nos professionnels tr\u00e8s motiv\u00e9s, \u00e0 terre et \u00e0 bord, qui fournissent des suggestions et des corrections pour leurs t\u00e2ches respectives au sein de l&#8217;entreprise.<\/p>\n<p>Moby Port Service Enterprise pratique une \u00ab culture juste \u00bb \u00e0 bord des navires et \u00e0 terre dans nos bureaux. Cela signifie que les op\u00e9rateurs de premi\u00e8re ligne, les membres d\u2019\u00e9quipage et autres ne seront pas sanctionn\u00e9s pour leurs actions, inactions ou d\u00e9cisions prises par eux conform\u00e9ment \u00e0 leur exp\u00e9rience et \u00e0 leur formation. N\u00e9anmoins, les n\u00e9gligences graves, les violations intentionnelles et les actions destructrices ne seront pas tol\u00e9r\u00e9es.<\/p>\n<\/div><\/div><footer class=\"entry-footer\"><\/footer><\/article>\n","protected":false},"excerpt":{"rendered":"","protected":false},"author":1,"featured_media":0,"parent":0,"menu_order":0,"comment_status":"closed","ping_status":"closed","template":"","meta":{"footnotes":""},"class_list":["post-4605","page","type-page","status-publish","hentry"],"_links":{"self":[{"href":"https:\/\/moby-port.com\/fr\/wp-json\/wp\/v2\/pages\/4605","targetHints":{"allow":["GET"]}}],"collection":[{"href":"https:\/\/moby-port.com\/fr\/wp-json\/wp\/v2\/pages"}],"about":[{"href":"https:\/\/moby-port.com\/fr\/wp-json\/wp\/v2\/types\/page"}],"author":[{"embeddable":true,"href":"https:\/\/moby-port.com\/fr\/wp-json\/wp\/v2\/users\/1"}],"replies":[{"embeddable":true,"href":"https:\/\/moby-port.com\/fr\/wp-json\/wp\/v2\/comments?post=4605"}],"version-history":[{"count":0,"href":"https:\/\/moby-port.com\/fr\/wp-json\/wp\/v2\/pages\/4605\/revisions"}],"wp:attachment":[{"href":"https:\/\/moby-port.com\/fr\/wp-json\/wp\/v2\/media?parent=4605"}],"curies":[{"name":"wp","href":"https:\/\/api.w.org\/{rel}","templated":true}]}}