{"id":4583,"date":"2026-03-20T07:27:17","date_gmt":"2026-03-20T06:27:17","guid":{"rendered":"https:\/\/headquarter.nanoug.fr\/?page_id=4583"},"modified":"2025-12-11T08:12:21","modified_gmt":"2025-12-11T07:12:21","slug":"carriere","status":"publish","type":"page","link":"https:\/\/moby-port.com\/fr\/carriere\/","title":{"rendered":"Carri\u00e8re"},"content":{"rendered":"\n<style type=\"text\/css\" data-created_by=\"avia_inline_auto\" id=\"style-css-av-8m9iav-39da54a8cf767bd23afcbef2d6f9cc4b\">\n.avia-section.av-8m9iav-39da54a8cf767bd23afcbef2d6f9cc4b{\nbackground-color:#ffffff;\nbackground-image:url(https:\/\/moby-port.com\/wp-content\/uploads\/2025\/12\/Moby-Port-and-Headquarter.jpg);\nbackground-repeat:no-repeat;\nbackground-position:0% 0%;\nbackground-attachment:scroll;\n}\n<\/style>\n<div id='av_section_1'  class='avia-section av-8m9iav-39da54a8cf767bd23afcbef2d6f9cc4b main_color avia-section-default avia-no-border-styling  avia-builder-el-0  avia-builder-el-no-sibling  avia-full-stretch avia-bg-style-scroll av-minimum-height av-minimum-height-70 av-height-percent  container_wrap sidebar_right'  data-section-bg-repeat='stretch' data-av_minimum_height_pc='70' data-av_min_height_opt='percent'><div class='container av-section-cont-open' ><main  role=\"main\" itemprop=\"mainContentOfPage\"  class='template-page content  av-content-small alpha units'><div class='post-entry post-entry-type-page post-entry-4583'><div class='entry-content-wrapper clearfix'>\n\n<style type=\"text\/css\" data-created_by=\"avia_inline_auto\" id=\"style-css-av-lcvqewgs-ceab64051c0dfb320a1665e90810ee91\">\n#top .av-special-heading.av-lcvqewgs-ceab64051c0dfb320a1665e90810ee91{\npadding-bottom:10px;\ncolor:#ffffff;\n}\nbody .av-special-heading.av-lcvqewgs-ceab64051c0dfb320a1665e90810ee91 .av-special-heading-tag .heading-char{\nfont-size:25px;\n}\n.av-special-heading.av-lcvqewgs-ceab64051c0dfb320a1665e90810ee91 .special-heading-inner-border{\nborder-color:#ffffff;\n}\n.av-special-heading.av-lcvqewgs-ceab64051c0dfb320a1665e90810ee91 .av-subheading{\nfont-size:15px;\n}\n<\/style>\n<div  class='av-special-heading av-lcvqewgs-ceab64051c0dfb320a1665e90810ee91 av-special-heading-h1 custom-color-heading blockquote classic-quote  avia-builder-el-1  el_before_av_hr  avia-builder-el-first  av-linked-heading'><h1 class='av-special-heading-tag '  itemprop=\"headline\"  >Carri\u00e8re<\/h1><div class=\"special-heading-border\"><div class=\"special-heading-inner-border\"><\/div><\/div><\/div>\n<div  class='hr av-77iip3-485184be8d4f967c150ef4d9b53aa540 hr-short  avia-builder-el-2  el_after_av_heading  el_before_av_one_fourth  hr-center'><span class='hr-inner '><span class=\"hr-inner-style\"><\/span><\/span><\/div>\n<div  class='flex_column av-5f4x1z-37ea4adf22d879f0552e1fe9db13fa6b av_one_fourth  avia-builder-el-3  el_after_av_hr  el_before_av_one_half  first flex_column_div  '     ><\/div>\n<style type=\"text\/css\" data-created_by=\"avia_inline_auto\" id=\"style-css-av-3tsg2f-8ba9a96570df9e662e6f7f79be494aa7\">\n.flex_column.av-3tsg2f-8ba9a96570df9e662e6f7f79be494aa7{\nborder-radius:5px 5px 5px 5px;\npadding:30px 30px 30px 30px;\nbackground-color:rgba(0,0,0,0.45);\n}\n<\/style>\n<div  class='flex_column av-3tsg2f-8ba9a96570df9e662e6f7f79be494aa7 av_one_half  avia-builder-el-4  el_after_av_one_fourth  el_before_av_one_fourth  flex_column_div  '     ><style type=\"text\/css\" data-created_by=\"avia_inline_auto\" id=\"style-css-av-lcvqfsqj-9c27ef282d91b8ad93a9823403d24175\">\n#top .av_textblock_section.av-lcvqfsqj-9c27ef282d91b8ad93a9823403d24175 .avia_textblock{\nfont-size:15px;\ncolor:#ffffff;\n}\n<\/style>\n<section  class='av_textblock_section av-lcvqfsqj-9c27ef282d91b8ad93a9823403d24175 '   itemscope=\"itemscope\" itemtype=\"https:\/\/schema.org\/CreativeWork\" ><div class='avia_textblock av_inherit_color'  itemprop=\"text\" ><p>En raison de l&#8217;expansion pr\u00e9vue de notre entreprise et de ses domaines d&#8217;activit\u00e9, nous recherchons d\u00e9sormais 280 collaborateurs \u00e0 temps partiel et \u00e0 temps plein. Les sites op\u00e9rationnels sont situ\u00e9s dans nos filiales en Europe et dans le monde entier. Nous sommes int\u00e9ress\u00e9s par une coop\u00e9ration \u00e0 long terme et vous offrons un bon environnement de travail, \u00e0 bord comme \u00e0 terre.<\/p>\n<p>Vous pouvez soumettre votre candidature compl\u00e8te via notre portail emploi.<\/p>\n<p><a href=\"https:\/\/charite-maritime.com\/portail-de-recrutement\/?lang=fr\" target=\"_blank\" rel=\"noopener\">Portail de recrutement<\/a><\/p>\n<\/div><\/section><\/div><div  class='flex_column av-2md37b-7825f276a9b7b5175ecab84790418165 av_one_fourth  avia-builder-el-6  el_after_av_one_half  avia-builder-el-last  flex_column_div  '     ><\/div><\/div><\/div><\/main><!-- close content main element --><\/div><\/div><div id='after_section_1'  class='main_color av_default_container_wrap container_wrap sidebar_right'  ><div class='container av-section-cont-open' ><div class='template-page content  av-content-small alpha units'><div class='post-entry post-entry-type-page post-entry-4583'><div class='entry-content-wrapper clearfix'>\n","protected":false},"excerpt":{"rendered":"","protected":false},"author":1,"featured_media":0,"parent":0,"menu_order":0,"comment_status":"closed","ping_status":"closed","template":"","meta":{"footnotes":""},"class_list":["post-4583","page","type-page","status-publish","hentry"],"_links":{"self":[{"href":"https:\/\/moby-port.com\/fr\/wp-json\/wp\/v2\/pages\/4583","targetHints":{"allow":["GET"]}}],"collection":[{"href":"https:\/\/moby-port.com\/fr\/wp-json\/wp\/v2\/pages"}],"about":[{"href":"https:\/\/moby-port.com\/fr\/wp-json\/wp\/v2\/types\/page"}],"author":[{"embeddable":true,"href":"https:\/\/moby-port.com\/fr\/wp-json\/wp\/v2\/users\/1"}],"replies":[{"embeddable":true,"href":"https:\/\/moby-port.com\/fr\/wp-json\/wp\/v2\/comments?post=4583"}],"version-history":[{"count":0,"href":"https:\/\/moby-port.com\/fr\/wp-json\/wp\/v2\/pages\/4583\/revisions"}],"wp:attachment":[{"href":"https:\/\/moby-port.com\/fr\/wp-json\/wp\/v2\/media?parent=4583"}],"curies":[{"name":"wp","href":"https:\/\/api.w.org\/{rel}","templated":true}]}}