{"id":11314,"date":"2025-11-02T08:56:12","date_gmt":"2025-11-02T07:56:12","guid":{"rendered":"https:\/\/headquarter.nanoug.fr\/?page_id=4513"},"modified":"2025-12-11T08:49:23","modified_gmt":"2025-12-11T07:49:23","slug":"maintenance-reparations","status":"publish","type":"page","link":"https:\/\/moby-port.com\/fr\/maintenance-reparations\/","title":{"rendered":"Maintenance &#038; R\u00e9parations"},"content":{"rendered":"\n<style type=\"text\/css\" data-created_by=\"avia_inline_auto\" id=\"style-css-av-ld2q6wi6-574c8bedda99d3440c735cee8117a4bd\">\n#top .av-special-heading.av-ld2q6wi6-574c8bedda99d3440c735cee8117a4bd{\npadding-bottom:10px;\n}\nbody .av-special-heading.av-ld2q6wi6-574c8bedda99d3440c735cee8117a4bd .av-special-heading-tag .heading-char{\nfont-size:25px;\n}\n.av-special-heading.av-ld2q6wi6-574c8bedda99d3440c735cee8117a4bd .av-subheading{\nfont-size:15px;\n}\n<\/style>\n<div  class='av-special-heading av-ld2q6wi6-574c8bedda99d3440c735cee8117a4bd av-special-heading-h3 blockquote elegant-quote elegant-centered  avia-builder-el-0  el_before_av_video  avia-builder-el-first '><h3 class='av-special-heading-tag '  itemprop=\"headline\"  ><span class=\"heading-wrap\">Cette page est actuellement en cours de r\u00e9vision et appara\u00eetra sous peu dans une nouvelle splendeur.<\/span><\/h3><div class=\"special-heading-border\"><div class=\"special-heading-inner-border\"><\/div><\/div><\/div>\n<div  class='avia-video av-mhgr8yyc-ab6b827781e3cf019921de8e5f1ed294 avia-video-16-9 av-no-preview-image avia-video-load-always avia-video-html5'  itemprop=\"video\" itemtype=\"https:\/\/schema.org\/VideoObject\"  data-original_url='https:\/\/moby-port.com\/wp-content\/uploads\/2025\/06\/Anoug-2020.mp4'><video class='avia_video'  autoplay playsinline loop preload=\"metadata\" muted  id='player_11314_56300197_153124996'><source src='https:\/\/moby-port.com\/wp-content\/uploads\/2025\/06\/Anoug-2020.mp4' type='video\/mp4' \/><\/video><\/div>\n\n<style type=\"text\/css\" data-created_by=\"avia_inline_auto\" id=\"style-css-av-1jo4jl-fcff9f885fc9f0ccf3cf1fff45647fa6\">\n#top .hr.hr-invisible.av-1jo4jl-fcff9f885fc9f0ccf3cf1fff45647fa6{\nheight:50px;\n}\n<\/style>\n<div  class='hr av-1jo4jl-fcff9f885fc9f0ccf3cf1fff45647fa6 hr-invisible  avia-builder-el-2  el_after_av_video  el_before_av_one_full '><span class='hr-inner '><span class=\"hr-inner-style\"><\/span><\/span><\/div>\n<div  class='flex_column av-2ayf75-6af2a96b64e420d7763bc57db613bfb2 av_one_full  avia-builder-el-3  el_after_av_hr  el_before_av_hr  first flex_column_div  '     ><style type=\"text\/css\" data-created_by=\"avia_inline_auto\" id=\"style-css-av-mhgr4hb3-43d9836492e8a57e8c73850c32f3b002\">\n#top .av_textblock_section.av-mhgr4hb3-43d9836492e8a57e8c73850c32f3b002 .avia_textblock{\nfont-size:15px;\ncolumn-count:3;\n}\n<\/style>\n<section  class='av_textblock_section av-mhgr4hb3-43d9836492e8a57e8c73850c32f3b002 '   itemscope=\"itemscope\" itemtype=\"https:\/\/schema.org\/CreativeWork\" ><div class='avia_textblock av_multi_colums'  itemprop=\"text\" ><p><strong>R\u00e9novation et transformations<\/strong><br \/>\nBateaux, yachts, m\u00e9ga yachts et giga yachts, ainsi que navires marchands, p\u00e9troliers, etc.<\/p>\n<p><strong>Service de pi\u00e8ces de rechange<\/strong><br \/>\nNotre service de pi\u00e8ces de rechange dans le monde entier aux propri\u00e9taires de navires, aux compagnies maritimes et aux gestionnaires techniques des navires. Nous garantissons \u00e9galement une livraison fiable de pi\u00e8ces de rechange de derni\u00e8re minute dans le monde entier&#8230;<\/p>\n<p><strong>Services d&#8217;atelier<\/strong><br \/>\nNotre service d&#8217;atelier est \u00e0 disposition des clients et du gestionnaire de projet jusqu&#8217;\u00e0 la r\u00e9paration \u00e0 bord et sur place, ainsi qu&#8217;\u00e0 l&#8217;arsenal, et ce, dans le monde entier. Cela comprend \u00e9galement la r\u00e9paration des structures en acier, des navires et des superstructures, ainsi que des dommages caus\u00e9s par les inondations, ainsi que la r\u00e9paration des conduites et des r\u00e9servoirs&#8230;<\/p>\n<\/div><\/section><\/div>\n\n<style type=\"text\/css\" data-created_by=\"avia_inline_auto\" id=\"style-css-av-8ok0xd-e6658b736423c94da26b574857ea8a53\">\n#top .hr.hr-invisible.av-8ok0xd-e6658b736423c94da26b574857ea8a53{\nheight:25px;\n}\n<\/style>\n<div  class='hr av-8ok0xd-e6658b736423c94da26b574857ea8a53 hr-invisible  avia-builder-el-5  el_after_av_one_full  el_before_av_heading '><span class='hr-inner '><span class=\"hr-inner-style\"><\/span><\/span><\/div>\n\n<style type=\"text\/css\" data-created_by=\"avia_inline_auto\" id=\"style-css-av-ld2qe3gw-ba9a54cce770dd769b6595d9bb426fe4\">\n#top .av-special-heading.av-ld2qe3gw-ba9a54cce770dd769b6595d9bb426fe4{\npadding-bottom:10px;\n}\nbody .av-special-heading.av-ld2qe3gw-ba9a54cce770dd769b6595d9bb426fe4 .av-special-heading-tag .heading-char{\nfont-size:25px;\n}\n.av-special-heading.av-ld2qe3gw-ba9a54cce770dd769b6595d9bb426fe4 .av-subheading{\nfont-size:15px;\n}\n<\/style>\n<div  class='av-special-heading av-ld2qe3gw-ba9a54cce770dd769b6595d9bb426fe4 av-special-heading-h3 blockquote elegant-quote elegant-centered  avia-builder-el-6  el_after_av_hr  el_before_av_hr '><h3 class='av-special-heading-tag '  itemprop=\"headline\"  ><span class=\"heading-wrap\">Un petit extrait de nos services<\/span><\/h3><div class=\"special-heading-border\"><div class=\"special-heading-inner-border\"><\/div><\/div><\/div>\n\n<style type=\"text\/css\" data-created_by=\"avia_inline_auto\" id=\"style-css-av-7l3ey9-0a9121bea1ede497627ad1ce2f68a646\">\n#top .hr.hr-invisible.av-7l3ey9-0a9121bea1ede497627ad1ce2f68a646{\nheight:25px;\n}\n<\/style>\n<div  class='hr av-7l3ey9-0a9121bea1ede497627ad1ce2f68a646 hr-invisible  avia-builder-el-7  el_after_av_heading  el_before_av_two_fifth '><span class='hr-inner '><span class=\"hr-inner-style\"><\/span><\/span><\/div>\n<div  class='flex_column av-57k2gx-d3de71acbecfae3d50d8c194ecd3fc7a av_two_fifth  avia-builder-el-8  el_after_av_hr  el_before_av_one_fifth  first flex_column_div  '     ><section  class='av_textblock_section av-ld2qguvj-b7031cae2838dd509fad43757c6b507d '   itemscope=\"itemscope\" itemtype=\"https:\/\/schema.org\/CreativeWork\" ><div class='avia_textblock'  itemprop=\"text\" ><ul>\n<li>Accostage g\u00e9n\u00e9ral<\/li>\n<li>R\u00e9parations standard\/d\u00e9g\u00e2ts et peinture\/rev\u00eatement de rattrapage<\/li>\n<li>Installation de syst\u00e8mes de traitement des eaux de ballast<\/li>\n<li>Installation d&#8217;\u00e9purateur<\/li>\n<li>Mises \u00e0 niveau techniques, par exemple pour les unit\u00e9s auxiliaires<\/li>\n<li>Am\u00e9liorations de l&#8217;exp\u00e9dition verte<\/li>\n<\/ul>\n<\/div><\/section><\/div>\n<div  class='flex_column av-4ofesx-aa2c681fec388d7176a8e96300541547 av_one_fifth  avia-builder-el-10  el_after_av_two_fifth  el_before_av_two_fifth  flex_column_div  '     ><\/div>\n<div  class='flex_column av-23md0x-ebfde431a60c69cae14c9d92f54cdd7b av_two_fifth  avia-builder-el-11  el_after_av_one_fifth  el_before_av_promobox  flex_column_div  '     ><section  class='av_textblock_section av-ld2qiqaj-c4bad6558e91753c61822cbe85b6750c '   itemscope=\"itemscope\" itemtype=\"https:\/\/schema.org\/CreativeWork\" ><div class='avia_textblock'  itemprop=\"text\" ><ul>\n<li>Modifications et conversions<\/li>\n<li>Prolongation de la dur\u00e9e de vie<\/li>\n<li>Gestion de projets et de la logistique<\/li>\n<li>Int\u00e9gration de syst\u00e8mes<\/li>\n<li>Ing\u00e9nierie interne<\/li>\n<li>Escouades volantes<\/li>\n<\/ul>\n<\/div><\/section><\/div>\n<div  class='av_promobox av-ld2qjmay-2c1a7576bcf497fcac44afe529a9dc3f avia-button-no  avia-builder-el-13  el_after_av_two_fifth  avia-builder-el-last '><div class='avia-promocontent'><p>\nBien que nous n&#8217;ayons pas r\u00e9pertori\u00e9 tous les services ci-dessus, soyez assur\u00e9 que nous pouvons effectuer tout type de r\u00e9paration de navire.<\/p>\n<p>Si vous avez des questions d\u00e9taill\u00e9es et des exigences sp\u00e9cifiques, veuillez nous contacter. Nous planifions une conversion individuellement en fonction de vos id\u00e9es et de vos exigences pour votre navire.<\/p>\n<\/div><\/div>\n","protected":false},"excerpt":{"rendered":"","protected":false},"author":1,"featured_media":0,"parent":0,"menu_order":0,"comment_status":"closed","ping_status":"closed","template":"","meta":{"footnotes":""},"class_list":["post-11314","page","type-page","status-publish","hentry"],"_links":{"self":[{"href":"https:\/\/moby-port.com\/fr\/wp-json\/wp\/v2\/pages\/11314","targetHints":{"allow":["GET"]}}],"collection":[{"href":"https:\/\/moby-port.com\/fr\/wp-json\/wp\/v2\/pages"}],"about":[{"href":"https:\/\/moby-port.com\/fr\/wp-json\/wp\/v2\/types\/page"}],"author":[{"embeddable":true,"href":"https:\/\/moby-port.com\/fr\/wp-json\/wp\/v2\/users\/1"}],"replies":[{"embeddable":true,"href":"https:\/\/moby-port.com\/fr\/wp-json\/wp\/v2\/comments?post=11314"}],"version-history":[{"count":0,"href":"https:\/\/moby-port.com\/fr\/wp-json\/wp\/v2\/pages\/11314\/revisions"}],"wp:attachment":[{"href":"https:\/\/moby-port.com\/fr\/wp-json\/wp\/v2\/media?parent=11314"}],"curies":[{"name":"wp","href":"https:\/\/api.w.org\/{rel}","templated":true}]}}