{"id":11042,"date":"2025-10-30T09:00:59","date_gmt":"2025-10-30T08:00:59","guid":{"rendered":"https:\/\/moby-port.com\/?page_id=11042"},"modified":"2025-06-01T09:54:22","modified_gmt":"2025-06-01T07:54:22","slug":"nettoyage-du-formulaire-de-contact","status":"publish","type":"page","link":"https:\/\/moby-port.com\/fr\/nettoyage-du-formulaire-de-contact\/","title":{"rendered":"Nettoyage du formulaire de contact"},"content":{"rendered":"<div  class='flex_column av-av_one_full-a2cef933b0a555f25d1e39b22a8e9dae av_one_full  avia-builder-el-0  avia-builder-el-no-sibling  first flex_column_div  '     ><p><section  class='av_textblock_section av-av_textblock-92ab5b4c5448b40ef3b82fb3d397e98e '   itemscope=\"itemscope\" itemtype=\"https:\/\/schema.org\/CreativeWork\" ><div class='avia_textblock'  itemprop=\"text\" ><p>Les champs marqu\u00e9s d&#8217;un * doivent \u00eatre remplis.<\/p>\n<\/div><\/section><br \/>\n<form action=\"https:\/\/moby-port.com\/fr\/nettoyage-du-formulaire-de-contact\/\" method=\"post\" data-fields-with-error=\"Erreurs trouv\u00e9es dans les champs suivants :\" class=\"avia_ajax_form av-form-labels-visible   avia-builder-el-2  el_after_av_textblock  el_before_av_textblock   \" data-avia-form-id=\"1\" data-avia-redirect=''  aria-label='Kontaktformular' ><h3 class=''>Que pouvons-nous vous fournir ?<\/h3><fieldset><p class='  first_form  form_element form_element_fourth' id='element_avia_1_1'><label for=\"avia_1_1\">Langue de correspondance<\/label><select  name=\"avia_1_1\" class=\"select \" id=\"avia_1_1\"><option   value='Veuillez s\u00e9lectionner'>Veuillez s\u00e9lectionner<\/option><option   value='Allemand'>Allemand<\/option><option   value='Anglais'>Anglais<\/option><option   value='Fran\u00e7ais'>Fran\u00e7ais<\/option><option   value='Italien'>Italien<\/option><\/select><\/p><p class='  form_element form_element_fourth' id='element_avia_2_1'><label for=\"avia_2_1\">Titre <abbr class=\"required\" title=\"requis(e)\">*<\/abbr><\/label><select  name=\"avia_2_1\" class=\"select is_empty\" id=\"avia_2_1\"><option   value='Veuillez s\u00e9lectionner'>Veuillez s\u00e9lectionner<\/option><option   value='Mme'>Mme<\/option><option   value='M.'>M.<\/option><\/select><\/p><p class='  form_element form_element_fourth' id='element_avia_3_1'><label for=\"avia_3_1\">Nom <abbr class=\"required\" title=\"requis(e)\">*<\/abbr><\/label> <input name=\"avia_3_1\" class=\"text_input is_empty\" type=\"text\" id=\"avia_3_1\" value=\"\" \/><\/p><p class='  form_element form_element_fourth' id='element_avia_4_1'><label for=\"avia_4_1\">Pr\u00e9nom <abbr class=\"required\" title=\"requis(e)\">*<\/abbr><\/label> <input name=\"avia_4_1\" class=\"text_input is_empty\" type=\"text\" id=\"avia_4_1\" value=\"\" \/><\/p><h3 id='element_avia_5_1' class=' first_form  form_element form_fullwidth av-form-headline '>Requis pour : Devis \/ Commande \/ Facture<\/h3><p class='  first_form  form_element form_element_third' id='element_avia_6_1'><label for=\"avia_6_1\">Rue \/ N\u00b0 <abbr class=\"required\" title=\"requis(e)\">*<\/abbr><\/label> <input name=\"avia_6_1\" class=\"text_input is_empty\" type=\"text\" id=\"avia_6_1\" value=\"\" \/><\/p><p class='  form_element form_element_third' id='element_avia_7_1'><label for=\"avia_7_1\">Code postal <abbr class=\"required\" title=\"requis(e)\">*<\/abbr><\/label> <input name=\"avia_7_1\" class=\"text_input is_empty\" type=\"text\" id=\"avia_7_1\" value=\"\" \/><\/p><p class='  form_element form_element_third' id='element_avia_8_1'><label for=\"avia_8_1\">Lieu <abbr class=\"required\" title=\"requis(e)\">*<\/abbr><\/label> <input name=\"avia_8_1\" class=\"text_input is_empty\" type=\"text\" id=\"avia_8_1\" value=\"\" \/><\/p><p class='  first_form  form_element form_element_fourth' id='element_avia_9_1'><label for=\"avia_9_1\">Pays <abbr class=\"required\" title=\"requis(e)\">*<\/abbr><\/label> <input name=\"avia_9_1\" class=\"text_input is_empty\" type=\"text\" id=\"avia_9_1\" value=\"\" \/><\/p><p class='  form_element form_element_fourth' id='element_avia_10_1'><label for=\"avia_10_1\">Num\u00e9ro de portable <abbr class=\"required\" title=\"requis(e)\">*<\/abbr><\/label> <input name=\"avia_10_1\" class=\"text_input is_empty\" type=\"text\" id=\"avia_10_1\" value=\"\" \/><\/p><p class='  form_element form_element_half' id='element_avia_11_1'><label for=\"avia_11_1\">E-Mail <abbr class=\"required\" title=\"requis(e)\">*<\/abbr><\/label> <input name=\"avia_11_1\" class=\"text_input is_email\" type=\"text\" id=\"avia_11_1\" value=\"\" \/><\/p><h3 id='element_avia_12_1' class=' first_form  form_element form_fullwidth av-form-headline '>Adresse (place d\u2019amarrage ou appartement de vacances)<\/h3><p class='  first_form  form_element form_element_fourth' id='element_avia_13_1'><label for=\"avia_13_1\">Type de navire \/ Appartement de vacances <abbr class=\"required\" title=\"requis(e)\">*<\/abbr><\/label><select  name=\"avia_13_1\" class=\"select is_empty\" id=\"avia_13_1\"><option   value='Veuillez s\u00e9lectionner'>Veuillez s\u00e9lectionner<\/option><option   value='Bateau'>Bateau<\/option><option   value='Bateau \u00e0 moteur'>Bateau \u00e0 moteur<\/option><option   value='Navire'>Navire<\/option><option   value='Voilier'>Voilier<\/option><option   value='Catamaran'>Catamaran<\/option><option   value='Yacht'>Yacht<\/option><option   value='Appartement de vacances'>Appartement de vacances<\/option><\/select><\/p><p class='  form_element form_element_fourth' id='element_avia_14_1'><label for=\"avia_14_1\">Poste d\u2019amarrage (Nom \/ N\u00b0) <abbr class=\"required\" title=\"requis(e)\">*<\/abbr><\/label> <input name=\"avia_14_1\" class=\"text_input is_empty\" type=\"text\" id=\"avia_14_1\" value=\"\" \/><\/p><p class='  form_element form_element_fourth' id='element_avia_15_1'><label for=\"avia_15_1\">Nom du port <abbr class=\"required\" title=\"requis(e)\">*<\/abbr><\/label> <input name=\"avia_15_1\" class=\"text_input is_empty\" type=\"text\" id=\"avia_15_1\" value=\"\" \/><\/p><p class='  form_element form_element_fourth' id='element_avia_16_1'><label for=\"avia_16_1\">Pays <abbr class=\"required\" title=\"requis(e)\">*<\/abbr><\/label><select  name=\"avia_16_1\" class=\"select is_empty\" id=\"avia_16_1\"><option   value='Veuillez s\u00e9lectionner'>Veuillez s\u00e9lectionner<\/option><option   value='Belgique'>Belgique<\/option><option   value='Danemark'>Danemark<\/option><option   value='Allemagne'>Allemagne<\/option><option   value='Angleterre'>Angleterre<\/option><option   value='France'>France<\/option><option   value='Italie'>Italie<\/option><option   value='Sardaigne'>Sardaigne<\/option><option   value='Pays-Bas'>Pays-Bas<\/option><option   value='Norv\u00e8ge'>Norv\u00e8ge<\/option><option   value='la Su\u00e8de'>la Su\u00e8de<\/option><\/select><\/p><p class='  first_form  form_element form_element_fourth' id='element_avia_17_1'><label for=\"avia_17_1\">Que souhaitez-vous ? <abbr class=\"required\" title=\"requis(e)\">*<\/abbr><\/label><select  name=\"avia_17_1\" class=\"select is_empty\" id=\"avia_17_1\"><option   value='Veuillez s\u00e9lectionner'>Veuillez s\u00e9lectionner<\/option><option   value='Informations'>Informations<\/option><option   value='Offre'>Offre<\/option><option   value='Facture'>Facture<\/option><\/select><\/p><p class='  form_element form_element_fourth' id='element_avia_18_1'><label for=\"avia_18_1\">Votre statut<\/label><select  name=\"avia_18_1\" class=\"select \" id=\"avia_18_1\"><option   value='Veuillez s\u00e9lectionner'>Veuillez s\u00e9lectionner<\/option><option   value='Partie int\u00e9ress\u00e9e'>Partie int\u00e9ress\u00e9e<\/option><option   value='Client'>Client<\/option><option   value='Nouveau client'>Nouveau client<\/option><\/select><\/p><p class='  form_element form_element_fourth' id='element_avia_19_1'><label for=\"avia_19_1\">Votre num\u00e9ro de client<\/label> <input name=\"avia_19_1\" class=\"text_input \" type=\"text\" id=\"avia_19_1\" value=\"\" \/><\/p><p class='  first_form  form_element form_fullwidth' id='element_avia_20_1'><label for=\"avia_20_1\" class=\"textare_label hidden textare_label_avia_20_1\">Votre message <abbr class=\"required\" title=\"requis(e)\">*<\/abbr><\/label><textarea  name=\"avia_20_1\" class=\"text_area is_empty\" cols=\"40\" rows=\"7\" id=\"avia_20_1\" ><\/textarea><\/p><p class=\"hidden\"><input type=\"text\" name=\"avia_21_1\" class=\"hidden \" id=\"avia_21_1\" value=\"\" \/><\/p><p class='   form_element form_fullwidth' id='element_avia_22_1'><span class='value_verifier_label'>0 + 4 = ?<\/span><input name=\"avia_22_1_verifier\" type=\"hidden\" id=\"avia_22_1_verifier\" value=\"714444432\"\/><label for=\"avia_22_1\">Merci de prouver que vous \u00eates un humain en donnant le r\u00e9sultat de cette op\u00e9ration <abbr class=\"required\" title=\"requis(e)\">*<\/abbr><\/label><input name=\"avia_22_1\" class=\"text_input captcha\" type=\"text\" id=\"avia_22_1\" value=\"\"\/><\/p><p class=\"form_element \"><input type=\"hidden\" value=\"1\" name=\"avia_generated_form1\" \/><input type=\"submit\" value=\"Envoyer\" class=\"button\"  data-sending-label=\"Envoi\"\/><\/p><\/fieldset><\/form><div id=\"ajaxresponse_1\" class=\"ajaxresponse ajaxresponse_1 hidden\"><\/div><br \/>\n<section  class='av_textblock_section av-av_textblock-92ab5b4c5448b40ef3b82fb3d397e98e '   itemscope=\"itemscope\" itemtype=\"https:\/\/schema.org\/CreativeWork\" ><div class='avia_textblock'  itemprop=\"text\" ><p style=\"text-align: center;\">Vos donn\u00e9es personnelles seront transmises via une connexion s\u00e9curis\u00e9e. Les dispositions l\u00e9gales en mati\u00e8re de protection des donn\u00e9es sont bien entendu respect\u00e9es. Pour en savoir plus, consultez notre politique de confidentialit\u00e9.<\/p>\n<\/div><\/section><\/p><\/div>\n","protected":false},"excerpt":{"rendered":"","protected":false},"author":1,"featured_media":0,"parent":0,"menu_order":0,"comment_status":"closed","ping_status":"closed","template":"","meta":{"footnotes":""},"class_list":["post-11042","page","type-page","status-publish","hentry"],"_links":{"self":[{"href":"https:\/\/moby-port.com\/fr\/wp-json\/wp\/v2\/pages\/11042","targetHints":{"allow":["GET"]}}],"collection":[{"href":"https:\/\/moby-port.com\/fr\/wp-json\/wp\/v2\/pages"}],"about":[{"href":"https:\/\/moby-port.com\/fr\/wp-json\/wp\/v2\/types\/page"}],"author":[{"embeddable":true,"href":"https:\/\/moby-port.com\/fr\/wp-json\/wp\/v2\/users\/1"}],"replies":[{"embeddable":true,"href":"https:\/\/moby-port.com\/fr\/wp-json\/wp\/v2\/comments?post=11042"}],"version-history":[{"count":0,"href":"https:\/\/moby-port.com\/fr\/wp-json\/wp\/v2\/pages\/11042\/revisions"}],"wp:attachment":[{"href":"https:\/\/moby-port.com\/fr\/wp-json\/wp\/v2\/media?parent=11042"}],"curies":[{"name":"wp","href":"https:\/\/api.w.org\/{rel}","templated":true}]}}