{"id":10901,"date":"2025-04-10T19:20:16","date_gmt":"2025-04-10T17:20:16","guid":{"rendered":"https:\/\/moby-port.com\/?page_id=10901"},"modified":"2025-05-19T10:29:52","modified_gmt":"2025-05-19T08:29:52","slug":"tabelle-fr","status":"publish","type":"page","link":"https:\/\/moby-port.com\/fr\/tabelle-fr\/","title":{"rendered":"Tabelle FR"},"content":{"rendered":"<div class='avia-data-table-wrap av-38aovvo5-662f58d577b05017b9306deb7f0f5f76 avia_responsive_table avia-table-1'><table  class='avia-table avia-data-table avia_pricing_default  avia-builder-el-0  avia-builder-el-no-sibling '  itemscope=\"itemscope\" itemtype=\"https:\/\/schema.org\/Table\" ><tbody><tr class='avia-heading-row'><th class=''>Services<\/th><th class='avia-center-col'>Standard<br \/>\n300,00 \u20ac<br \/>\npar an TVA comprise<\/th><th class='avia-center-col'>Deluxe<br \/>\n450,00 \u20ac<br \/>\npar an TVA comprise<\/th><th class='avia-center-col'>Premium<br \/>\n600,00 \u20ac<br \/>\npar an TVA comprise<\/th><th class='avia-center-col'>Ultimate<br \/>\n800,00 \u20ac<br \/>\npar an TVA comprise<\/th><\/tr><tr class=''><td class=''>Inspection quotidienne<\/td><td class='avia-center-col'><\/td><td class='avia-center-col'><\/td><td class='avia-center-col'><\/td><td class='avia-center-col'>X<\/td><\/tr><tr class=''><td class=''>Inspection hebdomadaire<\/td><td class='avia-center-col'><\/td><td class='avia-center-col'><\/td><td class='avia-center-col'>X<\/td><td class='avia-center-col'><\/td><\/tr><tr class=''><td class=''>Inspection de 14 jours<\/td><td class='avia-center-col'><\/td><td class='avia-center-col'>X<\/td><td class='avia-center-col'><\/td><td class='avia-center-col'><\/td><\/tr><tr class=''><td class=''>Inspection mensuelle<\/td><td class='avia-center-col'>X<\/td><td class='avia-center-col'><\/td><td class='avia-center-col'><\/td><td class='avia-center-col'><\/td><\/tr><tr class=''><td class=''>V\u00e9rification par mauvais temps<br \/>\n(apr\u00e8s)<\/td><td class='avia-center-col'>X<\/td><td class='avia-center-col'>X<\/td><td class='avia-center-col'><\/td><td class='avia-center-col'><\/td><\/tr><tr class=''><td class=''>V\u00e9rification par mauvais temps<br \/>\n(avant et apr\u00e8s)<\/td><td class='avia-center-col'><\/td><td class='avia-center-col'><\/td><td class='avia-center-col'>X<\/td><td class='avia-center-col'>X<\/td><\/tr><tr class=''><td class=''>V\u00e9rification par mauvais temps<br \/>\n( alors que )<\/td><td class='avia-center-col'><\/td><td class='avia-center-col'><\/td><td class='avia-center-col'><\/td><td class='avia-center-col'>X<\/td><\/tr><tr class=''><td class=''>Ch\u00e8que d&#8217;amarrage<\/td><td class='avia-center-col'>X<\/td><td class='avia-center-col'>X<\/td><td class='avia-center-col'>X<\/td><td class='avia-center-col'>X<\/td><\/tr><tr class=''><td class=''>Ch\u00e8que d&#8217;ancrage<\/td><td class='avia-center-col'>X<\/td><td class='avia-center-col'>X<\/td><td class='avia-center-col'>X<\/td><td class='avia-center-col'>X<\/td><\/tr><tr class=''><td class=''>V\u00e9rification des Pare-battage et des couvertures<\/td><td class='avia-center-col'>X<\/td><td class='avia-center-col'>X<\/td><td class='avia-center-col'>X<\/td><td class='avia-center-col'>X<\/td><\/tr><tr class=''><td class=''>V\u00e9rification des lignes d&#8217;amarrage<\/td><td class='avia-center-col'>X<\/td><td class='avia-center-col'>X<\/td><td class='avia-center-col'>X<\/td><td class='avia-center-col'>X<\/td><\/tr><tr class=''><td class=''>V\u00e9rification de b\u00e2ches d&#8217;hiver, etc.<\/td><td class='avia-center-col'>X<\/td><td class='avia-center-col'>X<\/td><td class='avia-center-col'>X<\/td><td class='avia-center-col'>X<\/td><\/tr><tr class=''><td class=''>V\u00e9rification si de couverture (pr\u00e9lart \/ \u00e0 voile)<\/td><td class='avia-center-col'>X<\/td><td class='avia-center-col'>X<\/td><td class='avia-center-col'>X<\/td><td class='avia-center-col'>X<\/td><\/tr><tr class=''><td class=''>V\u00e9rification si Vandalisme et cambriolage<\/td><td class='avia-center-col'>X<\/td><td class='avia-center-col'>X<\/td><td class='avia-center-col'>X<\/td><td class='avia-center-col'>X<\/td><\/tr><tr class=''><td class=''>V\u00e9rification si de l&#8217;eau dans la cale<\/td><td class='avia-center-col'>X<\/td><td class='avia-center-col'>X<\/td><td class='avia-center-col'>X<\/td><td class='avia-center-col'>X<\/td><\/tr><tr class=''><td class=''>L&#8217;eau dans la cale, si n\u00e9cessaire, pomper<\/td><td class='avia-center-col'>X<\/td><td class='avia-center-col'>X<\/td><td class='avia-center-col'>X<\/td><td class='avia-center-col'>X<\/td><\/tr><tr class=''><td class=''>V\u00e9rification les fonctionnalit\u00e9s de la pompe \u00e0 cale<\/td><td class='avia-center-col'>X<\/td><td class='avia-center-col'>X<\/td><td class='avia-center-col'>X<\/td><td class='avia-center-col'>X<\/td><\/tr><tr class=''><td class=''>V\u00e9rification les batteries<\/td><td class='avia-center-col'><\/td><td class='avia-center-col'>X<\/td><td class='avia-center-col'>X<\/td><td class='avia-center-col'>X<\/td><\/tr><tr class=''><td class=''>V\u00e9rification le moteur, d\u00e9marrez et r\u00e9chauffez-le<\/td><td class='avia-center-col'><\/td><td class='avia-center-col'><\/td><td class='avia-center-col'><\/td><td class='avia-center-col'>X<\/td><\/tr><tr class=''><td class=''>V\u00e9rification les fuites<\/td><td class='avia-center-col'><\/td><td class='avia-center-col'><\/td><td class='avia-center-col'><\/td><td class='avia-center-col'>X<\/td><\/tr><tr class=''><td class=''>V\u00e9rification de l&#8217;\u00e9quipement \u00e9lectrique<\/td><td class='avia-center-col'><\/td><td class='avia-center-col'><\/td><td class='avia-center-col'><\/td><td class='avia-center-col'>X<\/td><\/tr><tr class=''><td class=''>V\u00e9rification de l&#8217;\u00e9quipement \u00e9lectronique<\/td><td class='avia-center-col'><\/td><td class='avia-center-col'><\/td><td class='avia-center-col'><\/td><td class='avia-center-col'>X<\/td><\/tr><tr class=''><td class=''>V\u00e9rification la norme de s\u00e9curit\u00e9 (condition et dates de r\u00e9vision)<\/td><td class='avia-center-col'><\/td><td class='avia-center-col'><\/td><td class='avia-center-col'>X<\/td><td class='avia-center-col'>X<\/td><\/tr><tr class=''><td class=''>V\u00e9rification la norme de l&#8217;\u00e9quipement (condition et r\u00e9vision des dates)<\/td><td class='avia-center-col'><\/td><td class='avia-center-col'><\/td><td class='avia-center-col'>X<\/td><td class='avia-center-col'>X<\/td><\/tr><tr class=''><td class=''>V\u00e9rification le gr\u00e9ement debout<\/td><td class='avia-center-col'><\/td><td class='avia-center-col'><\/td><td class='avia-center-col'>X<\/td><td class='avia-center-col'>X<\/td><\/tr><tr class=''><td class=''>V\u00e9rification de et entretenez les treuils<\/td><td class='avia-center-col'><\/td><td class='avia-center-col'><\/td><td class='avia-center-col'>X<\/td><td class='avia-center-col'>X<\/td><\/tr><tr class=''><td class=''>D\u00e9but de la saison<br \/>\nNettoyer de pont<\/td><td class='avia-center-col'><\/td><td class='avia-center-col'><\/td><td class='avia-center-col'>X<\/td><td class='avia-center-col'><\/td><\/tr><tr class=''><td class=''>D\u00e9but de saison<br \/>\nNettoyage le pont et la coque<\/td><td class='avia-center-col'><\/td><td class='avia-center-col'><\/td><td class='avia-center-col'><\/td><td class='avia-center-col'>X<\/td><\/tr><tr class=''><td class=''>D\u00e9but de saison<br \/>\nNettoyage et polissage des pi\u00e8ces chrom\u00e9es<\/td><td class='avia-center-col'><\/td><td class='avia-center-col'><\/td><td class='avia-center-col'><\/td><td class='avia-center-col'>X<\/td><\/tr><tr class=''><td class=''>V\u00e9rification de<br \/>\nAuvents, sacs paresseux, etc<\/td><td class='avia-center-col'><\/td><td class='avia-center-col'><\/td><td class='avia-center-col'>X<\/td><td class='avia-center-col'>X<\/td><\/tr><tr class=''><td class=''>Ventilation du bateau<br \/>\net vidange<br \/>\nle d\u00e9shumidificateur<\/td><td class='avia-center-col'><\/td><td class='avia-center-col'>X<\/td><td class='avia-center-col'>X<\/td><td class='avia-center-col'>X<\/td><\/tr><tr class=''><td class=''>R\u00e9viser et si n\u00e9cessaire<br \/>\nDessalement du pont<\/td><td class='avia-center-col'><\/td><td class='avia-center-col'><\/td><td class='avia-center-col'><\/td><td class='avia-center-col'>X<\/td><\/tr><tr class=''><td class=''>D\u00e9but de saison<br \/>\nV\u00e9rifier\/nettoyer les r\u00e9servoirs d&#8217;eau<\/td><td class='avia-center-col'><\/td><td class='avia-center-col'><\/td><td class='avia-center-col'><\/td><td class='avia-center-col'>X<\/td><\/tr><tr class=''><td class=''>D\u00e9but de saison<br \/>\nV\u00e9rification de la<br \/>\nApprovisionnement en carburant<\/td><td class='avia-center-col'><\/td><td class='avia-center-col'><\/td><td class='avia-center-col'><\/td><td class='avia-center-col'>X<\/td><\/tr><tr class=''><td class=''>D\u00e9but de saison<br \/>\nReconstituer les provisions<br \/>\n(selon les sp\u00e9cifications du propri\u00e9taire)<\/td><td class='avia-center-col'><\/td><td class='avia-center-col'><\/td><td class='avia-center-col'><\/td><td class='avia-center-col'>X<\/td><\/tr><tr class=''><td class=''>Fin de saison<br \/>\nNettoyage le pont<\/td><td class='avia-center-col'>X<\/td><td class='avia-center-col'>X<\/td><td class='avia-center-col'>X<\/td><td class='avia-center-col'><\/td><\/tr><tr class=''><td class=''>Fin de saison<br \/>\nNettoyage le pont et la coque<\/td><td class='avia-center-col'><\/td><td class='avia-center-col'><\/td><td class='avia-center-col'><\/td><td class='avia-center-col'>X<\/td><\/tr><tr class=''><td class=''>Protocole quotidien<br \/>\nPhotos ou vid\u00e9o<\/td><td class='avia-center-col'><\/td><td class='avia-center-col'><\/td><td class='avia-center-col'><\/td><td class='avia-center-col'>X<\/td><\/tr><tr class=''><td class=''>Protocole de 14 jours<br \/>\navec des photos ou une vid\u00e9o<\/td><td class='avia-center-col'><\/td><td class='avia-center-col'>X<\/td><td class='avia-center-col'><\/td><td class='avia-center-col'><\/td><\/tr><tr class=''><td class=''>Protocole hebdomadaire<br \/>\nPhotos ou vid\u00e9o<\/td><td class='avia-center-col'><\/td><td class='avia-center-col'><\/td><td class='avia-center-col'>X<\/td><td class='avia-center-col'><\/td><\/tr><tr class=''><td class=''>Protocole mensuel<br \/>\navec des photos ou une vid\u00e9o<\/td><td class='avia-center-col'>X<\/td><td class='avia-center-col'><\/td><td class='avia-center-col'><\/td><td class='avia-center-col'><\/td><\/tr><\/tbody><\/table><\/div><style type='text\/css'>.avia-table-1 td:nth-of-type(1):before { content: 'Services'; } .avia-table-1 td:nth-of-type(2):before { content: 'Standard\n300,00 \u20ac\npar an TVA comprise'; } .avia-table-1 td:nth-of-type(3):before { content: 'Deluxe\n450,00 \u20ac\npar an TVA comprise'; } .avia-table-1 td:nth-of-type(4):before { content: 'Premium\n600,00 \u20ac\npar an TVA comprise'; } .avia-table-1 td:nth-of-type(5):before { content: 'Ultimate\n800,00 \u20ac\npar an TVA comprise'; } <\/style>\n","protected":false},"excerpt":{"rendered":"","protected":false},"author":1,"featured_media":0,"parent":0,"menu_order":0,"comment_status":"closed","ping_status":"closed","template":"","meta":{"footnotes":""},"class_list":["post-10901","page","type-page","status-publish","hentry"],"_links":{"self":[{"href":"https:\/\/moby-port.com\/fr\/wp-json\/wp\/v2\/pages\/10901","targetHints":{"allow":["GET"]}}],"collection":[{"href":"https:\/\/moby-port.com\/fr\/wp-json\/wp\/v2\/pages"}],"about":[{"href":"https:\/\/moby-port.com\/fr\/wp-json\/wp\/v2\/types\/page"}],"author":[{"embeddable":true,"href":"https:\/\/moby-port.com\/fr\/wp-json\/wp\/v2\/users\/1"}],"replies":[{"embeddable":true,"href":"https:\/\/moby-port.com\/fr\/wp-json\/wp\/v2\/comments?post=10901"}],"version-history":[{"count":0,"href":"https:\/\/moby-port.com\/fr\/wp-json\/wp\/v2\/pages\/10901\/revisions"}],"wp:attachment":[{"href":"https:\/\/moby-port.com\/fr\/wp-json\/wp\/v2\/media?parent=10901"}],"curies":[{"name":"wp","href":"https:\/\/api.w.org\/{rel}","templated":true}]}}