{"id":10779,"date":"2025-04-28T10:51:12","date_gmt":"2025-04-28T08:51:12","guid":{"rendered":"https:\/\/moby-port.com\/?page_id=10779"},"modified":"2025-12-11T11:08:30","modified_gmt":"2025-12-11T10:08:30","slug":"prendre-rendez-vous","status":"publish","type":"page","link":"https:\/\/moby-port.com\/fr\/prendre-rendez-vous\/","title":{"rendered":"Prendre rendez-vous"},"content":{"rendered":"\n<style type=\"text\/css\" data-created_by=\"avia_inline_auto\" id=\"style-css-av-ma9n8osu-6c7bf6f484b55a03c730bbb107072902\">\n#top .av-special-heading.av-ma9n8osu-6c7bf6f484b55a03c730bbb107072902{\npadding-bottom:10px;\n}\nbody .av-special-heading.av-ma9n8osu-6c7bf6f484b55a03c730bbb107072902 .av-special-heading-tag .heading-char{\nfont-size:25px;\n}\n.av-special-heading.av-ma9n8osu-6c7bf6f484b55a03c730bbb107072902 .av-subheading{\nfont-size:15px;\n}\n<\/style>\n<div  class='av-special-heading av-ma9n8osu-6c7bf6f484b55a03c730bbb107072902 av-special-heading-h3 blockquote elegant-quote elegant-centered  avia-builder-el-0  el_before_av_one_fifth  avia-builder-el-first '><h3 class='av-special-heading-tag '  itemprop=\"headline\"  ><span class=\"heading-wrap\">Prendre rendez-vous<\/span><\/h3><div class=\"special-heading-border\"><div class=\"special-heading-inner-border\"><\/div><\/div><\/div>\n<div  class='flex_column av-1zf2j2z-818d2345ecc1ee7e4a237284a434532a av_one_fifth  avia-builder-el-1  el_after_av_heading  el_before_av_three_fifth  first flex_column_div  '     ><\/div>\n<div  class='flex_column av-1trzkmz-a182ea1af75c5e4d20c47fc1c502c5de av_three_fifth  avia-builder-el-2  el_after_av_one_fifth  el_before_av_one_fifth  flex_column_div  '     ><style type=\"text\/css\" data-created_by=\"avia_inline_auto\" id=\"style-css-av-ma9n986y-9080bcd1385c9d3c7f51f67b1276325d\">\n#top .av_textblock_section.av-ma9n986y-9080bcd1385c9d3c7f51f67b1276325d .avia_textblock{\nfont-size:15px;\n}\n<\/style>\n<section  class='av_textblock_section av-ma9n986y-9080bcd1385c9d3c7f51f67b1276325d '   itemscope=\"itemscope\" itemtype=\"https:\/\/schema.org\/CreativeWork\" ><div class='avia_textblock'  itemprop=\"text\" ><p>Si vous avez encore des questions et\/ou avez besoin de parler de tel ou tel service ou en g\u00e9n\u00e9ral, n&#8217;h\u00e9sitez pas \u00e0 organiser un entretien personnel avec nous directement sur place.<\/p>\n<\/div><\/section><\/div>\n<div  class='flex_column av-ysbe57-b8984fdad3b3377b3353f464695ed8d2 av_one_fifth  avia-builder-el-4  el_after_av_three_fifth  el_before_av_textblock  flex_column_div  '     ><\/div>\n<section  class='av_textblock_section av-mbqf1oys-91fa74fffceb0ee2ccd4444c8d1b5acc '   itemscope=\"itemscope\" itemtype=\"https:\/\/schema.org\/CreativeWork\" ><div class='avia_textblock'  itemprop=\"text\" ><iframe src=\"https:\/\/moby-port.com\/fr\/wp-json\/ssa\/v1\/embed-inner?integration&type=rendez-vous-sur-place-a-votre-emplacement&label&types=5&edit&view&payment_provider&ssa_locale=fr_FR&sid=b89c089b57dec67a2c5d42682a9b62ad65cdaf60&availability_start_date&availability_end_date&suggest_first_available&suggest_first_available_within_minutes&flow&fallback_flow&time_view&date_view&appointment_types_view&version&accent_color&background&padding&font&booking_url=https%3A%2F%2Fmoby-port.com%2Ffr%2Fprendre-rendez-vous%2F&booking_post_id=10779&booking_title=Prendre+rendez-vous&_wpnonce=94ade3dcae&redirect_post_id#\/\" height=\"400px\" width=\"100%\" name=\"ssa_booking\" loading=\"eager\" frameborder=\"0\" data-skip-lazy=\"1\" class=\"ssa_booking_iframe skip-lazy\" title=\"Book a time\"><\/iframe>\n<iframe src=\"https:\/\/moby-port.com\/fr\/wp-json\/ssa\/v1\/embed-inner?integration&type=rendez-vous-avec-moby&label&types=6&edit&view&payment_provider&ssa_locale=fr_FR&sid=b89c089b57dec67a2c5d42682a9b62ad65cdaf60&availability_start_date&availability_end_date&suggest_first_available&suggest_first_available_within_minutes&flow&fallback_flow&time_view&date_view&appointment_types_view&version&accent_color&background&padding&font&booking_url=https%3A%2F%2Fmoby-port.com%2Ffr%2Fprendre-rendez-vous%2F&booking_post_id=10779&booking_title=Prendre+rendez-vous&_wpnonce=94ade3dcae&redirect_post_id#\/\" height=\"400px\" width=\"100%\" name=\"ssa_booking\" loading=\"eager\" frameborder=\"0\" data-skip-lazy=\"1\" class=\"ssa_booking_iframe skip-lazy\" title=\"Book a time\"><\/iframe>\n<\/div><\/section>\n","protected":false},"excerpt":{"rendered":"","protected":false},"author":1,"featured_media":0,"parent":0,"menu_order":0,"comment_status":"closed","ping_status":"closed","template":"","meta":{"footnotes":""},"class_list":["post-10779","page","type-page","status-publish","hentry"],"_links":{"self":[{"href":"https:\/\/moby-port.com\/fr\/wp-json\/wp\/v2\/pages\/10779","targetHints":{"allow":["GET"]}}],"collection":[{"href":"https:\/\/moby-port.com\/fr\/wp-json\/wp\/v2\/pages"}],"about":[{"href":"https:\/\/moby-port.com\/fr\/wp-json\/wp\/v2\/types\/page"}],"author":[{"embeddable":true,"href":"https:\/\/moby-port.com\/fr\/wp-json\/wp\/v2\/users\/1"}],"replies":[{"embeddable":true,"href":"https:\/\/moby-port.com\/fr\/wp-json\/wp\/v2\/comments?post=10779"}],"version-history":[{"count":0,"href":"https:\/\/moby-port.com\/fr\/wp-json\/wp\/v2\/pages\/10779\/revisions"}],"wp:attachment":[{"href":"https:\/\/moby-port.com\/fr\/wp-json\/wp\/v2\/media?parent=10779"}],"curies":[{"name":"wp","href":"https:\/\/api.w.org\/{rel}","templated":true}]}}