{"id":10299,"date":"2025-04-01T13:57:16","date_gmt":"2025-04-01T11:57:16","guid":{"rendered":"https:\/\/moby-port.com\/?page_id=10299"},"modified":"2025-04-04T16:50:56","modified_gmt":"2025-04-04T14:50:56","slug":"wt-demande","status":"publish","type":"page","link":"https:\/\/moby-port.com\/fr\/wt-demande\/","title":{"rendered":"WT Demande"},"content":{"rendered":"<div id='full_slider_1'  class='avia-fullwidth-slider main_color avia-shadow   avia-builder-el-0  el_before_av_one_full  avia-builder-el-first   container_wrap sidebar_right'  ><div  class='avia-slideshow av-m9357273-363df0afa818ad5e40ca09043f7f7e1e avia-slideshow-featured av_slideshow_full avia-fade-slider av-slideshow-ui av-control-default av-slideshow-manual av-loop-once av-loop-manual-endless av-default-height-applied   avia-slideshow-1' data-slideshow-options=\"{&quot;animation&quot;:&quot;fade&quot;,&quot;autoplay&quot;:false,&quot;loop_autoplay&quot;:&quot;once&quot;,&quot;interval&quot;:5,&quot;loop_manual&quot;:&quot;manual-endless&quot;,&quot;autoplay_stopper&quot;:false,&quot;noNavigation&quot;:false,&quot;bg_slider&quot;:false,&quot;keep_padding&quot;:false,&quot;hoverpause&quot;:false,&quot;show_slide_delay&quot;:0}\"  itemprop=\"image\" itemscope=\"itemscope\" itemtype=\"https:\/\/schema.org\/ImageObject\" ><ul class='avia-slideshow-inner ' style='padding-bottom: 34.126984126984%;'><li  class='avia-slideshow-slide av-m9357273-363df0afa818ad5e40ca09043f7f7e1e__0  av-single-slide slide-1 slide-odd'><div data-rel='slideshow-1' class='avia-slide-wrap '   ><div class='av-slideshow-caption av-m9357273-363df0afa818ad5e40ca09043f7f7e1e__0 caption_fullwidth caption_center caption_center_framed caption_framed'><div class=\"container caption_container\"><div class=\"slideshow_caption\"><div class=\"slideshow_inner_caption\"><div class=\"slideshow_align_caption\"><h2 class='avia-caption-title '  itemprop=\"name\" >Bateau-taxi C\u00f4te d\u2019Azur<\/h2><div class='avia-caption-content '  itemprop=\"description\" ><p>Demande \/ Offre \/ R\u00e9servation<\/p>\n<\/div><\/div><\/div><\/div><\/div><\/div><img decoding=\"async\" fetchpriority=\"high\" class=\"wp-image-9733 avia-img-lazy-loading-not-9733\"  src=\"https:\/\/moby-port.com\/wp-content\/uploads\/2024\/05\/Tender-Limo-1260x430.jpg\" width=\"1260\" height=\"430\" title='Tender-Limo' alt=''  itemprop=\"thumbnailUrl\"   \/><\/div><\/li><\/ul><\/div><\/div><div id='after_full_slider_1'  class='main_color av_default_container_wrap container_wrap sidebar_right'  ><div class='container av-section-cont-open' ><div class='template-page content  av-content-small alpha units'><div class='post-entry post-entry-type-page post-entry-10299'><div class='entry-content-wrapper clearfix'>\n<div  class='flex_column av-av_one_full-a2cef933b0a555f25d1e39b22a8e9dae av_one_full  avia-builder-el-1  el_after_av_slideshow_full  avia-builder-el-no-sibling  first flex_column_div  '     ><p>\n<style type=\"text\/css\" data-created_by=\"avia_inline_auto\" id=\"style-css-av-m9357gct-c2968cd2e06496a7ce2add1d6bb2b0d5\">\n#top .av_textblock_section.av-m9357gct-c2968cd2e06496a7ce2add1d6bb2b0d5 .avia_textblock{\nfont-size:15px;\n}\n<\/style>\n<section  class='av_textblock_section av-m9357gct-c2968cd2e06496a7ce2add1d6bb2b0d5 '   itemscope=\"itemscope\" itemtype=\"https:\/\/schema.org\/CreativeWork\" ><div class='avia_textblock'  itemprop=\"text\" ><p>Afin de vous offrir le meilleur service possible, nous avons besoin des informations suivantes. Merci pour votre compr\u00e9hension.<\/p>\n<\/div><\/section><br \/>\n<div  class='hr av-av_hr-bee3e0d805873ac154ce0cd1251acf1b hr-short  avia-builder-el-3  el_after_av_textblock  el_before_av_textblock  hr-center'><span class='hr-inner '><span class=\"hr-inner-style\"><\/span><\/span><\/div><br \/>\n<section  class='av_textblock_section av-m9357tdq-b5186904ee0315bc9fe9058d6bb8fd53 '   itemscope=\"itemscope\" itemtype=\"https:\/\/schema.org\/CreativeWork\" ><div class='avia_textblock'  itemprop=\"text\" ><p>Les champs marqu\u00e9s d&#8217;un * doivent \u00eatre remplis.<\/p>\n<\/div><\/section><br \/>\n<form action=\"https:\/\/moby-port.com\/fr\/wt-demande\/\" method=\"post\" data-fields-with-error=\"Erreurs trouv\u00e9es dans les champs suivants :\" class=\"avia_ajax_form av-form-labels-visible   avia-builder-el-5  el_after_av_textblock  el_before_av_textblock   \" data-avia-form-id=\"1\" data-avia-redirect=''  aria-label='Kontaktformular' ><h3 class=''>Demande \/ Offre \/ R\u00e9servation<\/h3><fieldset><p class='  first_form  form_element form_element_fourth' id='element_avia_1_1'><label for=\"avia_1_1\">Langue de correspondance <abbr class=\"required\" title=\"requis(e)\">*<\/abbr><\/label><select  name=\"avia_1_1\" class=\"select is_empty\" id=\"avia_1_1\"><option   value='Veuillez s\u00e9lectionner'>Veuillez s\u00e9lectionner<\/option><option   value='Allemand'>Allemand<\/option><option   value='Anglais'>Anglais<\/option><option   value='Fran\u00e7ais'>Fran\u00e7ais<\/option><option   value='Italien'>Italien<\/option><\/select><\/p><p class='  form_element form_element_fourth' id='element_avia_2_1'><label for=\"avia_2_1\">De quoi avez-vous besoin? <abbr class=\"required\" title=\"requis(e)\">*<\/abbr><\/label><select  name=\"avia_2_1\" class=\"select is_empty\" id=\"avia_2_1\"><option   value='Veuillez s\u00e9lectionner'>Veuillez s\u00e9lectionner<\/option><option   value='Information'>Information<\/option><option   value='Offre'>Offre<\/option><option   value='R\u00e9servation'>R\u00e9servation<\/option><\/select><\/p><p class='  form_element form_element_fourth' id='element_avia_3_1'><label for=\"avia_3_1\">Vous utilisez le bateau-taxi<\/label><select  name=\"avia_3_1\" class=\"select \" id=\"avia_3_1\"><option   value='Veuillez s\u00e9lectionner'>Veuillez s\u00e9lectionner<\/option><option   value='Priv\u00e9'>Priv\u00e9<\/option><option   value='Professionnel'>Professionnel<\/option><option   value='Transport d\u2019articles'>Transport d\u2019articles<\/option><\/select><\/p><p class='  form_element form_element_fourth' id='element_avia_4_1'><label for=\"avia_4_1\">Avez-vous \u00e9galement besoin d\u2019un<\/label><select  name=\"avia_4_1\" class=\"select \" id=\"avia_4_1\"><option   value='Veuillez s\u00e9lectionner'>Veuillez s\u00e9lectionner<\/option><option   value='VTC - Pas de prise en charge'>VTC - Pas de prise en charge<\/option><option   value='VTC - Prise en charge \u00e0 partir d\u2018une adresse priv\u00e9e'>VTC - Prise en charge \u00e0 partir d\u2018une adresse priv\u00e9e<\/option><option   value='VTC - Prise en charge \u00e0 partir de l\u2019a\u00e9roport'>VTC - Prise en charge \u00e0 partir de l\u2019a\u00e9roport<\/option><option   value='VTC - Prise en charge \u00e0 partir de l\u2018h\u00f4tel'>VTC - Prise en charge \u00e0 partir de l\u2018h\u00f4tel<\/option><option   value='VTC - Prise en charge \u00e0 partir d\u2019un bateau\/yacht'>VTC - Prise en charge \u00e0 partir d\u2019un bateau\/yacht<\/option><\/select><\/p><p class='  first_form  form_element form_element_fourth' id='element_avia_5_1'><label for=\"avia_5_1\">Titre <abbr class=\"required\" title=\"requis(e)\">*<\/abbr><\/label><select  name=\"avia_5_1\" class=\"select is_empty\" id=\"avia_5_1\"><option   value='Veuillez s\u00e9lectionner'>Veuillez s\u00e9lectionner<\/option><option   value='Madame'>Madame<\/option><option   value='Monsieur'>Monsieur<\/option><\/select><\/p><p class='  form_element form_element_fourth' id='element_avia_6_1'><label for=\"avia_6_1\">Nom <abbr class=\"required\" title=\"requis(e)\">*<\/abbr><\/label> <input name=\"avia_6_1\" class=\"text_input is_empty\" type=\"text\" id=\"avia_6_1\" value=\"\" \/><\/p><p class='  form_element form_element_fourth' id='element_avia_7_1'><label for=\"avia_7_1\">Pr\u00e9nom <abbr class=\"required\" title=\"requis(e)\">*<\/abbr><\/label> <input name=\"avia_7_1\" class=\"text_input is_empty\" type=\"text\" id=\"avia_7_1\" value=\"\" \/><\/p><p class='  form_element form_element_fourth' id='element_avia_8_1'><label for=\"avia_8_1\">Entreprise \/ Agence<\/label> <input name=\"avia_8_1\" class=\"text_input \" type=\"text\" id=\"avia_8_1\" value=\"\" \/><\/p><h3 id='element_avia_9_1' class=' first_form  form_element form_fullwidth av-form-headline '>Adresse priv\u00e9e ou professionnelle<\/h3><p class='  first_form  form_element form_element_fourth' id='element_avia_10_1'><label for=\"avia_10_1\">Rue \/ No.  <abbr class=\"required\" title=\"requis(e)\">*<\/abbr><\/label> <input name=\"avia_10_1\" class=\"text_input is_empty\" type=\"text\" id=\"avia_10_1\" value=\"\" \/><\/p><p class='  form_element form_element_fourth' id='element_avia_11_1'><label for=\"avia_11_1\">Code postal  <abbr class=\"required\" title=\"requis(e)\">*<\/abbr><\/label> <input name=\"avia_11_1\" class=\"text_input is_empty\" type=\"text\" id=\"avia_11_1\" value=\"\" \/><\/p><p class='  form_element form_element_fourth' id='element_avia_12_1'><label for=\"avia_12_1\">Lieu  <abbr class=\"required\" title=\"requis(e)\">*<\/abbr><\/label> <input name=\"avia_12_1\" class=\"text_input is_empty\" type=\"text\" id=\"avia_12_1\" value=\"\" \/><\/p><p class='  form_element form_element_fourth' id='element_avia_13_1'><label for=\"avia_13_1\">Pays  <abbr class=\"required\" title=\"requis(e)\">*<\/abbr><\/label> <input name=\"avia_13_1\" class=\"text_input is_empty\" type=\"text\" id=\"avia_13_1\" value=\"\" \/><\/p><p class='  first_form  form_element form_element_fourth' id='element_avia_14_1'><label for=\"avia_14_1\">E-Mail <abbr class=\"required\" title=\"requis(e)\">*<\/abbr><\/label> <input name=\"avia_14_1\" class=\"text_input is_email\" type=\"text\" id=\"avia_14_1\" value=\"\" \/><\/p><p class='  form_element form_element_fourth' id='element_avia_15_1'><label for=\"avia_15_1\">Num\u00e9ro de portable <abbr class=\"required\" title=\"requis(e)\">*<\/abbr><\/label> <input name=\"avia_15_1\" class=\"text_input is_empty\" type=\"text\" id=\"avia_15_1\" value=\"\" \/><\/p><h3 id='element_avia_16_1' class=' first_form  form_element form_fullwidth av-form-headline '>Adresse de retrait<\/h3><p class='  first_form  form_element form_element_fourth' id='element_avia_17_1'><label for=\"avia_17_1\">Nous viendrons vous chercher \u00e0 cette adresse<\/label> <input name=\"avia_17_1\" class=\"text_input \" type=\"text\" id=\"avia_17_1\" value=\"\" \/><\/p><p class='  form_element form_element_fourth' id='element_avia_18_1'><label for=\"avia_18_1\">D\u00e9part du point de bateau-taxi<\/label><select  name=\"avia_18_1\" class=\"select \" id=\"avia_18_1\"><option   value='Veuillez s\u00e9lectionner'>Veuillez s\u00e9lectionner<\/option><option   value='Sanremo'>Sanremo<\/option><option   value='Menton'>Menton<\/option><option   value='Monte Carlo'>Monte Carlo<\/option><option   value='Nice'>Nice<\/option><option   value='Antibes'>Antibes<\/option><option   value='Cannes'>Cannes<\/option><option   value='Saint Rapha\u00ebl'>Saint Rapha\u00ebl<\/option><option   value='Saint Tropez'>Saint Tropez<\/option><option   value='Hy\u00e8res'>Hy\u00e8res<\/option><option   value='Toulon'>Toulon<\/option><option   value='Marseille'>Marseille<\/option><option   value='Port Camargue'>Port Camargue<\/option><option   value='Le Grau Du Roi'>Le Grau Du Roi<\/option><option   value='La Grande Motte'>La Grande Motte<\/option><option   value='Carnon'>Carnon<\/option><\/select><\/p><p class='  form_element form_element_fourth' id='element_avia_19_1'><label for=\"avia_19_1\">Nombre de passagers <abbr class=\"required\" title=\"requis(e)\">*<\/abbr><\/label><select  name=\"avia_19_1\" class=\"select is_empty\" id=\"avia_19_1\"><option   value='Veuillez s\u00e9lectionner'>Veuillez s\u00e9lectionner<\/option><option   value='Aucune personne'>Aucune personne<\/option><option   value='1 personne'>1 personne<\/option><option   value='2 personnes'>2 personnes<\/option><option   value='3 personnes'>3 personnes<\/option><option   value='4 personnes'>4 personnes<\/option><option   value='5 personnes + 10.00 \u20ac de suppl\u00e9ment'>5 personnes + 10.00 \u20ac de suppl\u00e9ment<\/option><option   value='6 personnes + 20.00 \u20ac de suppl\u00e9ment'>6 personnes + 20.00 \u20ac de suppl\u00e9ment<\/option><option   value='7 personnes + 30.00 \u20ac de suppl\u00e9ment'>7 personnes + 30.00 \u20ac de suppl\u00e9ment<\/option><option   value='8 personnes + 40.00 \u20ac de suppl\u00e9ment'>8 personnes + 40.00 \u20ac de suppl\u00e9ment<\/option><option   value='9 personnes + 50.00 \u20ac de suppl\u00e9ment'>9 personnes + 50.00 \u20ac de suppl\u00e9ment<\/option><option   value='10 personnes + 60.00 \u20ac de suppl\u00e9ment'>10 personnes + 60.00 \u20ac de suppl\u00e9ment<\/option><\/select><\/p><p class='  form_element form_element_fourth' id='element_avia_20_1'><label for=\"avia_20_1\">Nombre de bagages <abbr class=\"required\" title=\"requis(e)\">*<\/abbr><\/label><select  name=\"avia_20_1\" class=\"select is_empty\" id=\"avia_20_1\"><option   value='Veuillez s\u00e9lectionner'>Veuillez s\u00e9lectionner<\/option><option   value='0 bagage'>0 bagage<\/option><option   value='1 bagage'>1 bagage<\/option><option   value='2 bagages'>2 bagages<\/option><option   value='3 bagages'>3 bagages<\/option><option   value='4 bagages'>4 bagages<\/option><option   value='5 bagages + 5.00 \u20ac de suppl\u00e9ment'>5 bagages + 5.00 \u20ac de suppl\u00e9ment<\/option><option   value='6 bagages + 10.00 \u20ac de suppl\u00e9ment'>6 bagages + 10.00 \u20ac de suppl\u00e9ment<\/option><option   value='7 bagages + 15.00 \u20ac de suppl\u00e9ment'>7 bagages + 15.00 \u20ac de suppl\u00e9ment<\/option><option   value='8 bagages + 20.00 \u20ac de suppl\u00e9ment'>8 bagages + 20.00 \u20ac de suppl\u00e9ment<\/option><option   value='9 bagages + 25.00 \u20ac de suppl\u00e9ment'>9 bagages + 25.00 \u20ac de suppl\u00e9ment<\/option><option   value='10 bagages + 30.00 \u20ac de suppl\u00e9ment'>10 bagages + 30.00 \u20ac de suppl\u00e9ment<\/option><option   value='Transport d\u2019articles'>Transport d\u2019articles<\/option><\/select><\/p><p class='  first_form  form_element form_element_fourth' id='element_avia_21_1'><label for=\"avia_21_1\">Quelle sera votre destination ? <abbr class=\"required\" title=\"requis(e)\">*<\/abbr><\/label> <input name=\"avia_21_1\" class=\"text_input is_empty\" type=\"text\" id=\"avia_21_1\" value=\"\" \/><\/p><p class='  form_element form_element_fourth' id='element_avia_22_1'><label for=\"avia_22_1\">Votre journ\u00e9e pr\u00e9vue ? <abbr class=\"required\" title=\"requis(e)\">*<\/abbr><\/label> <input name=\"avia_22_1\" class=\"avia_datepicker text_input is_empty\" type=\"text\" id=\"avia_22_1\" value=\"\" placeholder=\"DD \/ MM \/ YY\" inputmode=\"none\" \/><\/p><p class='  form_element form_element_fourth' id='element_avia_23_1'><label for=\"avia_23_1\">\u00c0 quelle heure? <abbr class=\"required\" title=\"requis(e)\">*<\/abbr><\/label> <input name=\"avia_23_1\" class=\"text_input is_empty\" type=\"text\" id=\"avia_23_1\" value=\"\" \/><\/p><p class='  first_form  form_element form_fullwidth' id='element_avia_24_1'><label for=\"avia_24_1\" class=\"textare_label hidden textare_label_avia_24_1\">Demandes sp\u00e9ciales <abbr class=\"required\" title=\"requis(e)\">*<\/abbr><\/label><textarea  name=\"avia_24_1\" class=\"text_area is_empty\" cols=\"40\" rows=\"7\" id=\"avia_24_1\" ><\/textarea><\/p><p class=\"hidden\"><input type=\"text\" name=\"avia_25_1\" class=\"hidden \" id=\"avia_25_1\" value=\"\" \/><\/p><p class='   form_element form_fullwidth' id='element_avia_26_1'><span class='value_verifier_label'>1 + 6 = ?<\/span><input name=\"avia_26_1_verifier\" type=\"hidden\" id=\"avia_26_1_verifier\" value=\"712756643\"\/><label for=\"avia_26_1\">Merci de prouver que vous \u00eates un humain en donnant le r\u00e9sultat de cette op\u00e9ration <abbr class=\"required\" title=\"requis(e)\">*<\/abbr><\/label><input name=\"avia_26_1\" class=\"text_input captcha\" type=\"text\" id=\"avia_26_1\" value=\"\"\/><\/p><p class=\"form_element \"><input type=\"hidden\" value=\"1\" name=\"avia_generated_form1\" \/><input type=\"submit\" value=\"Envoyer\" class=\"button\"  data-sending-label=\"Envoi\"\/><\/p><\/fieldset><\/form><div id=\"ajaxresponse_1\" class=\"ajaxresponse ajaxresponse_1 hidden\"><\/div><br \/>\n<section  class='av_textblock_section av-m93589nb-81a121538950e8fdfab0d47993e34b4e '   itemscope=\"itemscope\" itemtype=\"https:\/\/schema.org\/CreativeWork\" ><div class='avia_textblock'  itemprop=\"text\" ><p style=\"text-align: center;\">Vos donn\u00e9es personnelles sont transmises via une connexion s\u00e9curis\u00e9e. Les dispositions l\u00e9gales en mati\u00e8re de protection des donn\u00e9es sont bien entendu respect\u00e9es. Pour en savoir plus \u00e0 ce sujet, consultez notre politique de confidentialit\u00e9.<\/p>\n<\/div><\/section><\/p><\/div>\n","protected":false},"excerpt":{"rendered":"","protected":false},"author":1,"featured_media":0,"parent":0,"menu_order":0,"comment_status":"closed","ping_status":"closed","template":"","meta":{"footnotes":""},"class_list":["post-10299","page","type-page","status-publish","hentry"],"_links":{"self":[{"href":"https:\/\/moby-port.com\/fr\/wp-json\/wp\/v2\/pages\/10299","targetHints":{"allow":["GET"]}}],"collection":[{"href":"https:\/\/moby-port.com\/fr\/wp-json\/wp\/v2\/pages"}],"about":[{"href":"https:\/\/moby-port.com\/fr\/wp-json\/wp\/v2\/types\/page"}],"author":[{"embeddable":true,"href":"https:\/\/moby-port.com\/fr\/wp-json\/wp\/v2\/users\/1"}],"replies":[{"embeddable":true,"href":"https:\/\/moby-port.com\/fr\/wp-json\/wp\/v2\/comments?post=10299"}],"version-history":[{"count":0,"href":"https:\/\/moby-port.com\/fr\/wp-json\/wp\/v2\/pages\/10299\/revisions"}],"wp:attachment":[{"href":"https:\/\/moby-port.com\/fr\/wp-json\/wp\/v2\/media?parent=10299"}],"curies":[{"name":"wp","href":"https:\/\/api.w.org\/{rel}","templated":true}]}}