{"id":10134,"date":"2025-03-13T06:21:54","date_gmt":"2025-03-13T05:21:54","guid":{"rendered":"https:\/\/moby-port.com\/?page_id=10134"},"modified":"2025-11-02T09:45:56","modified_gmt":"2025-11-02T08:45:56","slug":"vtc-et-chauffeur-services","status":"publish","type":"page","link":"https:\/\/moby-port.com\/fr\/vtc-et-chauffeur-services\/","title":{"rendered":"VTC et Chauffeur Services"},"content":{"rendered":"\n<style type=\"text\/css\" data-created_by=\"avia_inline_auto\" id=\"style-css-av-av_section-12db6aa0fc49678271339556a774da59\">\n.avia-section.av-av_section-12db6aa0fc49678271339556a774da59{\nbackground-color:#ffffff;\nbackground-image:unset;\n}\n<\/style>\n<div id='av_section_1'  class='avia-section av-av_section-12db6aa0fc49678271339556a774da59 main_color avia-section-default avia-no-border-styling  avia-builder-el-0  avia-builder-el-no-sibling  avia-bg-style-scroll av-minimum-height av-minimum-height-70 av-height-percent  av-section-with-video-bg container_wrap sidebar_right'   data-av_minimum_height_pc='70' data-av_min_height_opt='percent' data-section-video-ratio='16:9'><div  class='avia-slideshow av_slideshow_obj-1-69e3d5cbb7df7 avia-slideshow-featured av_slideshow avia-slide-slider av-slideshow-ui av-control-default av-slideshow-manual av-loop-once av-loop-manual-endless av-default-height-applied  av-section-video-bg avia-slideshow-1' data-slideshow-options=\"{&quot;animation&quot;:&quot;slide&quot;,&quot;autoplay&quot;:false,&quot;loop_autoplay&quot;:&quot;once&quot;,&quot;interval&quot;:5,&quot;loop_manual&quot;:&quot;manual-endless&quot;,&quot;autoplay_stopper&quot;:false,&quot;noNavigation&quot;:false,&quot;bg_slider&quot;:false,&quot;keep_padding&quot;:false,&quot;hoverpause&quot;:false,&quot;show_slide_delay&quot;:0}\"  itemprop=\"image\" itemscope=\"itemscope\" itemtype=\"https:\/\/schema.org\/ImageObject\" ><ul class='avia-slideshow-inner ' style='padding-bottom: 28.666666666667%;'><li  data-controls='disabled' data-mute='aviaTBaviaTBvideo_mute' data-loop='1' data-disable-autoplay=''  data-video-ratio='1.7777777777778' class='avia-slideshow-slide av_slideshow_obj-1-69e3d5cbb7df7__0  av-video-slide  av-video-service-html5  av-hide-video-controls av-mute-video av-loop-video  av-single-slide slide-1 slide-odd'><div data-rel='slideshow-1' class='avia-slide-wrap '    itemprop=\"video\" itemtype=\"https:\/\/schema.org\/VideoObject\" ><div class='av-click-overlay'><\/div><video class='avia_video'  autoplay playsinline loop preload=\"metadata\" muted  id='player_10134_683228900_1812794980'><source src=\"https:\/\/moby-port.com\/wp-content\/uploads\/2025\/03\/VTC-.mp4\" type=\"video\/mp4\" \/><\/video><div class=\"av-click-to-play-overlay\"><div class=\"avia_playpause_icon\"><\/div><\/div><\/div><\/li><\/ul><\/div><div class='container av-section-cont-open' ><main  role=\"main\" itemprop=\"mainContentOfPage\"  class='template-page content  av-content-small alpha units'><div class='post-entry post-entry-type-page post-entry-10134'><div class='entry-content-wrapper clearfix'>\n\n<style type=\"text\/css\" data-created_by=\"avia_inline_auto\" id=\"style-css-av-m891j31o-f20014548b66691c6c8f37cfa8040f1a\">\n#top .av-special-heading.av-m891j31o-f20014548b66691c6c8f37cfa8040f1a{\npadding-bottom:10px;\ncolor:#ffffff;\n}\nbody .av-special-heading.av-m891j31o-f20014548b66691c6c8f37cfa8040f1a .av-special-heading-tag .heading-char{\nfont-size:25px;\n}\n.av-special-heading.av-m891j31o-f20014548b66691c6c8f37cfa8040f1a .special-heading-inner-border{\nborder-color:#ffffff;\n}\n.av-special-heading.av-m891j31o-f20014548b66691c6c8f37cfa8040f1a .av-subheading{\nfont-size:15px;\n}\n<\/style>\n<div  class='av-special-heading av-m891j31o-f20014548b66691c6c8f37cfa8040f1a av-special-heading-h1 custom-color-heading blockquote classic-quote  avia-builder-el-1  el_before_av_hr  avia-builder-el-first  av-linked-heading'><h1 class='av-special-heading-tag '  itemprop=\"headline\"  >VTC et Chauffeur Services <\/h1><div class=\"special-heading-border\"><div class=\"special-heading-inner-border\"><\/div><\/div><\/div>\n<div  class='hr av-av_hr-bee3e0d805873ac154ce0cd1251acf1b hr-short  avia-builder-el-2  el_after_av_heading  el_before_av_one_fourth  hr-center'><span class='hr-inner '><span class=\"hr-inner-style\"><\/span><\/span><\/div>\n<div  class='flex_column av-av_one_fourth-a2cef933b0a555f25d1e39b22a8e9dae av_one_fourth  avia-builder-el-3  el_after_av_hr  el_before_av_one_half  first flex_column_div  '     ><\/div>\n<style type=\"text\/css\" data-created_by=\"avia_inline_auto\" id=\"style-css-av-av_one_half-c94cef227f8392b465345b114b0f8dd8\">\n.flex_column.av-av_one_half-c94cef227f8392b465345b114b0f8dd8{\nborder-radius:5px 5px 5px 5px;\npadding:30px 30px 30px 30px;\nbackground-color:rgba(0,0,0,0.45);\n}\n<\/style>\n<div  class='flex_column av-av_one_half-c94cef227f8392b465345b114b0f8dd8 av_one_half  avia-builder-el-4  el_after_av_one_fourth  el_before_av_one_fourth  flex_column_div  '     ><p>\n<style type=\"text\/css\" data-created_by=\"avia_inline_auto\" id=\"style-css-av-m891ih04-07b68291e77fd10a0653a8966fe0e992\">\n#top .av_textblock_section.av-m891ih04-07b68291e77fd10a0653a8966fe0e992 .avia_textblock{\nfont-size:15px;\ncolor:#ffffff;\n}\n<\/style>\n<section  class='av_textblock_section av-m891ih04-07b68291e77fd10a0653a8966fe0e992 '   itemscope=\"itemscope\" itemtype=\"https:\/\/schema.org\/CreativeWork\" ><div class='avia_textblock av_inherit_color'  itemprop=\"text\" ><p>Notre portefeuille comprend la navette VTC, \u00e9galement avec chauffeur et\/ou chauffeur priv\u00e9, ainsi qu&#8217;un transfert exclusif en yacht et a\u00e9roport, ainsi que des services de mise \u00e0 disposition. De plus, nous offrons des services de transport et de coordination pour des \u00e9v\u00e9nements, des mariages, ainsi que des services d&#8217;accueil dans les gares et les a\u00e9roports. Ces services peuvent \u00eatre utilis\u00e9s en Italie, en Sardaigne, en Corse, \u00e0 Monaco, en France, en Suisse, en Espagne, \u00e0 Ibiza, au Portugal et en Belgique.<\/p>\n<p>Si vous souhaitez ces services dans un autre pays de votre choix, nous contacterons bien entendu l&#8217;un de nos partenaires contractuels renomm\u00e9s et organiserons tout le n\u00e9cessaire.<\/p>\n<p>De mani\u00e8re explicite et avec la mise en \u0153uvre de la souverainet\u00e9 professionnelle n\u00e9cessaire, toutes les prestations sont r\u00e9alis\u00e9es avec la plus grande discr\u00e9tion. Afin que nous r\u00e9pondions aux plus hauts standards de vos attentes.<\/p>\n<\/div><\/section><br \/>\n<div  class='avia-button-wrap avia-button-center  avia-builder-el-6  el_after_av_textblock  avia-builder-el-last '>\n<style type=\"text\/css\" data-created_by=\"avia_inline_auto\" id=\"style-css-av-m892dpc3-fabb5e17eabda62b50389e21ae8711dc\">\n#top #wrap_all .avia-button.av-m892dpc3-fabb5e17eabda62b50389e21ae8711dc{\nfont-size:14px;\n}\n#top #wrap_all .avia-button.av-m892dpc3-fabb5e17eabda62b50389e21ae8711dc:hover{\nbackground-color:grey;\ncolor:white;\ntransition:all 0.4s ease-in-out;\n}\n#top #wrap_all .avia-button.av-m892dpc3-fabb5e17eabda62b50389e21ae8711dc:hover .avia-svg-icon svg:first-child{\nfill:white;\nstroke:white;\n}\n<\/style>\n<a href='https:\/\/moby-port.com\/fr\/vtc-chauffeur-demande\/' class='avia-color-light avia-font-color-theme-color avia-button avia-button-fullwidth av-m892dpc3-fabb5e17eabda62b50389e21ae8711dc avia-icon_select-no avia-color-light'   aria-label=\"VTC \u2022 Chauffeur \u2022 Demande\"><span class='avia_iconbox_title' >VTC \u2022 Chauffeur \u2022 Demande<\/span><\/a><\/div><\/p><\/div><div  class='flex_column av-av_one_fourth-538dd737667e19053994a94b9156413b av_one_fourth  avia-builder-el-7  el_after_av_one_half  avia-builder-el-last  flex_column_div  '     ><\/div><\/div><\/div><\/main><!-- close content main element --><\/div><\/div><div id='after_section_1'  class='main_color av_default_container_wrap container_wrap sidebar_right'  ><div class='container av-section-cont-open' ><div class='template-page content  av-content-small alpha units'><div class='post-entry post-entry-type-page post-entry-10134'><div class='entry-content-wrapper clearfix'>\n","protected":false},"excerpt":{"rendered":"","protected":false},"author":1,"featured_media":0,"parent":0,"menu_order":0,"comment_status":"closed","ping_status":"closed","template":"","meta":{"footnotes":""},"class_list":["post-10134","page","type-page","status-publish","hentry"],"_links":{"self":[{"href":"https:\/\/moby-port.com\/fr\/wp-json\/wp\/v2\/pages\/10134","targetHints":{"allow":["GET"]}}],"collection":[{"href":"https:\/\/moby-port.com\/fr\/wp-json\/wp\/v2\/pages"}],"about":[{"href":"https:\/\/moby-port.com\/fr\/wp-json\/wp\/v2\/types\/page"}],"author":[{"embeddable":true,"href":"https:\/\/moby-port.com\/fr\/wp-json\/wp\/v2\/users\/1"}],"replies":[{"embeddable":true,"href":"https:\/\/moby-port.com\/fr\/wp-json\/wp\/v2\/comments?post=10134"}],"version-history":[{"count":0,"href":"https:\/\/moby-port.com\/fr\/wp-json\/wp\/v2\/pages\/10134\/revisions"}],"wp:attachment":[{"href":"https:\/\/moby-port.com\/fr\/wp-json\/wp\/v2\/media?parent=10134"}],"curies":[{"name":"wp","href":"https:\/\/api.w.org\/{rel}","templated":true}]}}