{"id":10130,"date":"2025-03-10T17:31:55","date_gmt":"2025-03-10T16:31:55","guid":{"rendered":"https:\/\/moby-port.com\/?page_id=10130"},"modified":"2025-06-09T15:26:44","modified_gmt":"2025-06-09T13:26:44","slug":"vtc-transfert-aeroport","status":"publish","type":"page","link":"https:\/\/moby-port.com\/fr\/vtc-transfert-aeroport\/","title":{"rendered":"VTC \u2022 Shuttle Service"},"content":{"rendered":"<div id='full_slider_1'  class='avia-fullwidth-slider main_color avia-shadow   avia-builder-el-0  el_before_av_promobox  avia-builder-el-first   container_wrap sidebar_right'  ><div  class='avia-slideshow av-m8hu30pd-cd95db8588e4d05c694adeef1d2c1f38 avia-slideshow-featured av_slideshow_full avia-slide-slider av-slideshow-ui av-control-default av-slideshow-manual av-loop-once av-loop-manual-endless av-default-height-applied   avia-slideshow-1' data-slideshow-options=\"{&quot;animation&quot;:&quot;slide&quot;,&quot;autoplay&quot;:false,&quot;loop_autoplay&quot;:&quot;once&quot;,&quot;interval&quot;:5,&quot;loop_manual&quot;:&quot;manual-endless&quot;,&quot;autoplay_stopper&quot;:false,&quot;noNavigation&quot;:false,&quot;bg_slider&quot;:false,&quot;keep_padding&quot;:false,&quot;hoverpause&quot;:false,&quot;show_slide_delay&quot;:0}\"  itemprop=\"image\" itemscope=\"itemscope\" itemtype=\"https:\/\/schema.org\/ImageObject\" ><ul class='avia-slideshow-inner ' style='padding-bottom: 34.126984126984%;'><li  class='avia-slideshow-slide av-m8hu30pd-cd95db8588e4d05c694adeef1d2c1f38__0  av-single-slide slide-1 slide-odd'><div data-rel='slideshow-1' class='avia-slide-wrap '   ><div class='av-slideshow-caption av-m8hu30pd-cd95db8588e4d05c694adeef1d2c1f38__0 caption_fullwidth caption_bottom'><div class=\"container caption_container\"><div class=\"slideshow_caption\"><div class=\"slideshow_inner_caption\"><div class=\"slideshow_align_caption\"><h2 class='avia-caption-title '  itemprop=\"name\" >VTC \u2022 Shuttle Service<\/h2><div class='avia-caption-content '  itemprop=\"description\" ><p>Gare \u2022 A\u00e9roport \u2022 Port \u2022 H\u00f4tel \u2022 Autre emplacement<\/p>\n<\/div><\/div><\/div><\/div><\/div><\/div><img decoding=\"async\" fetchpriority=\"high\" class=\"wp-image-10199 avia-img-lazy-loading-not-10199\"  src=\"https:\/\/moby-port.com\/wp-content\/uploads\/2025\/03\/VTC-Shuttle-Service-1260x430.jpg\" width=\"1260\" height=\"430\" title='VTC Shuttle Service' alt=''  itemprop=\"thumbnailUrl\"   \/><\/div><\/li><\/ul><\/div><\/div><div id='after_full_slider_1'  class='main_color av_default_container_wrap container_wrap sidebar_right'  ><div class='container av-section-cont-open' ><div class='template-page content  av-content-small alpha units'><div class='post-entry post-entry-type-page post-entry-10130'><div class='entry-content-wrapper clearfix'>\n<div  class='av_promobox av-m8hu3don-cff0b6f3f38943c0b2413e32e16f3bfe avia-button-no  avia-builder-el-1  el_after_av_slideshow_full  el_before_av_one_fifth  avia-builder-el-first '><div class='avia-promocontent'><p>\nEn utilisant notre service de navette VTC, nous vous garantissons un niveau de qualit\u00e9 \u00e9lev\u00e9 et l&#8217;utilisation de v\u00e9hicules confortables. De plus, le chauffeur poss\u00e8de la formation ad\u00e9quate, ainsi que la classification VTC. Dans le m\u00eame temps, nous tenons compte du fait que le chauffeur assign\u00e9 parlera couramment la langue de communication que vous avez choisie, comme indiqu\u00e9 par vous lors de votre r\u00e9servation.<\/p>\n<\/div><\/div>\n<div  class='flex_column av-av_one_fifth-a2cef933b0a555f25d1e39b22a8e9dae av_one_fifth  avia-builder-el-2  el_after_av_promobox  el_before_av_one_fifth  first flex_column_div  '     ><p><section  class='av_textblock_section av-m8hu3z93-8d23339b0c992edd662caba3e496a3bf '   itemscope=\"itemscope\" itemtype=\"https:\/\/schema.org\/CreativeWork\" ><div class='avia_textblock'  itemprop=\"text\" ><p>Gare ferroviaire<\/p>\n<\/div><\/section><br \/>\n\n<style type=\"text\/css\" data-created_by=\"avia_inline_auto\" id=\"style-css-av-av_image-bbe89a86f846fdd253b7973cc45ccf04\">\n.avia-image-container.av-av_image-bbe89a86f846fdd253b7973cc45ccf04 img.avia_image{\nbox-shadow:none;\n}\n.avia-image-container.av-av_image-bbe89a86f846fdd253b7973cc45ccf04 .av-image-caption-overlay-center{\ncolor:#ffffff;\n}\n<\/style>\n<div  class='avia-image-container av-av_image-bbe89a86f846fdd253b7973cc45ccf04 av-styling- avia-align-center  avia-builder-el-4  el_after_av_textblock  avia-builder-el-last '   itemprop=\"image\" itemscope=\"itemscope\" itemtype=\"https:\/\/schema.org\/ImageObject\" ><div class=\"avia-image-container-inner\"><div class=\"avia-image-overlay-wrap\"><img decoding=\"async\" fetchpriority=\"high\" class='wp-image-10207 avia-img-lazy-loading-not-10207 avia_image ' src=\"https:\/\/moby-port.com\/wp-content\/uploads\/2025\/03\/Bahnhof-01-300x200.jpg\" alt='' title='Bahnhof 01'  height=\"200\" width=\"300\"  itemprop=\"thumbnailUrl\" srcset=\"https:\/\/moby-port.com\/wp-content\/uploads\/2025\/03\/Bahnhof-01-300x200.jpg 300w, https:\/\/moby-port.com\/wp-content\/uploads\/2025\/03\/Bahnhof-01.jpg 450w\" sizes=\"(max-width: 300px) 100vw, 300px\" \/><\/div><\/div><\/div><\/p><\/div>\n<div  class='flex_column av-av_one_fifth-538dd737667e19053994a94b9156413b av_one_fifth  avia-builder-el-5  el_after_av_one_fifth  el_before_av_one_fifth  flex_column_div  '     ><p><section  class='av_textblock_section av-m8hu49mt-23ad413659af8cb51d5d2d4dd3cfeeeb '   itemscope=\"itemscope\" itemtype=\"https:\/\/schema.org\/CreativeWork\" ><div class='avia_textblock'  itemprop=\"text\" ><p>A\u00e9roport<\/p>\n<\/div><\/section><br \/>\n\n<style type=\"text\/css\" data-created_by=\"avia_inline_auto\" id=\"style-css-av-av_image-2b739a5637a63311ca01b7779875a364\">\n.avia-image-container.av-av_image-2b739a5637a63311ca01b7779875a364 img.avia_image{\nbox-shadow:none;\n}\n.avia-image-container.av-av_image-2b739a5637a63311ca01b7779875a364 .av-image-caption-overlay-center{\ncolor:#ffffff;\n}\n<\/style>\n<div  class='avia-image-container av-av_image-2b739a5637a63311ca01b7779875a364 av-styling- avia-align-center  avia-builder-el-7  el_after_av_textblock  avia-builder-el-last '   itemprop=\"image\" itemscope=\"itemscope\" itemtype=\"https:\/\/schema.org\/ImageObject\" ><div class=\"avia-image-container-inner\"><div class=\"avia-image-overlay-wrap\"><img decoding=\"async\" fetchpriority=\"high\" class='wp-image-10223 avia-img-lazy-loading-not-10223 avia_image ' src=\"https:\/\/moby-port.com\/wp-content\/uploads\/2025\/03\/Flughafen-01-300x200.jpeg\" alt='' title='Flughafen 01'  height=\"200\" width=\"300\"  itemprop=\"thumbnailUrl\" srcset=\"https:\/\/moby-port.com\/wp-content\/uploads\/2025\/03\/Flughafen-01-300x200.jpeg 300w, https:\/\/moby-port.com\/wp-content\/uploads\/2025\/03\/Flughafen-01.jpeg 450w\" sizes=\"(max-width: 300px) 100vw, 300px\" \/><\/div><\/div><\/div><\/p><\/div>\n<div  class='flex_column av-av_one_fifth-538dd737667e19053994a94b9156413b av_one_fifth  avia-builder-el-8  el_after_av_one_fifth  el_before_av_one_fifth  flex_column_div  '     ><p><section  class='av_textblock_section av-m8hu4ih8-3ee46922f550cfd3b81a50987f5ca644 '   itemscope=\"itemscope\" itemtype=\"https:\/\/schema.org\/CreativeWork\" ><div class='avia_textblock'  itemprop=\"text\" ><p>Port<\/p>\n<\/div><\/section><br \/>\n\n<style type=\"text\/css\" data-created_by=\"avia_inline_auto\" id=\"style-css-av-av_image-0959a70813cf8916d26bf88d2ada0269\">\n.avia-image-container.av-av_image-0959a70813cf8916d26bf88d2ada0269 img.avia_image{\nbox-shadow:none;\n}\n.avia-image-container.av-av_image-0959a70813cf8916d26bf88d2ada0269 .av-image-caption-overlay-center{\ncolor:#ffffff;\n}\n<\/style>\n<div  class='avia-image-container av-av_image-0959a70813cf8916d26bf88d2ada0269 av-styling- avia-align-center  avia-builder-el-10  el_after_av_textblock  avia-builder-el-last '   itemprop=\"image\" itemscope=\"itemscope\" itemtype=\"https:\/\/schema.org\/ImageObject\" ><div class=\"avia-image-container-inner\"><div class=\"avia-image-overlay-wrap\"><img decoding=\"async\" fetchpriority=\"high\" class='wp-image-10211 avia-img-lazy-loading-not-10211 avia_image ' src=\"https:\/\/moby-port.com\/wp-content\/uploads\/2025\/03\/Hafen-01-300x200.jpg\" alt='' title='Hafen 01'  height=\"200\" width=\"300\"  itemprop=\"thumbnailUrl\" srcset=\"https:\/\/moby-port.com\/wp-content\/uploads\/2025\/03\/Hafen-01-300x200.jpg 300w, https:\/\/moby-port.com\/wp-content\/uploads\/2025\/03\/Hafen-01.jpg 450w\" sizes=\"(max-width: 300px) 100vw, 300px\" \/><\/div><\/div><\/div><\/p><\/div>\n<div  class='flex_column av-av_one_fifth-538dd737667e19053994a94b9156413b av_one_fifth  avia-builder-el-11  el_after_av_one_fifth  el_before_av_one_fifth  flex_column_div  '     ><p><section  class='av_textblock_section av-av_textblock-92ab5b4c5448b40ef3b82fb3d397e98e '   itemscope=\"itemscope\" itemtype=\"https:\/\/schema.org\/CreativeWork\" ><div class='avia_textblock'  itemprop=\"text\" ><p>Hotel<\/p>\n<\/div><\/section><br \/>\n\n<style type=\"text\/css\" data-created_by=\"avia_inline_auto\" id=\"style-css-av-av_image-204f5e944da0476d97c300a684156575\">\n.avia-image-container.av-av_image-204f5e944da0476d97c300a684156575 img.avia_image{\nbox-shadow:none;\n}\n.avia-image-container.av-av_image-204f5e944da0476d97c300a684156575 .av-image-caption-overlay-center{\ncolor:#ffffff;\n}\n<\/style>\n<div  class='avia-image-container av-av_image-204f5e944da0476d97c300a684156575 av-styling- avia-align-center  avia-builder-el-13  el_after_av_textblock  avia-builder-el-last '   itemprop=\"image\" itemscope=\"itemscope\" itemtype=\"https:\/\/schema.org\/ImageObject\" ><div class=\"avia-image-container-inner\"><div class=\"avia-image-overlay-wrap\"><img decoding=\"async\" fetchpriority=\"high\" class='wp-image-10228 avia-img-lazy-loading-not-10228 avia_image ' src=\"https:\/\/moby-port.com\/wp-content\/uploads\/2025\/03\/Hotel-01-300x200.jpg\" alt='' title='Hotel 01'  height=\"200\" width=\"300\"  itemprop=\"thumbnailUrl\" srcset=\"https:\/\/moby-port.com\/wp-content\/uploads\/2025\/03\/Hotel-01-300x200.jpg 300w, https:\/\/moby-port.com\/wp-content\/uploads\/2025\/03\/Hotel-01.jpg 450w\" sizes=\"(max-width: 300px) 100vw, 300px\" \/><\/div><\/div><\/div><\/p><\/div>\n<div  class='flex_column av-av_one_fifth-538dd737667e19053994a94b9156413b av_one_fifth  avia-builder-el-14  el_after_av_one_fifth  el_before_av_one_full  flex_column_div  '     ><p><section  class='av_textblock_section av-m8hu5r1i-cb69a9552844aa31ddbac5c1941a3964 '   itemscope=\"itemscope\" itemtype=\"https:\/\/schema.org\/CreativeWork\" ><div class='avia_textblock'  itemprop=\"text\" ><p>Shopping<\/p>\n<\/div><\/section><br \/>\n\n<style type=\"text\/css\" data-created_by=\"avia_inline_auto\" id=\"style-css-av-av_image-4e04a440b0c12789956108be4df1fe61\">\n.avia-image-container.av-av_image-4e04a440b0c12789956108be4df1fe61 img.avia_image{\nbox-shadow:none;\n}\n.avia-image-container.av-av_image-4e04a440b0c12789956108be4df1fe61 .av-image-caption-overlay-center{\ncolor:#ffffff;\n}\n<\/style>\n<div  class='avia-image-container av-av_image-4e04a440b0c12789956108be4df1fe61 av-styling- avia-align-center  avia-builder-el-16  el_after_av_textblock  avia-builder-el-last '   itemprop=\"image\" itemscope=\"itemscope\" itemtype=\"https:\/\/schema.org\/ImageObject\" ><div class=\"avia-image-container-inner\"><div class=\"avia-image-overlay-wrap\"><img decoding=\"async\" fetchpriority=\"high\" class='wp-image-10215 avia-img-lazy-loading-not-10215 avia_image ' src=\"https:\/\/moby-port.com\/wp-content\/uploads\/2025\/03\/City-Zentrum-01-300x199.jpg\" alt='' title='City Zentrum 01'  height=\"199\" width=\"300\"  itemprop=\"thumbnailUrl\" srcset=\"https:\/\/moby-port.com\/wp-content\/uploads\/2025\/03\/City-Zentrum-01-300x199.jpg 300w, https:\/\/moby-port.com\/wp-content\/uploads\/2025\/03\/City-Zentrum-01.jpg 450w\" sizes=\"(max-width: 300px) 100vw, 300px\" \/><\/div><\/div><\/div><\/p><\/div><div  class='flex_column av-av_one_full-a2cef933b0a555f25d1e39b22a8e9dae av_one_full  avia-builder-el-17  el_after_av_one_fifth  el_before_av_promobox  first flex_column_div  column-top-margin'     ><style type=\"text\/css\" data-created_by=\"avia_inline_auto\" id=\"style-css-av-m8hu6z1b-116f0cd251f1dfca172eb729616a08d3\">\n#top .av_textblock_section.av-m8hu6z1b-116f0cd251f1dfca172eb729616a08d3 .avia_textblock{\nfont-size:14px;\n}\n<\/style>\n<section  class='av_textblock_section av-m8hu6z1b-116f0cd251f1dfca172eb729616a08d3 '   itemscope=\"itemscope\" itemtype=\"https:\/\/schema.org\/CreativeWork\" ><div class='avia_textblock'  itemprop=\"text\" ><p>De plus, vous pouvez vous attendre \u00e0 des services suppl\u00e9mentaires :<\/p>\n<p>\u2022 Le transport n\u2019est pas soumis \u00e0 des restrictions<br \/>\n\u2022 Prise en charge \u00e0 la gare \u2022 \u00e0 l&#8217;a\u00e9roport \u2022 au port \u2022 \u00e0 l&#8217;h\u00f4tel \u2022 \u00e0 un autre endroit<br \/>\n\u2022 Transport vers la gare \u2022 A\u00e9roport \u2022 Port \u2022 H\u00f4tel \u2022 Autre lieu<br \/>\n\u2022 Vous serez accueilli au terminal des arriv\u00e9es<br \/>\n\u2022 \u00c0 votre arriv\u00e9e, vous serez accueilli dans la zone des arriv\u00e9es, o\u00f9 le chauffeur se fera conna\u00eetre en tenant une pancarte \u00e0 votre nom.<br \/>\n\u2022 Vous serez toujours inform\u00e9 en temps utile de la situation du trafic et de l&#8217;heure d&#8217;arriv\u00e9e pr\u00e9vue.<br \/>\n\u2022 Vous pouvez voyager de mani\u00e8re d\u00e9tendue pendant le voyage.<br \/>\n\u2022 Vous pouvez choisir librement votre station de radio.<br \/>\n\u2022 Vous pouvez \u00e9galement obtenir des informations touristiques aupr\u00e8s du chauffeur.<\/p>\n<\/div><\/section><\/div><\/p>\n<div  class='av_promobox av-m8hu7gfy-cf16ebc87b2f26997c3561831b864d80 avia-button-no  avia-builder-el-19  el_after_av_one_full  el_before_av_one_third '><div class='avia-promocontent'><p>\nCe service de navette VTC vous garantit d&#8217;arriver en toute s\u00e9curit\u00e9 et d\u00e9tendu o\u00f9 et comme vous l&#8217;avez pr\u00e9vu.<\/p>\n<p>R\u00e9servations de restaurants, achats, conseils de toutes sortes, etc. seront pris en charge avec plaisir pour vous.<\/p>\n<p>Vous pouvez \u00eatre s\u00fbr que les chauffeurs du Service Navette VTC sont impeccablement habill\u00e9s et se comportent avec une discr\u00e9tion absolue.<\/p>\n<\/div><\/div>\n<div  class='flex_column av-av_one_third-a2cef933b0a555f25d1e39b22a8e9dae av_one_third  avia-builder-el-20  el_after_av_promobox  el_before_av_one_third  first flex_column_div  '     ><\/div>\n<div  class='flex_column av-av_one_third-538dd737667e19053994a94b9156413b av_one_third  avia-builder-el-21  el_after_av_one_third  el_before_av_one_third  flex_column_div  '     ><div  class='avia-button-wrap avia-button-center  avia-builder-el-22  avia-builder-el-no-sibling '>\n<style type=\"text\/css\" data-created_by=\"avia_inline_auto\" id=\"style-css-av-m8hu7vn0-c934524fef6790c33d96b7a10270d169\">\n#top #wrap_all .avia-button.av-m8hu7vn0-c934524fef6790c33d96b7a10270d169{\nfont-size:14px;\n}\n#top #wrap_all .avia-button.av-m8hu7vn0-c934524fef6790c33d96b7a10270d169:hover{\ncolor:white;\ntransition:all 0.4s ease-in-out;\n}\n#top #wrap_all .avia-button.av-m8hu7vn0-c934524fef6790c33d96b7a10270d169:hover .avia-svg-icon svg:first-child{\nfill:white;\nstroke:white;\n}\n<\/style>\n<a href='https:\/\/moby-port.com\/fr\/vtc-chauffeur-demande\/' class='avia-color-black avia-font-color-theme-color avia-button avia-button-fullwidth av-m8hu7vn0-c934524fef6790c33d96b7a10270d169 avia-icon_select-no avia-color-black'   aria-label=\"VTC \u2022 Demande de service de navette\"><span class='avia_iconbox_title' >VTC \u2022 Demande de service de navette<\/span><span class='avia_button_background avia-button avia-button-fullwidth avia-color-theme-color-highlight'><\/span><\/a><\/div><\/div>\n<div  class='flex_column av-av_one_third-538dd737667e19053994a94b9156413b av_one_third  avia-builder-el-23  el_after_av_one_third  avia-builder-el-last  flex_column_div  '     ><\/div>\n","protected":false},"excerpt":{"rendered":"","protected":false},"author":1,"featured_media":0,"parent":0,"menu_order":0,"comment_status":"closed","ping_status":"closed","template":"","meta":{"footnotes":""},"class_list":["post-10130","page","type-page","status-publish","hentry"],"_links":{"self":[{"href":"https:\/\/moby-port.com\/fr\/wp-json\/wp\/v2\/pages\/10130","targetHints":{"allow":["GET"]}}],"collection":[{"href":"https:\/\/moby-port.com\/fr\/wp-json\/wp\/v2\/pages"}],"about":[{"href":"https:\/\/moby-port.com\/fr\/wp-json\/wp\/v2\/types\/page"}],"author":[{"embeddable":true,"href":"https:\/\/moby-port.com\/fr\/wp-json\/wp\/v2\/users\/1"}],"replies":[{"embeddable":true,"href":"https:\/\/moby-port.com\/fr\/wp-json\/wp\/v2\/comments?post=10130"}],"version-history":[{"count":0,"href":"https:\/\/moby-port.com\/fr\/wp-json\/wp\/v2\/pages\/10130\/revisions"}],"wp:attachment":[{"href":"https:\/\/moby-port.com\/fr\/wp-json\/wp\/v2\/media?parent=10130"}],"curies":[{"name":"wp","href":"https:\/\/api.w.org\/{rel}","templated":true}]}}