{"id":10106,"date":"2025-03-12T06:45:25","date_gmt":"2025-03-12T05:45:25","guid":{"rendered":"https:\/\/moby-port.com\/?page_id=10106"},"modified":"2025-03-12T13:28:57","modified_gmt":"2025-03-12T12:28:57","slug":"demande-de-charte","status":"publish","type":"page","link":"https:\/\/moby-port.com\/fr\/demande-de-charte\/","title":{"rendered":"Demande de charte"},"content":{"rendered":"<div id='full_slider_1'  class='avia-fullwidth-slider main_color avia-shadow   avia-builder-el-0  el_before_av_one_full  avia-builder-el-first   container_wrap sidebar_right'  ><div  class='avia-slideshow av-m86cz8ue-160219cec4054c8148ac93d7218f433d avia-slideshow-featured av_slideshow_full avia-fade-slider av-slideshow-ui av-control-default av-slideshow-manual av-loop-once av-loop-manual-endless av-default-height-applied   avia-slideshow-1' data-slideshow-options=\"{&quot;animation&quot;:&quot;fade&quot;,&quot;autoplay&quot;:false,&quot;loop_autoplay&quot;:&quot;once&quot;,&quot;interval&quot;:5,&quot;loop_manual&quot;:&quot;manual-endless&quot;,&quot;autoplay_stopper&quot;:false,&quot;noNavigation&quot;:false,&quot;bg_slider&quot;:false,&quot;keep_padding&quot;:false,&quot;hoverpause&quot;:false,&quot;show_slide_delay&quot;:0}\"  itemprop=\"image\" itemscope=\"itemscope\" itemtype=\"https:\/\/schema.org\/ImageObject\" ><ul class='avia-slideshow-inner ' style='padding-bottom: 27.1875%;'><li  class='avia-slideshow-slide av-m86cz8ue-160219cec4054c8148ac93d7218f433d__0  av-single-slide slide-1 slide-odd'><div data-rel='slideshow-1' class='avia-slide-wrap '   ><div class='av-slideshow-caption av-m86cz8ue-160219cec4054c8148ac93d7218f433d__0 caption_fullwidth caption_bottom caption_bottom_framed caption_framed'><div class=\"container caption_container\"><div class=\"slideshow_caption\"><div class=\"slideshow_inner_caption\"><div class=\"slideshow_align_caption\"><h2 class='avia-caption-title '  itemprop=\"name\" >Demande de charter<\/h2><div class='avia-caption-content '  itemprop=\"description\" ><p>Jet priv\u00e9 \u2022 H\u00e9licopt\u00e8re \u2022 Hydravion<\/p>\n<\/div><\/div><\/div><\/div><\/div><\/div><img decoding=\"async\" fetchpriority=\"high\" class=\"wp-image-10118 avia-img-lazy-loading-not-10118\"  src=\"https:\/\/moby-port.com\/wp-content\/uploads\/2025\/03\/Jet_Yacht.jpeg\" width=\"1280\" height=\"348\" title='Jet_Yacht' alt=''  itemprop=\"thumbnailUrl\" srcset=\"https:\/\/moby-port.com\/wp-content\/uploads\/2025\/03\/Jet_Yacht.jpeg 1280w, https:\/\/moby-port.com\/wp-content\/uploads\/2025\/03\/Jet_Yacht-300x82.jpeg 300w, https:\/\/moby-port.com\/wp-content\/uploads\/2025\/03\/Jet_Yacht-1030x280.jpeg 1030w, https:\/\/moby-port.com\/wp-content\/uploads\/2025\/03\/Jet_Yacht-768x209.jpeg 768w, https:\/\/moby-port.com\/wp-content\/uploads\/2025\/03\/Jet_Yacht-705x192.jpeg 705w\" sizes=\"(max-width: 1280px) 100vw, 1280px\" \/><\/div><\/li><\/ul><\/div><\/div><div id='after_full_slider_1'  class='main_color av_default_container_wrap container_wrap sidebar_right'  ><div class='container av-section-cont-open' ><div class='template-page content  av-content-small alpha units'><div class='post-entry post-entry-type-page post-entry-10106'><div class='entry-content-wrapper clearfix'>\n<div  class='flex_column av-av_one_full-a2cef933b0a555f25d1e39b22a8e9dae av_one_full  avia-builder-el-1  el_after_av_slideshow_full  avia-builder-el-no-sibling  first flex_column_div  '     ><p><section  class='av_textblock_section av-m86cziye-f8f6d5ef45edc0b1d0cd490e62dbd4da '   itemscope=\"itemscope\" itemtype=\"https:\/\/schema.org\/CreativeWork\" ><div class='avia_textblock'  itemprop=\"text\" ><p>Les champs marqu\u00e9s d&#8217;un * doivent \u00eatre remplis.<\/p>\n<\/div><\/section><br \/>\n<form action=\"https:\/\/moby-port.com\/fr\/demande-de-charte\/\" method=\"post\" data-fields-with-error=\"Erreurs trouv\u00e9es dans les champs suivants :\" class=\"avia_ajax_form av-form-labels-visible   avia-builder-el-3  el_after_av_textblock  el_before_av_textblock   \" data-avia-form-id=\"1\" data-avia-redirect=''  aria-label='Kontaktformular' ><h3 class=''>\u00c9crivez-nous<\/h3><fieldset><p class='  first_form  form_element form_element_fourth' id='element_avia_1_1'><label for=\"avia_1_1\">Langue de correspondance <abbr class=\"required\" title=\"requis(e)\">*<\/abbr><\/label><select  name=\"avia_1_1\" class=\"select is_empty\" id=\"avia_1_1\"><option   value='Veuillez s\u00e9lectionner'>Veuillez s\u00e9lectionner<\/option><option   value='Allemand'>Allemand<\/option><option   value='Anglais'>Anglais<\/option><option   value='Fran\u00e7ais'>Fran\u00e7ais<\/option><option   value='Italien'>Italien<\/option><\/select><\/p><p class='  form_element form_element_fourth' id='element_avia_2_1'><label for=\"avia_2_1\">Titre <abbr class=\"required\" title=\"requis(e)\">*<\/abbr><\/label><select  name=\"avia_2_1\" class=\"select is_empty\" id=\"avia_2_1\"><option   value='Veuillez s\u00e9lectionner'>Veuillez s\u00e9lectionner<\/option><option   value='Mme'>Mme<\/option><option   value='M'>M<\/option><option   value='Entreprise'>Entreprise<\/option><\/select><\/p><p class='  form_element form_element_fourth' id='element_avia_3_1'><label for=\"avia_3_1\">Nom de famille <abbr class=\"required\" title=\"requis(e)\">*<\/abbr><\/label> <input name=\"avia_3_1\" class=\"text_input is_empty\" type=\"text\" id=\"avia_3_1\" value=\"\" \/><\/p><p class='  form_element form_element_fourth' id='element_avia_4_1'><label for=\"avia_4_1\">Pr\u00e9nom <abbr class=\"required\" title=\"requis(e)\">*<\/abbr><\/label> <input name=\"avia_4_1\" class=\"text_input is_empty\" type=\"text\" id=\"avia_4_1\" value=\"\" \/><\/p><p class='  first_form  form_element form_element_fourth' id='element_avia_5_1'><label for=\"avia_5_1\">E-Mail <abbr class=\"required\" title=\"requis(e)\">*<\/abbr><\/label> <input name=\"avia_5_1\" class=\"text_input is_email\" type=\"text\" id=\"avia_5_1\" value=\"\" \/><\/p><p class='  form_element form_element_fourth' id='element_avia_6_1'><label for=\"avia_6_1\">Num\u00e9ro de portable <abbr class=\"required\" title=\"requis(e)\">*<\/abbr><\/label> <input name=\"avia_6_1\" class=\"text_input is_empty\" type=\"text\" id=\"avia_6_1\" value=\"\" \/><\/p><p class='  form_element form_element_fourth' id='element_avia_7_1'><label for=\"avia_7_1\">Type d\u2019avion <abbr class=\"required\" title=\"requis(e)\">*<\/abbr><\/label><select  name=\"avia_7_1\" class=\"select is_empty\" id=\"avia_7_1\"><option   value='Veuillez s\u00e9lectionner'>Veuillez s\u00e9lectionner<\/option><option   value='jet priv\u00e9'>jet priv\u00e9<\/option><option   value='h\u00e9licopt\u00e8re'>h\u00e9licopt\u00e8re<\/option><option   value='hydravion'>hydravion<\/option><\/select><\/p><p class='  form_element form_element_fourth' id='element_avia_8_1'><label for=\"avia_8_1\">Nombre de Passagers <abbr class=\"required\" title=\"requis(e)\">*<\/abbr><\/label><select  name=\"avia_8_1\" class=\"select is_empty\" id=\"avia_8_1\"><option   value='Veuillez s\u00e9lectionner'>Veuillez s\u00e9lectionner<\/option><option   value='1'>1<\/option><option   value='2'>2<\/option><option   value='3'>3<\/option><option   value='4'>4<\/option><option   value='5'>5<\/option><option   value='6'>6<\/option><option   value='7'>7<\/option><option   value='8'>8<\/option><option   value='9'>9<\/option><option   value='10'>10<\/option><\/select><\/p><p class='  first_form  form_element form_element_fourth' id='element_avia_9_1'><label for=\"avia_9_1\">Lieu de d\u00e9part <abbr class=\"required\" title=\"requis(e)\">*<\/abbr><\/label> <input name=\"avia_9_1\" class=\"text_input is_empty\" type=\"text\" id=\"avia_9_1\" value=\"\" \/><\/p><p class='  form_element form_element_fourth' id='element_avia_10_1'><label for=\"avia_10_1\">Lieu d\u2019arriv\u00e9e <abbr class=\"required\" title=\"requis(e)\">*<\/abbr><\/label> <input name=\"avia_10_1\" class=\"text_input is_empty\" type=\"text\" id=\"avia_10_1\" value=\"\" \/><\/p><p class='  form_element form_element_fourth' id='element_avia_11_1'><label for=\"avia_11_1\">Quel jour <abbr class=\"required\" title=\"requis(e)\">*<\/abbr><\/label> <input name=\"avia_11_1\" class=\"avia_datepicker text_input is_empty\" type=\"text\" id=\"avia_11_1\" value=\"\" placeholder=\"DD \/ MM \/ YY\" inputmode=\"none\" \/><\/p><p class='  form_element form_element_fourth' id='element_avia_12_1'><label for=\"avia_12_1\">A quelle \u00e9poque <abbr class=\"required\" title=\"requis(e)\">*<\/abbr><\/label> <input name=\"avia_12_1\" class=\"text_input is_empty\" type=\"text\" id=\"avia_12_1\" value=\"\" \/><\/p><p class='  first_form  form_element form_fullwidth' id='element_avia_13_1'><label for=\"avia_13_1\" class=\"textare_label hidden textare_label_avia_13_1\">Demandes sp\u00e9ciales <abbr class=\"required\" title=\"requis(e)\">*<\/abbr><\/label><textarea  name=\"avia_13_1\" class=\"text_area is_empty\" cols=\"40\" rows=\"7\" id=\"avia_13_1\" ><\/textarea><\/p><p class=\"hidden\"><input type=\"text\" name=\"avia_14_1\" class=\"hidden \" id=\"avia_14_1\" value=\"\" \/><\/p><p class='   form_element form_fullwidth' id='element_avia_15_1'><span class='value_verifier_label'>4 + 0 = ?<\/span><input name=\"avia_15_1_verifier\" type=\"hidden\" id=\"avia_15_1_verifier\" value=\"521248424\"\/><label for=\"avia_15_1\">Merci de prouver que vous \u00eates un humain en donnant le r\u00e9sultat de cette op\u00e9ration <abbr class=\"required\" title=\"requis(e)\">*<\/abbr><\/label><input name=\"avia_15_1\" class=\"text_input captcha\" type=\"text\" id=\"avia_15_1\" value=\"\"\/><\/p><p class=\"form_element \"><input type=\"hidden\" value=\"1\" name=\"avia_generated_form1\" \/><input type=\"submit\" value=\"Envoyer\" class=\"button\"  data-sending-label=\"Envoi\"\/><\/p><\/fieldset><\/form><div id=\"ajaxresponse_1\" class=\"ajaxresponse ajaxresponse_1 hidden\"><\/div><br \/>\n<section  class='av_textblock_section av-m86czwax-de1a1ef1117286b35d37f4a07edafef2 '   itemscope=\"itemscope\" itemtype=\"https:\/\/schema.org\/CreativeWork\" ><div class='avia_textblock'  itemprop=\"text\" ><p style=\"text-align: center;\">Vos donn\u00e9es personnelles sont transmises via une connexion s\u00e9curis\u00e9e. Les dispositions l\u00e9gales en mati\u00e8re de protection des donn\u00e9es sont bien entendu respect\u00e9es. Pour en savoir plus \u00e0 ce sujet, consultez notre politique de confidentialit\u00e9.<\/p>\n<\/div><\/section><\/p><\/div>\n","protected":false},"excerpt":{"rendered":"","protected":false},"author":1,"featured_media":0,"parent":0,"menu_order":0,"comment_status":"closed","ping_status":"closed","template":"","meta":{"footnotes":""},"class_list":["post-10106","page","type-page","status-publish","hentry"],"_links":{"self":[{"href":"https:\/\/moby-port.com\/fr\/wp-json\/wp\/v2\/pages\/10106","targetHints":{"allow":["GET"]}}],"collection":[{"href":"https:\/\/moby-port.com\/fr\/wp-json\/wp\/v2\/pages"}],"about":[{"href":"https:\/\/moby-port.com\/fr\/wp-json\/wp\/v2\/types\/page"}],"author":[{"embeddable":true,"href":"https:\/\/moby-port.com\/fr\/wp-json\/wp\/v2\/users\/1"}],"replies":[{"embeddable":true,"href":"https:\/\/moby-port.com\/fr\/wp-json\/wp\/v2\/comments?post=10106"}],"version-history":[{"count":0,"href":"https:\/\/moby-port.com\/fr\/wp-json\/wp\/v2\/pages\/10106\/revisions"}],"wp:attachment":[{"href":"https:\/\/moby-port.com\/fr\/wp-json\/wp\/v2\/media?parent=10106"}],"curies":[{"name":"wp","href":"https:\/\/api.w.org\/{rel}","templated":true}]}}