{"id":10003,"date":"2025-03-03T12:46:38","date_gmt":"2025-03-03T11:46:38","guid":{"rendered":"https:\/\/moby-port.com\/?page_id=10003"},"modified":"2025-03-12T07:02:48","modified_gmt":"2025-03-12T06:02:48","slug":"charte-de-jet-prive","status":"publish","type":"page","link":"https:\/\/moby-port.com\/fr\/charte-de-jet-prive\/","title":{"rendered":"Charte de jet priv\u00e9"},"content":{"rendered":"\n<style type=\"text\/css\" data-created_by=\"avia_inline_auto\" id=\"style-css-av-av_section-d75ba991664383645638536dab0638fe\">\n.avia-section.av-av_section-d75ba991664383645638536dab0638fe{\nbackground-color:#ffffff;\nbackground-image:unset;\n}\n<\/style>\n<div id='av_section_1'  class='avia-section av-av_section-d75ba991664383645638536dab0638fe main_color avia-section-default avia-no-border-styling  avia-builder-el-0  avia-builder-el-no-sibling  avia-bg-style-scroll av-minimum-height av-minimum-height-70 av-height-percent  av-section-with-video-bg container_wrap sidebar_right'   data-av_minimum_height_pc='70' data-av_min_height_opt='percent' data-section-video-ratio='16:9'><div  class='avia-slideshow av_slideshow_obj-1-69e3c3b929e96 avia-slideshow-featured av_slideshow avia-slide-slider av-slideshow-ui av-control-default av-slideshow-manual av-loop-once av-loop-manual-endless av-default-height-applied  av-section-video-bg avia-slideshow-1' data-slideshow-options=\"{&quot;animation&quot;:&quot;slide&quot;,&quot;autoplay&quot;:false,&quot;loop_autoplay&quot;:&quot;once&quot;,&quot;interval&quot;:5,&quot;loop_manual&quot;:&quot;manual-endless&quot;,&quot;autoplay_stopper&quot;:false,&quot;noNavigation&quot;:false,&quot;bg_slider&quot;:false,&quot;keep_padding&quot;:false,&quot;hoverpause&quot;:false,&quot;show_slide_delay&quot;:0}\"  itemprop=\"image\" itemscope=\"itemscope\" itemtype=\"https:\/\/schema.org\/ImageObject\" ><ul class='avia-slideshow-inner ' style='padding-bottom: 28.666666666667%;'><li  data-controls='disabled' data-mute='aviaTBaviaTBvideo_mute' data-loop='1' data-disable-autoplay=''  data-video-ratio='1.7777777777778' class='avia-slideshow-slide av_slideshow_obj-1-69e3c3b929e96__0  av-video-slide  av-video-service-html5  av-hide-video-controls av-mute-video av-loop-video  av-single-slide slide-1 slide-odd'><div data-rel='slideshow-1' class='avia-slide-wrap '    itemprop=\"video\" itemtype=\"https:\/\/schema.org\/VideoObject\" ><div class='av-click-overlay'><\/div><video class='avia_video'  autoplay playsinline loop preload=\"metadata\" muted  id='player_10003_400370012_1061823420'><source src=\"https:\/\/moby-port.com\/wp-content\/uploads\/2025\/03\/Jet-Privat.mp4\" type=\"video\/mp4\" \/><\/video><div class=\"av-click-to-play-overlay\"><div class=\"avia_playpause_icon\"><\/div><\/div><\/div><\/li><\/ul><\/div><div class='container av-section-cont-open' ><main  role=\"main\" itemprop=\"mainContentOfPage\"  class='template-page content  av-content-small alpha units'><div class='post-entry post-entry-type-page post-entry-10003'><div class='entry-content-wrapper clearfix'>\n\n<style type=\"text\/css\" data-created_by=\"avia_inline_auto\" id=\"style-css-av-m85zqqmv-6faf1430a095a5c713906a926fa4dcff\">\n#top .av-special-heading.av-m85zqqmv-6faf1430a095a5c713906a926fa4dcff{\npadding-bottom:10px;\ncolor:#ffffff;\n}\nbody .av-special-heading.av-m85zqqmv-6faf1430a095a5c713906a926fa4dcff .av-special-heading-tag .heading-char{\nfont-size:25px;\n}\n.av-special-heading.av-m85zqqmv-6faf1430a095a5c713906a926fa4dcff .special-heading-inner-border{\nborder-color:#ffffff;\n}\n.av-special-heading.av-m85zqqmv-6faf1430a095a5c713906a926fa4dcff .av-subheading{\nfont-size:15px;\n}\n<\/style>\n<div  class='av-special-heading av-m85zqqmv-6faf1430a095a5c713906a926fa4dcff av-special-heading-h1 custom-color-heading blockquote classic-quote  avia-builder-el-1  el_before_av_hr  avia-builder-el-first  av-linked-heading'><h1 class='av-special-heading-tag '  itemprop=\"headline\"  >Charte de jet priv\u00e9<\/h1><div class=\"special-heading-border\"><div class=\"special-heading-inner-border\"><\/div><\/div><\/div>\n<div  class='hr av-av_hr-bee3e0d805873ac154ce0cd1251acf1b hr-short  avia-builder-el-2  el_after_av_heading  el_before_av_one_fourth  hr-center'><span class='hr-inner '><span class=\"hr-inner-style\"><\/span><\/span><\/div>\n<div  class='flex_column av-av_one_fourth-a2cef933b0a555f25d1e39b22a8e9dae av_one_fourth  avia-builder-el-3  el_after_av_hr  el_before_av_one_half  first flex_column_div  '     ><\/div>\n<style type=\"text\/css\" data-created_by=\"avia_inline_auto\" id=\"style-css-av-av_one_half-c94cef227f8392b465345b114b0f8dd8\">\n.flex_column.av-av_one_half-c94cef227f8392b465345b114b0f8dd8{\nborder-radius:5px 5px 5px 5px;\npadding:30px 30px 30px 30px;\nbackground-color:rgba(0,0,0,0.45);\n}\n<\/style>\n<div  class='flex_column av-av_one_half-c94cef227f8392b465345b114b0f8dd8 av_one_half  avia-builder-el-4  el_after_av_one_fourth  el_before_av_one_fourth  flex_column_div  '     ><p>\n<style type=\"text\/css\" data-created_by=\"avia_inline_auto\" id=\"style-css-av-m85zqb34-8e24bc6b27976170f93acb6152698187\">\n#top .av_textblock_section.av-m85zqb34-8e24bc6b27976170f93acb6152698187 .avia_textblock{\nfont-size:15px;\ncolor:#ffffff;\n}\n<\/style>\n<section  class='av_textblock_section av-m85zqb34-8e24bc6b27976170f93acb6152698187 '   itemscope=\"itemscope\" itemtype=\"https:\/\/schema.org\/CreativeWork\" ><div class='avia_textblock av_inherit_color'  itemprop=\"text\" ><p>Nous combinons individualit\u00e9, rapidit\u00e9 et flexibilit\u00e9 et vous amenons directement \u00e0 destination sans d\u00e9tours !<\/p>\n<p>Vos avantages lorsque vous voyagez avec nous<\/p>\n<ul>\n<li>Courtes distances entre votre v\u00e9hicule et le jet ou l&#8217;h\u00e9licopt\u00e8re via le terminal de l&#8217;aviation g\u00e9n\u00e9rale<\/li>\n<li>Pas de files d&#8217;attente aux contr\u00f4les de s\u00e9curit\u00e9 et \u00e0 l&#8217;enregistrement<\/li>\n<li>R\u00e9duction des contacts par rapport au s\u00e9jour habituel \u00e0 l&#8217;a\u00e9roport<\/li>\n<li>D\u00e9tente au salon VIP<\/li>\n<li>Transfert direct vers votre jet et\/ou h\u00e9licopt\u00e8re<\/li>\n<li>Gagnez un temps pr\u00e9cieux tout au long du voyage<\/li>\n<\/ul>\n<p>Planifiez avec la certitude que nous r\u00e9pondrons toujours avec flexibilit\u00e9 \u00e0 vos besoins individuels.<\/p>\n<p>Le haut niveau de qualit\u00e9 garantit que vous ne manquerez de rien \u00e0 bord. \u00c0 chaque vol, nous vous proposons notre service \u00e9prouv\u00e9, nos divertissements et notre restauration \u2013 \u00e9galement avec nos partenaires de jets dans le monde entier, adapt\u00e9s \u00e0 vos besoins\u00a0!<\/p>\n<\/div><\/section><br \/>\n<div  class='avia-button-wrap avia-button-center  avia-builder-el-6  el_after_av_textblock  avia-builder-el-last '>\n<style type=\"text\/css\" data-created_by=\"avia_inline_auto\" id=\"style-css-av-m85zoxwz-ea9a5eb47a14e413465d407ec958d5d3\">\n#top #wrap_all .avia-button.av-m85zoxwz-ea9a5eb47a14e413465d407ec958d5d3{\nfont-size:14px;\n}\n#top #wrap_all .avia-button.av-m85zoxwz-ea9a5eb47a14e413465d407ec958d5d3:hover{\nbackground-color:grey;\ncolor:white;\ntransition:all 0.4s ease-in-out;\n}\n#top #wrap_all .avia-button.av-m85zoxwz-ea9a5eb47a14e413465d407ec958d5d3:hover .avia-svg-icon svg:first-child{\nfill:white;\nstroke:white;\n}\n<\/style>\n<a href='https:\/\/moby-port.com\/fr\/demande-de-charte\/' class='avia-color-light avia-font-color-theme-color avia-button avia-button-fullwidth av-m85zoxwz-ea9a5eb47a14e413465d407ec958d5d3 avia-icon_select-no avia-color-light'   aria-label=\"Demande de charte\"><span class='avia_iconbox_title' >Demande de charte<\/span><\/a><\/div><\/p><\/div><div  class='flex_column av-av_one_fourth-538dd737667e19053994a94b9156413b av_one_fourth  avia-builder-el-7  el_after_av_one_half  avia-builder-el-last  flex_column_div  '     ><\/div><\/div><\/div><\/main><!-- close content main element --><\/div><\/div><div id='after_section_1'  class='main_color av_default_container_wrap container_wrap sidebar_right'  ><div class='container av-section-cont-open' ><div class='template-page content  av-content-small alpha units'><div class='post-entry post-entry-type-page post-entry-10003'><div class='entry-content-wrapper clearfix'>\n","protected":false},"excerpt":{"rendered":"","protected":false},"author":1,"featured_media":0,"parent":0,"menu_order":0,"comment_status":"closed","ping_status":"closed","template":"","meta":{"footnotes":""},"class_list":["post-10003","page","type-page","status-publish","hentry"],"_links":{"self":[{"href":"https:\/\/moby-port.com\/fr\/wp-json\/wp\/v2\/pages\/10003","targetHints":{"allow":["GET"]}}],"collection":[{"href":"https:\/\/moby-port.com\/fr\/wp-json\/wp\/v2\/pages"}],"about":[{"href":"https:\/\/moby-port.com\/fr\/wp-json\/wp\/v2\/types\/page"}],"author":[{"embeddable":true,"href":"https:\/\/moby-port.com\/fr\/wp-json\/wp\/v2\/users\/1"}],"replies":[{"embeddable":true,"href":"https:\/\/moby-port.com\/fr\/wp-json\/wp\/v2\/comments?post=10003"}],"version-history":[{"count":0,"href":"https:\/\/moby-port.com\/fr\/wp-json\/wp\/v2\/pages\/10003\/revisions"}],"wp:attachment":[{"href":"https:\/\/moby-port.com\/fr\/wp-json\/wp\/v2\/media?parent=10003"}],"curies":[{"name":"wp","href":"https:\/\/api.w.org\/{rel}","templated":true}]}}